{"id":978,"date":"2017-09-15T22:35:29","date_gmt":"2017-09-15T20:35:29","guid":{"rendered":"http:\/\/grafmoehring.de\/letter-fit\/?page_id=978"},"modified":"2021-03-16T13:48:34","modified_gmt":"2021-03-16T12:48:34","slug":"projekt-patenschaften","status":"publish","type":"page","link":"https:\/\/letter-fit.de\/letterfit\/index.php\/projekt-patenschaften\/","title":{"rendered":"Projekt Patenschaften 2006"},"content":{"rendered":"<p class=\"bodytext\">Die Lebensqualit\u00e4t und Lebendigkeit eines Stadtteils steht und f\u00e4llt mit der Bereitschaft von Menschen, sich f\u00fcr ihre Mitmenschen einzusetzen. Wer in der Fremde Hilfe und Solidarit\u00e4t erf\u00e4hrt, f\u00fchlt sich schnell zu Hause. Wer sich zu Hause f\u00fchlt, hat einen wichtigen Grund, sich ebenfalls f\u00fcr diesen Ort und die Allgemeinheit zu engagieren.<\/p>\n<p class=\"bodytext\">Das Projekt Patenschaften &#8222;Miteinander-F\u00fcreinander&#8220; will einen gleichberechtigten Umgang und ein gutes soziales Miteinander zwischen alteingesessenen und neuzugezogenen&nbsp; B\u00fcrgerinnen und B\u00fcrgern in Letter f\u00f6rdern. Gegenseitige Vorurteile sollen&nbsp; abgebaut und das Gemeinschaftsgef\u00fchl und die sozialen Netzwerke in Letter gest\u00e4rkt werden.<\/p>\n<p class=\"bodytext\">Im Rahmen des Projekts soll neuzugezogenen B\u00fcrgerinnen und B\u00fcrgern das Ankommen im neuen Stadtteil erleichtert werden. Es werden engagierte Menschen gesucht, die bereit sind, die Patenschaft f\u00fcr eine Person oder Familie \u00fcbernehmen. Der Verein Letter-fit: Miteinander-F\u00fcrein\u00adan\u00adder stellt den Kontakt zwischen Ehren\u00ad\u00adamtlichen und Hilfesuchenden her und unterst\u00fctzt die Patinnen und Paten bei Ihrer Arbeit. F\u00fcr die Mitarbeit sind keine speziellen Kenntnisse erforderlich. Die M\u00f6glichkeiten der ehrenamtlichen Mithilfe sind vielf\u00e4ltig.<\/p>\n<h1 class=\"csc-firstHeader\">Neu in Letter? Herzlich Willkommen<\/h1>\n<div class=\"csc-textpic csc-textpic-intext-right\">\n<div class=\"csc-textpic-imagewrap\">\n<dl class=\"csc-textpic-image csc-textpic-firstcol csc-textpic-lastcol\">\n<dt><img loading=\"lazy\" decoding=\"async\" src=\"http:\/\/letter-fit.de\/uploads\/pics\/patenschaften_04.jpg\" alt=\"\" width=\"250\" height=\"166\" border=\"0\"><\/dt>\n<dd class=\"csc-textpic-caption\"><\/dd>\n<\/dl>\n<\/div>\n<div class=\"csc-textpic-text\">\n<p class=\"bodytext\">Mit dem Umzug in eine neue Stadt ergeben sich viele gro\u00dfe und kleine Probleme:<br \/>\nWo ist der n\u00e4chste Supermarkt?<br \/>\nWelcher Arzt betreut mich am Besten?<br \/>\nWie gehe ich mit Beh\u00f6rden um?<\/p>\n<p class=\"bodytext\">Das Einleben kostet Zeit und Kraft, die neuen Nachbarn bleiben unbekannt. Mit der Aktion Patenschaften &#8222;Miteinander- F\u00fcreinander&#8220; k\u00f6nnen Sie das \u00e4ndern! Hier treffen Sie Alteingesessene, die Ihnen mit Rat und Tat helfen, diese H\u00fcrden zu meistern. Kn\u00fcpfen Sie Kontakte, um das Leben in&nbsp; Ihrem Stadtteil aktiv zu gestalten. Neu? Ja. Fremd? Nein!<\/p>\n<p>Das Angebot ist vielf\u00e4ltig und kostenlos.<br \/>\nDer Verein Letter &#8211; fit: Miteinander F\u00fcreinander vermittelt Kontakt zu ehrenamtlich engagierten Mitb\u00fcrgerinnen und Mitb\u00fcrgern.<\/p>\n<p>Um uns kennenzulernen und sich zu informieren kommen Sie Mittwochs zwischen 15.30 und 17.30 Uhr zum Kaffee in den Letter-Treff, Kirchstra\u00dfe 3<\/p>\n<\/div>\n<div class=\"csc-header csc-header-n1\">\n<h1 class=\"csc-firstHeader\">Helfen auch Sie in Letter?<\/h1>\n<\/div>\n<div class=\"csc-textpic csc-textpic-intext-right\">\n<div class=\"csc-textpic-imagewrap\">\n<dl class=\"csc-textpic-image csc-textpic-firstcol csc-textpic-lastcol\">\n<dt><img loading=\"lazy\" decoding=\"async\" src=\"http:\/\/letter-fit.de\/uploads\/pics\/patenschaften_05.jpg\" alt=\"\" width=\"250\" height=\"166\" border=\"0\"><\/dt>\n<dd class=\"csc-textpic-caption\"><\/dd>\n<\/dl>\n<\/div>\n<div class=\"csc-textpic-text\">\n<p class=\"bodytext\">Machen Sie ihre Nachbarschaft lebendig!<br \/>\nDas Projekt Patenschaften &#8222;Miteinander-F\u00fcreinander&#8220; bringt Alteingesessene und Zugezogene zusammen! Unterst\u00fctzen Sie Neub\u00fcrger\/innen bei ihrem&nbsp; Start in Letter!<\/p>\n<p class=\"bodytext\">Vom einfachen Besuch bis zum Beh\u00f6rdengang, vom Einkaufstipp zur Kinderbetreuung -Ihr Engagement z\u00e4hlt, jede Hilfe ist gefragt. F\u00fcreinander da sein &#8211; Miteinander Nachbarschaft gestalten. Gemeinsam f\u00fcr mehr Lebensqualit\u00e4t in IHREM Stadtteil.<\/p>\n<p>Die M\u00f6glichkeiten der ehrenamtlichen Hilfe sind vielf\u00e4ltig.<br \/>\nDer Verein Letter-fit: Miteinander-F\u00fcreinander vermittelt den Kontakt zwischen Helfenden und Neub\u00fcrger\/innen und unterst\u00fctzt die Ehrenamtlichen bei Ihrer Arbeit.<\/p>\n<p>F\u00fcr ein pers\u00f6nliches Engagement sind keine speziellen Kenntnisse erforderlich.<\/p>\n<p>Machen Sie mit!<br \/>\nWeitere Informationen erhalten Sie im Letter-fit-Treff Mittwochs von 15.30-17.30 Uhr im Letter-Treff, Kirchstra\u00dfe.<\/p>\n<\/div>\n<\/div>\n<\/div>\n","protected":false},"excerpt":{"rendered":"<p>Die Lebensqualit\u00e4t und Lebendigkeit eines Stadtteils steht und f\u00e4llt mit der Bereitschaft von Menschen, sich f\u00fcr ihre Mitmenschen einzusetzen. Wer in der Fremde Hilfe und Solidarit\u00e4t erf\u00e4hrt, f\u00fchlt sich schnell zu Hause. Wer sich zu Hause f\u00fchlt, hat einen wichtigen Grund, sich ebenfalls f\u00fcr diesen Ort und die Allgemeinheit zu engagieren. Das Projekt Patenschaften &#8222;Miteinander-F\u00fcreinander&#8220; &hellip; <\/p>\n<p class=\"link-more\"><a href=\"https:\/\/letter-fit.de\/letterfit\/index.php\/projekt-patenschaften\/\" class=\"more-link\"><span class=\"screen-reader-text\">\u201eProjekt Patenschaften 2006\u201c <\/span>weiterlesen<\/a><\/p>\n","protected":false},"author":1,"featured_media":0,"parent":0,"menu_order":0,"comment_status":"closed","ping_status":"closed","template":"","meta":{"footnotes":""},"class_list":["post-978","page","type-page","status-publish","hentry"],"post_mailing_queue_ids":[],"_links":{"self":[{"href":"https:\/\/letter-fit.de\/letterfit\/index.php\/wp-json\/wp\/v2\/pages\/978","targetHints":{"allow":["GET"]}}],"collection":[{"href":"https:\/\/letter-fit.de\/letterfit\/index.php\/wp-json\/wp\/v2\/pages"}],"about":[{"href":"https:\/\/letter-fit.de\/letterfit\/index.php\/wp-json\/wp\/v2\/types\/page"}],"author":[{"embeddable":true,"href":"https:\/\/letter-fit.de\/letterfit\/index.php\/wp-json\/wp\/v2\/users\/1"}],"replies":[{"embeddable":true,"href":"https:\/\/letter-fit.de\/letterfit\/index.php\/wp-json\/wp\/v2\/comments?post=978"}],"version-history":[{"count":5,"href":"https:\/\/letter-fit.de\/letterfit\/index.php\/wp-json\/wp\/v2\/pages\/978\/revisions"}],"predecessor-version":[{"id":2561,"href":"https:\/\/letter-fit.de\/letterfit\/index.php\/wp-json\/wp\/v2\/pages\/978\/revisions\/2561"}],"wp:attachment":[{"href":"https:\/\/letter-fit.de\/letterfit\/index.php\/wp-json\/wp\/v2\/media?parent=978"}],"curies":[{"name":"wp","href":"https:\/\/api.w.org\/{rel}","templated":true}]}}