{"id":975,"date":"2017-09-15T22:31:22","date_gmt":"2017-09-15T20:31:22","guid":{"rendered":"http:\/\/grafmoehring.de\/letter-fit\/?page_id=975"},"modified":"2017-10-13T20:06:22","modified_gmt":"2017-10-13T18:06:22","slug":"broschuere-2006","status":"publish","type":"page","link":"https:\/\/letter-fit.de\/letterfit\/index.php\/broschuere-2006\/","title":{"rendered":"Brosch\u00fcre 2006"},"content":{"rendered":"<div class=\"csc-header csc-header-n1\">\n<h1 class=\"csc-firstHeader\">Was ist los in Letter?<\/h1>\n<\/div>\n<p class=\"bodytext\">Ziel der Brosch\u00fcre ist es,\u00a0\u00fcber Angebote in Letter\u00a0zu informieren und zum Aktiv-werden anzuregen. Das Heft soll unter anderem dazu beitragen, da\u00df neu Zugezogene sich schneller und leichter in Letter zurechtfinden und einleben k\u00f6nnen.<\/p>\n<p class=\"bodytext\">Im Hauptteil befindet sich die Darstellung der Vereine und Gruppen, sortiert nach Rubriken. Die Vereine, Verb\u00e4nde, Initiativen und Gruppen haben jeweils selbst eine Rubrik angegeben, der sie sich mit dem Schwerpunkt ihrer hier vorgestellten Angebote zuordnen.<\/p>\n<p class=\"bodytext\">Es schlie\u00dft sich eine Adre\u00dfliste mit Adressen an, die wir bei unterschiedlichen Problemen f\u00fcr hilfreich halten. Verschiedene Register am Ende erm\u00f6glichen Ihnen gezieltes Nachschlagen.<\/p>\n<p class=\"bodytext\">Diese Brosch\u00fcre ist ein Projekt im Rahmen der Programme \u201eSoziale Stadt &#8211; Letter-Fit f\u00fcr die Zukunft\u201c und \u201eLokales Kapital f\u00fcr soziale Zwecke\u201c (LOS), gef\u00f6rdert vom Europ\u00e4ischen Sozialfonds und dem Bundesministerium f\u00fcr Familie, Senioren, Frauen und Jugend.<\/p>\n<div class=\"csc-header csc-header-n2\">\n<h1>Wie komme ich an, wie in die Brosch\u00fcre?<\/h1>\n<\/div>\n<p class=\"bodytext\">Brosch\u00fcre steht zum Download: <a class=\"download\" title=\"Initiates file download\" href=\"http:\/\/letter-fit.de\/fileadmin\/user_upload\/PDF\/Was_ist_los_in_Letter.pdf\" target=\"page\">PDF-Datei 1.1 MB<\/a><\/p>\n<p class=\"bodytext\">Wer nicht in der ersten Version der Brosch\u00fcre enthalten ist, aber sich gerne Darstellen m\u00f6chte kann dies mit folgendem Formular tun: <a title=\"Opens internal link in current window\" href=\"http:\/\/letter-fit.de\/fileadmin\/user_upload\/PDF\/Formular.rtf\" target=\"page\">Formular Word<\/a><\/p>\n<p class=\"bodytext\">Hier finden Sie Erl\u00e4uterungen zum Ausf\u00fcllen des Formulars: <a class=\"download\" title=\"Initiates file download\" href=\"http:\/\/letter-fit.de\/fileadmin\/user_upload\/PDF\/Erlaeuterungen.pdf\" target=\"page\">Erl\u00e4uterungen<\/a>.<\/p>\n<p class=\"bodytext\">Zun\u00e4chst wird es keine neue Printversion der Brosch\u00fcre geben. Im Internet werden wir die Erg\u00e4nzungen aber aufnehmen.<\/p>\n<div class=\"csc-header csc-header-n3\">\n<h1>Verteilung der Brosch\u00fcre<\/h1>\n<\/div>\n<p class=\"bodytext\">Wer in seinem Gesch\u00e4ft oder Verein die Brosch\u00fcre auslegen m\u00f6chte oder eine Brosch\u00fcre zum Eigengebrauch f\u00fcr sich und Freunde, Verwandte, Nachbarn\u00a0haben m\u00f6chte, erh\u00e4lt die Brosch\u00fcren im Letter-Treff, Kirchstra\u00dfe 3 zu den \u00d6ffnungszeiten, auf jeden Fall Mittwochnachmittag.<\/p>\n","protected":false},"excerpt":{"rendered":"<p>Was ist los in Letter? Ziel der Brosch\u00fcre ist es,\u00a0\u00fcber Angebote in Letter\u00a0zu informieren und zum Aktiv-werden anzuregen. Das Heft soll unter anderem dazu beitragen, da\u00df neu Zugezogene sich schneller und leichter in Letter zurechtfinden und einleben k\u00f6nnen. Im Hauptteil befindet sich die Darstellung der Vereine und Gruppen, sortiert nach Rubriken. Die Vereine, Verb\u00e4nde, Initiativen &hellip; <\/p>\n<p class=\"link-more\"><a href=\"https:\/\/letter-fit.de\/letterfit\/index.php\/broschuere-2006\/\" class=\"more-link\"><span class=\"screen-reader-text\">\u201eBrosch\u00fcre 2006\u201c <\/span>weiterlesen<\/a><\/p>\n","protected":false},"author":1,"featured_media":0,"parent":0,"menu_order":0,"comment_status":"closed","ping_status":"closed","template":"","meta":{"footnotes":""},"class_list":["post-975","page","type-page","status-publish","hentry"],"post_mailing_queue_ids":[],"_links":{"self":[{"href":"https:\/\/letter-fit.de\/letterfit\/index.php\/wp-json\/wp\/v2\/pages\/975","targetHints":{"allow":["GET"]}}],"collection":[{"href":"https:\/\/letter-fit.de\/letterfit\/index.php\/wp-json\/wp\/v2\/pages"}],"about":[{"href":"https:\/\/letter-fit.de\/letterfit\/index.php\/wp-json\/wp\/v2\/types\/page"}],"author":[{"embeddable":true,"href":"https:\/\/letter-fit.de\/letterfit\/index.php\/wp-json\/wp\/v2\/users\/1"}],"replies":[{"embeddable":true,"href":"https:\/\/letter-fit.de\/letterfit\/index.php\/wp-json\/wp\/v2\/comments?post=975"}],"version-history":[{"count":1,"href":"https:\/\/letter-fit.de\/letterfit\/index.php\/wp-json\/wp\/v2\/pages\/975\/revisions"}],"predecessor-version":[{"id":976,"href":"https:\/\/letter-fit.de\/letterfit\/index.php\/wp-json\/wp\/v2\/pages\/975\/revisions\/976"}],"wp:attachment":[{"href":"https:\/\/letter-fit.de\/letterfit\/index.php\/wp-json\/wp\/v2\/media?parent=975"}],"curies":[{"name":"wp","href":"https:\/\/api.w.org\/{rel}","templated":true}]}}