{"id":909,"date":"2017-09-09T00:32:31","date_gmt":"2017-09-08T22:32:31","guid":{"rendered":"http:\/\/grafmoehring.de\/letter-fit\/?page_id=909"},"modified":"2017-09-15T23:12:43","modified_gmt":"2017-09-15T21:12:43","slug":"protokolle","status":"publish","type":"page","link":"https:\/\/letter-fit.de\/letterfit\/index.php\/protokolle\/","title":{"rendered":"Protokolle"},"content":{"rendered":"<table border=\"0\" width=\"100%\" cellspacing=\"0\" cellpadding=\"0\">\n<tbody>\n<tr>\n<td class=\"bodytext\">\n<div class=\"csc-header csc-header-n1\">\n<h1 class=\"csc-firstHeader\">Protokolle der Gremien Soziale Stadt Letter-fit f\u00fcr die Zukunft<\/h1>\n<\/div>\n<p class=\"bodytext\">Arbeitsgruppe Vereine\/Verb\u00e4nde\/Soziales<br \/>\n(ab M\u00e4rz 2005 Koordinierungskreis Letter-fit)<\/p>\n<p class=\"bodytext\"><a class=\"external-link-new-window\" title=\"\u00d6ffnet einen externen Link in einem neuen Fenster\" href=\"http:\/\/seelze.de\/seelze\/lebenswert\/bauen-wohnen\/letter-fit\/protokolle\/ag-koordinierungskreis\/\" target=\"_blank\" rel=\"noopener\">Koordinierungskreis Letter-fit<\/a><br \/>\naktuelles: <a class=\"download\" title=\"Startet den Datei-Download\" href=\"http:\/\/letter-fit.de\/fileadmin\/user_upload\/protokolle_ag1\/ProtokollNr.1-2008_KoKr.pdf\" target=\"page\">Januar 2008<\/a><\/p>\n<p class=\"bodytext\"><a class=\"external-link-new-window\" title=\"\u00d6ffnet einen externen Link in einem neuen Fenster\" href=\"http:\/\/seelze.de\/seelze\/lebenswert\/bauen-wohnen\/letter-fit\/protokolle\/ag-ortszentrum-letter\/\" target=\"_blank\" rel=\"noopener\">Arbeitsgruppe Ortszentrum Letter<br \/>\n<\/a>(vorher ZFK, AgLOS)<\/p>\n<p class=\"bodytext\"><a class=\"external-link-new-window\" title=\"\u00d6ffnet einen externen Link in einem neuen Fenster\" href=\"http:\/\/seelze.de\/seelze\/lebenswert\/bauen-wohnen\/letter-fit\/protokolle\/\" target=\"_blank\" rel=\"noopener\">sonstige Protokolle<\/a><\/p>\n<p class=\"bodytext\">auf den folgenden Seiten finden Sie Erg\u00e4nzungen zu den oben aufgef\u00fchrten Protokollen.<\/p>\n<p>&nbsp;<\/p>\n<div class=\"csc-header csc-header-n1\">\n<h1 class=\"csc-firstHeader\">Protokolle Koordinierungskreis 2008<\/h1>\n<\/div>\n<p class=\"bodytext\"><a class=\"download\" title=\"Startet den Datei-Download\" href=\"http:\/\/letter-fit.de\/fileadmin\/user_upload\/protokolle_ag1\/antwort_aufloesung.pdf\" target=\"page\">Antwort der AG darauf (25.3.08)<\/a>\u00a0\u00a0\u00a0\u00a0\u00a0\u00a0\u00a0\u00a0\u00a0\u00a0\u00a0<a class=\"download\" title=\"Startet den Datei-Download\" href=\"http:\/\/letter-fit.de\/fileadmin\/user_upload\/protokolle_ag1\/werner_kokr_22.4.08.jpg\" target=\"page\"> Schreiben der Stadt (22.4.08)<\/a><\/p>\n<p class=\"bodytext\"><a class=\"download\" title=\"Startet den Datei-Download\" href=\"http:\/\/letter-fit.de\/fileadmin\/user_upload\/protokolle_ag1\/aufloesung_AG.jpg\" target=\"page\">Schreiben der Stadt zur Aufl\u00f6sung der AG (11.3.08)<\/a><\/p>\n<p class=\"bodytext\"><a class=\"download\" title=\"Startet den Datei-Download\" href=\"http:\/\/letter-fit.de\/fileadmin\/user_upload\/protokolle_ag1\/ProtokollNr.2-2008_KoKr.pdf\" target=\"page\">M\u00e4rz\u00a02008<\/a><\/p>\n<p class=\"bodytext\"><a class=\"download\" title=\"Startet den Datei-Download\" href=\"http:\/\/letter-fit.de\/fileadmin\/user_upload\/protokolle_ag1\/ProtokollNr.1-2008_KoKr.pdf\" target=\"page\">Februar\u00a02008<\/a>\u00a0\u00a0\u00a0(von Mitgliedern der AG genehmigt)<\/p>\n<p class=\"bodytext\"><a class=\"download\" title=\"Startet den Datei-Download\" href=\"http:\/\/letter-fit.de\/fileadmin\/user_upload\/Historie\/Antwortbrief_Werner_22.2.08.pdf\" target=\"page\">Antwort Stadt vom 22.2.08<\/a> (am 10.2.08 um Stellungnahme gebeten<br \/>\nbis\u00a015.2.08,<br \/>\nProtokoll\u00a0\u00a0ver\u00f6ffentlicht am 20.2.08)<\/p>\n<div class=\"csc-header csc-header-n2\">\n<h1>Protokolle Koordinierungkeis 2007<\/h1>\n<\/div>\n<p class=\"bodytext\"><a class=\"download\" title=\"Startet den Datei-Download\" href=\"http:\/\/letter-fit.de\/fileadmin\/user_upload\/protokolle_ag1\/ProtokollNr.11-2007KoKr.pdf\" target=\"page\">Dezember 2007<\/a><\/p>\n<p class=\"bodytext\"><a class=\"download\" title=\"Startet den Datei-Download\" href=\"http:\/\/letter-fit.de\/fileadmin\/user_upload\/protokolle_ag1\/ProtokollNr.10-2007KoKr.pdf\" target=\"page\">November 2007<\/a><\/p>\n<p class=\"bodytext\"><a class=\"download\" title=\"Startet den Datei-Download\" href=\"http:\/\/letter-fit.de\/fileadmin\/user_upload\/protokolle_ag1\/ProtokollNr.9-2007KoKr.pdf\" target=\"page\">Oktober 2007<\/a><\/p>\n<p class=\"bodytext\"><a class=\"download\" title=\"Startet den Datei-Download\" href=\"http:\/\/letter-fit.de\/fileadmin\/user_upload\/protokolle_ag1\/ProtokollNr8-2007.KoKr.doc.pdf\" target=\"page\">September\u00a02007<\/a><\/p>\n<p class=\"bodytext\"><a class=\"download\" title=\"Startet den Datei-Download\" href=\"http:\/\/letter-fit.de\/fileadmin\/user_upload\/protokolle_ag1\/ProtokollNr.7-2007KoKr.pdf\" target=\"page\">Juli 2007<\/a><\/p>\n<p class=\"bodytext\"><a class=\"download\" title=\"Startet den Datei-Download\" href=\"http:\/\/letter-fit.de\/fileadmin\/user_upload\/protokolle_ag1\/ProtokollNr.6-2007KoKr.pdf.pdf\" target=\"page\">Juni 2007<\/a><\/p>\n<p class=\"bodytext\"><a class=\"download\" title=\"Startet den Datei-Download\" href=\"http:\/\/letter-fit.de\/fileadmin\/user_upload\/protokolle_ag1\/ProtokollNr.5-2007KoKr.pdf.pdf\" target=\"page\">Mai 2007<\/a><\/p>\n<p class=\"bodytext\"><a class=\"download\" title=\"Startet den Datei-Download\" href=\"http:\/\/letter-fit.de\/fileadmin\/user_upload\/protokolle_ag1\/ProtokollNr.4-2007KoKr.pdf\" target=\"page\">April 2007<\/a><\/p>\n<p class=\"bodytext\"><a class=\"download\" title=\"Startet den Datei-Download\" href=\"http:\/\/letter-fit.de\/fileadmin\/user_upload\/Protokolle_ag2\/ProtokollNr.3-2007KoKr.pdf\" target=\"page\">M\u00e4rz 2007<\/a><\/p>\n<h1>Protokolle AG Vereine \/ Verb\u00e4nde \/Soziales<\/h1>\n<div class=\"csc-header csc-header-n1\">\n<h1 class=\"csc-firstHeader\">Erg\u00e4nzende Protokolle 2003<\/h1>\n<\/div>\n<p class=\"bodytext\"><a class=\"download\" title=\"Startet den Datei-Download\" href=\"http:\/\/letter-fit.de\/fileadmin\/user_upload\/protokolle_ag1\/Protokoll_der_AG_Vereine.pdf\" target=\"page\">Protokoll Nr. 1<\/a><\/p>\n<p class=\"bodytext\"><a class=\"download\" title=\"Startet den Datei-Download\" href=\"http:\/\/letter-fit.de\/fileadmin\/user_upload\/protokolle_ag1\/Protokoll_der_AG_VereineVerbaende_vom_01.07.03.pdf\" target=\"page\">Protokoll Nr. 2<\/a><\/p>\n<p class=\"bodytext\"><a class=\"download\" title=\"Startet den Datei-Download\" href=\"http:\/\/letter-fit.de\/fileadmin\/user_upload\/protokolle_ag1\/ProtokollNr3_Fr._Scholl.pdf\" target=\"page\">Protokoll Nr. 3<\/a><\/p>\n<p class=\"bodytext\"><a class=\"download\" title=\"Startet den Datei-Download\" href=\"http:\/\/letter-fit.de\/fileadmin\/user_upload\/protokolle_ag1\/ProtokollNr4_Fr._Scholl.pdf\" target=\"page\">Protokoll Nr. 4<\/a><\/p>\n<p class=\"bodytext\"><a class=\"download\" title=\"Startet den Datei-Download\" href=\"http:\/\/letter-fit.de\/fileadmin\/user_upload\/protokolle_ag1\/ProtokollNr5_Fr._Scholl.pdf\" target=\"page\">Protokoll Nr. 5<\/a><\/p>\n<p class=\"bodytext\"><a class=\"download\" title=\"Startet den Datei-Download\" href=\"http:\/\/letter-fit.de\/fileadmin\/user_upload\/protokolle_ag1\/ProtokollNr6_Fr._Scholl.pdf\" target=\"page\">Protokoll Nr. 6<\/a><\/p>\n<div class=\"csc-header csc-header-n2\">\n<h1>\u00dcbersicht Teilnehmende und Inhalte (bis 10\/2005)<\/h1>\n<\/div>\n<p class=\"bodytext\"><a class=\"download\" title=\"Startet den Datei-Download\" href=\"http:\/\/letter-fit.de\/fileadmin\/user_upload\/protokolle_ag1\/ListederTeilnehmendendesAk_VVS.pdf\" target=\"page\">Teilnehmende 2003 bis 02\/2004<\/a><\/p>\n<p class=\"bodytext\"><a class=\"download\" title=\"Startet den Datei-Download\" href=\"http:\/\/letter-fit.de\/fileadmin\/user_upload\/protokolle_ag1\/ListederTeilnehmendendesAk_VVS_Teil2.pdf\" target=\"page\">Teilnehmende 03\/2004 bis 03\/2005<\/a><\/p>\n<p class=\"bodytext\"><a class=\"download\" title=\"Startet den Datei-Download\" href=\"http:\/\/letter-fit.de\/fileadmin\/user_upload\/protokolle_ag1\/inhalt_vvs.pdf\" target=\"page\">Inhalts\u00fcbersicht bis Oktober 2005<\/a><\/p>\n<div class=\"csc-header csc-header-n3\">\n<h1>Sonderdokumente<\/h1>\n<\/div>\n<p class=\"bodytext\"><a class=\"download\" title=\"Startet den Datei-Download\" href=\"http:\/\/letter-fit.de\/fileadmin\/user_upload\/protokolle_ag1\/Protokoll_Spielplatzbegehung_20.12.2003__Fr._Scholl.pdf\" target=\"page\">Spielplatzbegehung<\/a><\/p>\n<p class=\"bodytext\"><a class=\"download\" title=\"Startet den Datei-Download\" href=\"http:\/\/letter-fit.de\/fileadmin\/user_upload\/Antraege_Kommission\/Spielplatz_Zu_Tagesordnungspunkt_4_20040128.pdf\" target=\"page\">Projektantrag Spielplatz<\/a><\/p>\n<p class=\"bodytext\"><a class=\"download\" title=\"Startet den Datei-Download\" href=\"http:\/\/letter-fit.de\/fileadmin\/user_upload\/protokolle_ag1\/Kastanienfest_2003.pdf\" target=\"page\">Kastanienfest 2003<\/a><\/p>\n<p class=\"bodytext\"><a class=\"download\" title=\"Startet den Datei-Download\" href=\"http:\/\/letter-fit.de\/fileadmin\/user_upload\/protokolle_ag1\/Praesentation_Stadtteilforum_2003_11_22.pdf\" target=\"page\">Pr\u00e4sentation Stadtteilforum 2003<\/a><\/p>\n<p class=\"bodytext\"><a class=\"download\" title=\"Startet den Datei-Download\" href=\"http:\/\/letter-fit.de\/fileadmin\/user_upload\/protokolle_ag1\/2.Spielplatzfest13.4.2004.pdf\" target=\"page\">Spielplatzfest 2004<\/a><\/p>\n<h1>Protokolle AG Ortszentrum Letter<\/h1>\n<div class=\"csc-header csc-header-n1\">\n<h1 class=\"csc-firstHeader\">erg\u00e4nzende Protokoll\u00e4nderungsantr\u00e4ge\/Protokolle<\/h1>\n<\/div>\n<p class=\"bodytext\"><a class=\"download\" title=\"Startet den Datei-Download\" href=\"http:\/\/letter-fit.de\/fileadmin\/user_upload\/Protokolle_ag2\/Protokollaenderungen_zu_Protokoll_307.pdf\" target=\"page\">Protokoll\u00e4nderungsantrag zu 03\/07<\/a><\/p>\n<p class=\"bodytext\"><a class=\"download\" title=\"Startet den Datei-Download\" href=\"http:\/\/letter-fit.de\/fileadmin\/user_upload\/Protokolle_ag2\/Protokollaenderungen_zu_Protokoll_207_01.pdf\" target=\"page\">Protokoll\u00e4nderungsantrag zu 02\/07<\/a><\/p>\n<p class=\"bodytext\"><a class=\"download\" title=\"Startet den Datei-Download\" href=\"http:\/\/letter-fit.de\/fileadmin\/user_upload\/Protokolle_ag2\/Anlage_Protokoll_Januar_04.pdf\" target=\"page\">Vorschlag zur Gestaltung Gerhart-Hauptmann-Stra\u00dfe\/ Focus Spielplatz<\/a><\/p>\n<p class=\"bodytext\"><a class=\"download\" title=\"Startet den Datei-Download\" href=\"http:\/\/letter-fit.de\/fileadmin\/user_upload\/Protokolle_ag2\/Protokoll_2005_06_15_Anmerkungen.pdf\" target=\"page\">Anmerkungen zum Protokoll 05\/2005<\/a><\/p>\n<p class=\"bodytext\"><a class=\"download\" title=\"Startet den Datei-Download\" href=\"http:\/\/letter-fit.de\/fileadmin\/user_upload\/Protokolle_ag2\/Protokoll_05-07-13_6-05_akt.pdf\" target=\"page\">Protokoll 06\/2005 mit \u00c4nderungsantr\u00e4gen<\/a><\/p>\n<p class=\"bodytext\">\n<div class=\"csc-header csc-header-n2\">\n<h1>\u00dcbersicht Teilnehmende und Inhalte (bis Oktober 2005)<\/h1>\n<\/div>\n<p class=\"bodytext\"><a class=\"download\" title=\"Startet den Datei-Download\" href=\"http:\/\/letter-fit.de\/fileadmin\/user_upload\/Protokolle_ag2\/ListederTN_ZfK_2003.pdf\" target=\"page\">Liste der Teilnehmenden 2003<\/a><\/p>\n<p class=\"bodytext\"><a class=\"download\" title=\"Startet den Datei-Download\" href=\"http:\/\/letter-fit.de\/fileadmin\/user_upload\/Protokolle_ag2\/ListederTN_ZfK_2004.pdf\" target=\"page\">Liste der Teilnehmenden 2004<\/a><\/p>\n<p class=\"bodytext\"><a class=\"download\" title=\"Startet den Datei-Download\" href=\"http:\/\/letter-fit.de\/fileadmin\/user_upload\/Protokolle_ag2\/ListederTN_ZfK_2005.pdf\" target=\"page\">Liste der Teilnehmenden 2005<\/a><\/p>\n<p class=\"bodytext\"><a class=\"download\" title=\"Startet den Datei-Download\" href=\"http:\/\/letter-fit.de\/fileadmin\/user_upload\/Protokolle_ag2\/Inhalte_AG_ZfK_ohne_Logo.pdf\" target=\"page\">Inhalts\u00fcbersicht bis Oktober 2005<\/a><\/p>\n<p>&nbsp;<\/p>\n<h1>Antr\u00e4ge an die Letter-fit-Kommission<\/h1>\n<div class=\"csc-header csc-header-n1\">\n<h1 class=\"csc-firstHeader\">Antr\u00e4ge an die Kommission 2008 (Kopie 1)<\/h1>\n<\/div>\n<p class=\"bodytext\"><a class=\"download\" title=\"Startet den Datei-Download\" href=\"http:\/\/letter-fit.de\/fileadmin\/user_upload\/Antraege_Kommission\/Antrag_an_die_Letter-fit_Kommission_6.3.08.pdf\" target=\"page\">Antrag 6.3.08<\/a> <a class=\"download\" title=\"Startet den Datei-Download\" href=\"http:\/\/letter-fit.de\/fileadmin\/user_upload\/Antraege_Kommission\/Fotos_Gerhart-hauptmann-Strasse.pdf\" target=\"page\">Fotos Gerhart-Hauptmann-Stra\u00dfe<\/a><\/p>\n<p class=\"bodytext\">\n<div class=\"csc-header csc-header-n2\">\n<h1>Antr\u00e4ge an die Kommission 2008<\/h1>\n<\/div>\n<p class=\"bodytext\"><a class=\"download\" title=\"Startet den Datei-Download\" href=\"http:\/\/letter-fit.de\/fileadmin\/user_upload\/Antraege_Kommission\/Antrag_an_die_Letter-fit_Kommission_6.3.08.pdf\" target=\"page\">Antrag 6.3.08<\/a> <a class=\"download\" title=\"Startet den Datei-Download\" href=\"http:\/\/letter-fit.de\/fileadmin\/user_upload\/Antraege_Kommission\/Fotos_Gerhart-hauptmann-Strasse.pdf\" target=\"page\">Fotos Gerhart-Hauptmann-Stra\u00dfe<\/a><\/p>\n<p class=\"bodytext\"><a class=\"download\" title=\"Startet den Datei-Download\" href=\"http:\/\/letter-fit.de\/fileadmin\/user_upload\/Antraege_Kommission\/Antrag_Letter-fit_Kommission_2.10.08.pdf\" target=\"page\">Antrag 2.10.08<\/a><\/p>\n<p class=\"bodytext\"><a class=\"download\" title=\"Startet den Datei-Download\" href=\"http:\/\/letter-fit.de\/fileadmin\/user_upload\/Antraege_Kommission\/Antrag_Protokoll_Nr._13_Letter-fit_Kommission.pdf\" target=\"page\">Antrag Protokoll Nr. 13<\/a><\/p>\n<p class=\"bodytext\"><a class=\"download\" title=\"Startet den Datei-Download\" href=\"http:\/\/letter-fit.de\/fileadmin\/user_upload\/Antraege_Kommission\/Antrag_Protokoll_Nr._15_Letter-fit_Kommission.pdf\" target=\"page\">Antrag Protokoll Nr. 15<\/a><\/p>\n<p class=\"bodytext\"><a class=\"download\" title=\"Startet den Datei-Download\" href=\"http:\/\/letter-fit.de\/fileadmin\/user_upload\/Antraege_Kommission\/Korrekturen_integriebare_Foerdermassnahmen_01.pdf\" target=\"page\">Korrekturen integrierbare F\u00f6rderma\u00dfnahmen<\/a><\/p>\n<p class=\"bodytext\">\n<div class=\"csc-header csc-header-n3\">\n<h1>Antr\u00e4ge an die Letter-fit-Kommission 2007<\/h1>\n<\/div>\n<p class=\"bodytext\">LOS-Antr\u00e4ge <a class=\"download\" title=\"Startet den Datei-Download\" href=\"http:\/\/letter-fit.de\/fileadmin\/user_upload\/Historie\/Freiwilligenzentrum_Letter.pdf\" target=\"page\">Freiwilligenzentrum<\/a> und <a class=\"download\" title=\"Startet den Datei-Download\" href=\"http:\/\/letter-fit.de\/fileadmin\/user_upload\/Historie\/Veranstaltungskalender_Letter.pdf\" target=\"page\">Veranstaltungskalender<\/a> Letter; <a class=\"download\" title=\"Startet den Datei-Download\" href=\"http:\/\/letter-fit.de\/fileadmin\/user_upload\/Historie\/Praesentation_Antrag_2007.pdf\" target=\"page\">Pr\u00e4sentation\u00a0<\/a>am 1.10.07<\/p>\n<p class=\"bodytext\"><a class=\"download\" title=\"Startet den Datei-Download\" href=\"http:\/\/letter-fit.de\/fileadmin\/user_upload\/Antraege_Kommission\/Wahl_Kommission_07.pdf\" target=\"page\">zur Wahl der B\u00fcrgervertreter in die Letter-fit-Kommission<\/a><\/p>\n<p class=\"bodytext\"><a title=\"?fnet einen internen Link im aktuellen Fenster\" href=\"http:\/\/letter-fit.de\/fileadmin\/user_upload\/Antraege_Kommission\/Praesentation_Kommission.pdf\" target=\"page\">Pr\u00e4sentation des Vereins &#8222;Letter-fit: Miteinander-F\u00fcreinander&#8220; e.V. am 3.5.07<\/a><\/p>\n<p class=\"bodytext\"><a class=\"internal-link\" title=\"\u00d6ffnet einen internen Link im aktuellen Fenster\" href=\"http:\/\/letter-fit.de\/index.php?id=31\" target=\"page\">Pr\u00e4sentation\u00a0&#8222;Was ist sozile Stadt&#8220; von Frederick Groeger-Roth, LAG soziale Brennpunkte Niedersachsen e.V. am 3.5.07\u00a0<\/a><\/p>\n<p class=\"bodytext\"><a class=\"download\" title=\"Startet den Datei-Download\" href=\"http:\/\/letter-fit.de\/fileadmin\/user_upload\/Antraege_Kommission\/Antrag_an__Kommission_12.4.07.pdf\" target=\"page\">Antrag an die Kommission am 12.4.07<\/a><\/p>\n<p class=\"bodytext\">Antrag <a title=\"?fnet einen internen Link im aktuellen Fenster\" href=\"http:\/\/letter-fit.de\/fileadmin\/user_upload\/Antraege_Kommission\/Protokollaenderungen_3_2007.pdf\" target=\"page\">Protokoll\u00e4nderungen zum Protokoll vom 8.3.07<\/a><\/p>\n<p class=\"bodytext\">Antrag <a class=\"download\" title=\"Startet den Datei-Download\" href=\"http:\/\/letter-fit.de\/fileadmin\/user_upload\/Antraege_Kommission\/Protokollaenderungen_zu_Protokoll_Nr.pdf\" target=\"page\">Protokoll\u00e4nderungen zum Protokoll vom 16.1.2007<\/a><\/p>\n<p class=\"bodytext\">\n<div class=\"csc-header csc-header-n4\">\n<h1>2006<\/h1>\n<\/div>\n<p class=\"bodytext\"><a class=\"download\" title=\"Startet den Datei-Download\" href=\"http:\/\/letter-fit.de\/fileadmin\/user_upload\/Antraege_Kommission\/Antrag_an__Kommission_Ampel_09_2006.pdf\" target=\"page\">Antrag Ampel Wiesenweg\/Lange-Feld-Stra\u00dfe<\/a><\/p>\n<p class=\"bodytext\"><a class=\"download\" title=\"Startet den Datei-Download\" href=\"http:\/\/letter-fit.de\/fileadmin\/user_upload\/Antraege_Kommission\/Antrag_an__Kommission_Schaukasten_09_2006.pdf\" target=\"page\">Antrag Schauk\u00e4sten f\u00fcr \u00d6ffentlichkeitsarbeit<\/a><\/p>\n<p class=\"bodytext\"><a class=\"download\" title=\"Startet den Datei-Download\" href=\"http:\/\/letter-fit.de\/fileadmin\/user_upload\/Antraege_Kommission\/Antrag_an_Kommission_Letter-Treff_09_2006.pdf\" target=\"page\">Antrag Nutzung Letter-Treff<\/a><\/p>\n<p class=\"bodytext\"><a class=\"download\" title=\"Startet den Datei-Download\" href=\"http:\/\/letter-fit.de\/fileadmin\/user_upload\/PDF\/Praesentation_007.pdf\" target=\"page\">LOS-Pr\u00e4sentation Projekte 2005\/2006<\/a><\/p>\n<p class=\"bodytext\"><a class=\"download\" title=\"Startet den Datei-Download\" href=\"http:\/\/letter-fit.de\/fileadmin\/user_upload\/Antraege_Kommission\/LOS-Antrag_Patenschaften_abgelehnt.jpg\" target=\"page\">Antrag LOS-Projekt Patenschaft (abgelehnt)<\/a><\/p>\n<p class=\"bodytext\"><a class=\"download\" title=\"Startet den Datei-Download\" href=\"http:\/\/letter-fit.de\/fileadmin\/user_upload\/Antraege_Kommission\/LOS-Antrag_Internationaler_Kochkurs.jpg\" target=\"page\">Antrag LOS-Projekt Internationaler Kochkurs (abgelehnt)<\/a><\/p>\n<p class=\"bodytext\"><a class=\"download\" title=\"Startet den Datei-Download\" href=\"http:\/\/letter-fit.de\/fileadmin\/user_upload\/Antraege_Kommission\/LOS-Antrag_Aktionswoche_Integration_und_Vernetzung.jpg\" target=\"page\">Antrag LOS-Projekt Aktionswoche zur Integration und Vernetzung (abgelehnt)<\/a><\/p>\n<p class=\"bodytext\"><a class=\"download\" title=\"Startet den Datei-Download\" href=\"http:\/\/letter-fit.de\/fileadmin\/user_upload\/Antraege_Kommission\/Antrag_an__Kommission_Gerhart-Hauptmann-Strasse_9.10.06.pdf\" target=\"page\">Antr\u00e4ge rund um Gerhart-Hauptmann-Stra\u00dfe (nicht aufgenommen)<\/a><\/p>\n<p class=\"bodytext\">\n<div class=\"csc-header csc-header-n5\">\n<h1>2005<\/h1>\n<\/div>\n<p class=\"bodytext\">Antr\u00e4ge f\u00fcr LOS-Projekte <a class=\"download\" title=\"Startet den Datei-Download\" href=\"http:\/\/letter-fit.de\/fileadmin\/user_upload\/Antraege_Kommission\/LOS1.jpg\" target=\"page\">1-4\/<\/a> <a class=\"download\" title=\"Startet den Datei-Download\" href=\"http:\/\/letter-fit.de\/fileadmin\/user_upload\/Antraege_Kommission\/LOS2.jpg\" target=\"page\">5-8<\/a><\/p>\n<p class=\"bodytext\">\n<div class=\"csc-header csc-header-n6\">\n<h1>2004<\/h1>\n<\/div>\n<p class=\"bodytext\">Antr\u00e4ge zur Kita Fr\u00f6belstra\u00dfe: <a class=\"download\" title=\"Startet den Datei-Download\" href=\"http:\/\/letter-fit.de\/fileadmin\/user_upload\/Antraege_Kommission\/Kita_Zu_Tagesordnungspunkt_5_20040128.pdf\" target=\"page\">1.Planung<\/a>\/ <a class=\"download\" title=\"Startet den Datei-Download\" href=\"http:\/\/letter-fit.de\/fileadmin\/user_upload\/Antraege_Kommission\/Zur_Beschlussvorlage_XIV_15.4.2004.pdf\" target=\"page\">2.Planung<\/a><\/p>\n<p class=\"bodytext\">Antr\u00e4ge zum <a class=\"download\" title=\"Startet den Datei-Download\" href=\"http:\/\/letter-fit.de\/fileadmin\/user_upload\/Antraege_Kommission\/Spielplatz_Zu_Tagesordnungspunkt_4_20040128.pdf\" target=\"page\">Spielplatz Gerhart-Hauptmann-Stra\u00dfe mit angrenzendem Stra\u00dfenraum<\/a><\/p>\n<p class=\"bodytext\"><a class=\"external-link-new-window\" title=\"\u00d6ffnet einen externen Link in einem neuen Fenster\" href=\"http:\/\/www.seelze.de\/deutsch\/bauen_und_wohnen\/letterfit\/pdf\/Spielplatz.pdf\" target=\"_blank\" rel=\"noopener\">Pr\u00e4sentation Projekt Spielplatz<\/a><\/p>\n<p class=\"bodytext\"><a class=\"download\" title=\"Startet den Datei-Download\" href=\"http:\/\/letter-fit.de\/fileadmin\/user_upload\/Antraege_Kommission\/Gestaltung_des_Strassenraumes_im_Bereich_des_Spielplatzes_18.4.04.d_.pdf\" target=\"page\">Antrag \u00dcbergangsl\u00f6sung Stra\u00dfenraum Spielplatz<\/a><\/p>\n<p class=\"bodytext\">\n<p>&nbsp;<\/p>\n<p>&nbsp;<\/td>\n<td width=\"38\"><img loading=\"lazy\" decoding=\"async\" src=\"http:\/\/letter-fit.de\/fileadmin\/templates\/images\/blind.gif\" width=\"38\" height=\"1\" \/><\/td>\n<\/tr>\n<\/tbody>\n<\/table>\n","protected":false},"excerpt":{"rendered":"<p>Protokolle der Gremien Soziale Stadt Letter-fit f\u00fcr die Zukunft Arbeitsgruppe Vereine\/Verb\u00e4nde\/Soziales (ab M\u00e4rz 2005 Koordinierungskreis Letter-fit) Koordinierungskreis Letter-fit aktuelles: Januar 2008 Arbeitsgruppe Ortszentrum Letter (vorher ZFK, AgLOS) sonstige Protokolle auf den folgenden Seiten finden Sie Erg\u00e4nzungen zu den oben aufgef\u00fchrten Protokollen. &nbsp; Protokolle Koordinierungskreis 2008 Antwort der AG darauf (25.3.08)\u00a0\u00a0\u00a0\u00a0\u00a0\u00a0\u00a0\u00a0\u00a0\u00a0\u00a0 Schreiben der Stadt (22.4.08) Schreiben &hellip; <\/p>\n<p class=\"link-more\"><a href=\"https:\/\/letter-fit.de\/letterfit\/index.php\/protokolle\/\" class=\"more-link\"><span class=\"screen-reader-text\">\u201eProtokolle\u201c <\/span>weiterlesen<\/a><\/p>\n","protected":false},"author":1,"featured_media":0,"parent":0,"menu_order":0,"comment_status":"closed","ping_status":"closed","template":"","meta":{"footnotes":""},"class_list":["post-909","page","type-page","status-publish","hentry"],"post_mailing_queue_ids":[],"_links":{"self":[{"href":"https:\/\/letter-fit.de\/letterfit\/index.php\/wp-json\/wp\/v2\/pages\/909","targetHints":{"allow":["GET"]}}],"collection":[{"href":"https:\/\/letter-fit.de\/letterfit\/index.php\/wp-json\/wp\/v2\/pages"}],"about":[{"href":"https:\/\/letter-fit.de\/letterfit\/index.php\/wp-json\/wp\/v2\/types\/page"}],"author":[{"embeddable":true,"href":"https:\/\/letter-fit.de\/letterfit\/index.php\/wp-json\/wp\/v2\/users\/1"}],"replies":[{"embeddable":true,"href":"https:\/\/letter-fit.de\/letterfit\/index.php\/wp-json\/wp\/v2\/comments?post=909"}],"version-history":[{"count":4,"href":"https:\/\/letter-fit.de\/letterfit\/index.php\/wp-json\/wp\/v2\/pages\/909\/revisions"}],"predecessor-version":[{"id":911,"href":"https:\/\/letter-fit.de\/letterfit\/index.php\/wp-json\/wp\/v2\/pages\/909\/revisions\/911"}],"wp:attachment":[{"href":"https:\/\/letter-fit.de\/letterfit\/index.php\/wp-json\/wp\/v2\/media?parent=909"}],"curies":[{"name":"wp","href":"https:\/\/api.w.org\/{rel}","templated":true}]}}