{"id":839,"date":"2017-09-07T19:35:47","date_gmt":"2017-09-07T17:35:47","guid":{"rendered":"http:\/\/grafmoehring.de\/letter-fit\/?page_id=839"},"modified":"2021-03-16T13:47:44","modified_gmt":"2021-03-16T12:47:44","slug":"offener-buecherschrank-2009-bis-2013","status":"publish","type":"page","link":"https:\/\/letter-fit.de\/letterfit\/index.php\/offener-buecherschrank-2009-bis-2013\/","title":{"rendered":"Offener B\u00fccherschrank 2009 bis 2013"},"content":{"rendered":"<div class=\"csc-textpic csc-textpic-intext-right-nowrap\"><\/div>\n<div class=\"csc-textpic-clear\"><\/div>\n<div class=\"csc-textpic csc-textpic-intext-right-nowrap\">\n<div class=\"csc-textpic-imagewrap\">\n<div class=\"csc-textpic-imagerow\">\n<dl class=\"csc-textpic-image csc-textpic-firstcol csc-textpic-lastcol\">\n<dt><a href=\"http:\/\/www.letter-fit.de\/fileadmin\/user_upload\/Aushaenge\/Offener_Buecherschrank.pdf\" target=\"page\" rel=\"noopener\"><img loading=\"lazy\" decoding=\"async\" class=\"alignleft\" src=\"http:\/\/www.letter-fit.de\/typo3temp\/pics\/256e44776f.jpg\" alt=\"\" width=\"150\" height=\"213\" border=\"0\"><\/a><\/dt>\n<dd class=\"csc-textpic-caption\"><\/dd>\n<\/dl>\n<\/div>\n<div class=\"csc-textpic-imagerow\">\n<dl class=\"csc-textpic-image csc-textpic-firstcol csc-textpic-lastcol\">\n<dt><img loading=\"lazy\" decoding=\"async\" class=\"alignleft\" src=\"http:\/\/www.letter-fit.de\/typo3temp\/pics\/02adcfd465.jpg\" alt=\"\" width=\"150\" height=\"107\" border=\"0\"><\/dt>\n<dd class=\"csc-textpic-caption\"><\/dd>\n<\/dl>\n<\/div>\n<div class=\"csc-textpic-imagerow\">\n<dl class=\"csc-textpic-image csc-textpic-firstcol csc-textpic-lastcol\">\n<dt><img loading=\"lazy\" decoding=\"async\" class=\"alignleft\" src=\"http:\/\/www.letter-fit.de\/typo3temp\/pics\/beb83cd984.jpg\" alt=\"\" width=\"150\" height=\"113\" border=\"0\"><\/dt>\n<dd class=\"csc-textpic-caption\"><\/dd>\n<\/dl>\n<\/div>\n<div class=\"csc-textpic-imagerow\">\n<dl class=\"csc-textpic-image csc-textpic-firstcol csc-textpic-lastcol\">\n<dt><img loading=\"lazy\" decoding=\"async\" class=\"alignleft\" src=\"http:\/\/www.letter-fit.de\/typo3temp\/pics\/05d24b61f4.jpg\" alt=\"\" width=\"150\" height=\"213\" border=\"0\"><\/dt>\n<dd class=\"csc-textpic-caption\"><\/dd>\n<\/dl>\n<\/div>\n<div class=\"csc-textpic-imagerow\">\n<dl class=\"csc-textpic-image csc-textpic-firstcol csc-textpic-lastcol\">\n<dt><img loading=\"lazy\" decoding=\"async\" class=\"alignleft\" src=\"http:\/\/www.letter-fit.de\/typo3temp\/pics\/1429f03135.jpg\" alt=\"\" width=\"150\" height=\"207\" border=\"0\"><\/dt>\n<dd class=\"csc-textpic-caption\"><\/dd>\n<\/dl>\n<\/div>\n<\/div>\n<div>\n<div class=\"csc-textpic-text\">\n<div class=\"csc-textpicHeader csc-textpicHeader-25\">\n<h1><a href=\"http:\/\/www.letter-fit.de\/fileadmin\/user_upload\/Aushaenge\/Offener_Buecherschrank.pdf\">Offener B\u00fccherschrank<\/a><\/h1>\n<\/div>\n<p class=\"bodytext\">Der Verein plant seit Fr\u00fchjahr 2009, im Zentrum von Letter einen offenen B\u00fccherschrank aufzustellen, der die Menschen zusammenf\u00fchrt und an Literatur unterschiedlichster Art heranf\u00fchrt.<\/p>\n<p class=\"bodytext\"><a class=\"download\" title=\"Startet den Datei-Download\" href=\"http:\/\/www.letter-fit.de\/fileadmin\/user_upload\/Aushaenge\/Offener_Buecherschrank.pdf\" target=\"page\" rel=\"noopener\">Was ist ein Offener B\u00fccherschrank und wie funktioniert<\/a> er?<\/p>\n<p class=\"bodytext\"><a class=\"download\" title=\"Startet den Datei-Download\" href=\"http:\/\/www.letter-fit.de\/fileadmin\/user_upload\/Aushaenge\/Buecherschrank_Hannover.pdf\" target=\"page\" rel=\"noopener\">B\u00fccherschr\u00e4nke in Hannover<\/a><\/p>\n<p class=\"bodytext\"><a class=\"download\" title=\"Startet den Datei-Download\" href=\"http:\/\/www.letter-fit.de\/fileadmin\/user_upload\/Aushaenge\/Buecherschrank_Deutschland_und_OEsterreich...pdf\" target=\"page\" rel=\"noopener\">B\u00fccherschr\u00e4nke in Deutschland und Europa<\/a><\/p>\n<p class=\"bodytext\">Infos \u00fcber B\u00fccherschr\u00e4nke in Hannover: <a href=\"http:\/\/www.werkstatt-treff.de\/html\/buecherschrank.html#0\" target=\"_blank\" rel=\"noopener\">http:\/\/www.werkstatt-treff.de\/html\/buecherschrank.html<\/a>#0 und <a href=\"http:\/\/www.hannover.de\/Kultur-Freizeit\/Freizeit-Sport\/Freizeiteinrichtungen\/Stadtteilkultur\/Offener-B%C3%BCcherschrank\" target=\"_blank\" rel=\"noopener\">http:\/\/www.hannover.de\/de\/kultur_freizeit\/stadtteilkultur\/stadtteilkultur\/buechersch\/index.html<\/a><\/p>\n<p class=\"bodytext\"><strong>2013: neuer Stand<\/strong><\/p>\n<p class=\"bodytext\"><a class=\"download\" title=\"Startet den Datei-Download\" href=\"http:\/\/www.letter-fit.de\/fileadmin\/user_upload\/PDF\/2013-01-14_207_Top4_Beschluss_oeff.pdf\" target=\"page\" rel=\"noopener\">Ortsratsbeschlu\u00df XVI\/0278<\/a> zur <a class=\"download\" title=\"Startet den Datei-Download\" href=\"http:\/\/www.letter-fit.de\/fileadmin\/user_upload\/PDF\/2013-01-14_207_Top4_Vorlage_oeff.pdf\" target=\"page\" rel=\"noopener\">Beschlu\u00dfvorlage<\/a><br \/>\nVertragsentwurf der Stadt entspricht dem nicht; Verein hofft auf Nachbesserung; <a class=\"download\" title=\"Startet den Datei-Download\" href=\"http:\/\/www.letter-fit.de\/fileadmin\/user_upload\/Aushaenge\/Entwurf_Vertrag_Buecherschrank_AEnderung.pdf\" target=\"page\" rel=\"noopener\">\u00c4nderungsw\u00fcnsche im Vertrag der Stadt markiert<\/a>.<\/p>\n<p class=\"bodytext\">Maulkorb: Verein darf Vertragsinhalte nicht bekannt machen (nicht unterschrieben)<\/p>\n<p class=\"bodytext\">ES ist geschafft: am 30.5.2013 erfolgte die Einigung \u00fcber die Vertragsinhalte, ein <a class=\"download\" title=\"Startet den Datei-Download\" href=\"http:\/\/www.letter-fit.de\/fileadmin\/user_upload\/PDF\/Gestattungsvertrag_Buecherschrank_.pdf\" target=\"page\" rel=\"noopener\">Gestattungsvertrag<\/a> kann nun geshlossen werden.<\/p>\n<p class=\"bodytext\">Der Schrank wird in der 2. Julih\u00e4lfte aufgebaut. (16.7.13, Einweihung 20.7.13)<\/p>\n<p class=\"bodytext\">\n<p class=\"bodytext\">Spannende letzte Tage vor der Einweihung:<\/p>\n<p class=\"bodytext\">14.7.13 Feststellung, da\u00df die Fl\u00e4che nicht wie zugesagt gepflastert ist<\/p>\n<p class=\"bodytext\">15.7.13 Zusage der Pflasterung zum 17.7.13 (nicht erfolgt)<\/p>\n<p class=\"bodytext\">16.7.13 Zusage der Pflasterung zum 18.7.13 (nur teilweise erfolgt)<\/p>\n<p class=\"bodytext\">19.7.13 Telefonate und Pflasterung durch Stadt und Werkstatttreff Mecklenheide, so da\u00df der Schrank aufgebaut werden konnte<\/p>\n<p class=\"bodytext\">20.7.13 Einweihung des B\u00fccherschrankes<\/p>\n<p class=\"bodytext\">\n<p class=\"bodytext\"><strong>Stand bis 2012<\/strong>:<\/p>\n<p class=\"bodytext\">Selbst wenn ein Wunder geschehen w\u00fcrde (was in den vergangenen 2 Jahren ausgeblieben ist), w\u00e4re mit dem Aufstellen eines B\u00fccherschrankes dieses Jahr nicht mehr zu rechnen. &#8222;Unser&#8220; Schrank hat schon einen neuen K\u00e4ufer und umzugsbedingst werden erst ab September neue Schr\u00e4nke produziert. Wahrscheinlich gibt es da auch schon eine Warteliste.<\/p>\n<p class=\"bodytext\"><a href=\"http:\/\/www.myheimat.de\/seelze\/politik\/schlechte-nachricht-kein-offener-buecherschrank-in-letter-d2393822.html\" target=\"_blank\" rel=\"noopener\"><strong>Projekt Gestorben: kein Offener B\u00fccherschrank f\u00fcr Letter<\/strong><\/a><\/p>\n<p class=\"bodytext\"><strong>am 21.3.2012 hatte der Verein noch einmal ein Gespr\u00e4ch mit B\u00fcrgermeister Schallhorn, in der Hoffnung, da\u00df es etwas zu verhandeln g\u00e4be. Herr Schallhorn kann und will die Verantwortung f\u00fcr den Winterdienst um den Schrank (1 qm) nicht \u00fcbernehmen. Er w\u00e4re den B\u00fcrgern verpflichtet und das w\u00e4re Steuerverschwendung, weil durch jeden Gest\u00fcrzten die Versicherungspr\u00e4mie steigen w\u00fcrde. Der Verein kann es auch nicht, denn die Verpflichtungen f\u00fcr Privatleute bzgl. Winterdienst sind deutlich strenger als an die Stadt und die kann der Verein nicht erf\u00fcllen.<\/strong><\/p>\n<p class=\"bodytext\">Vorschlag des Vereins f\u00fcr einen <a href=\"http:\/\/www.letter-fit.de\/fileadmin\/user_upload\/PDF\/Gestattungsvertrag_Vorschlag_des_Vereins.doc\" target=\"page\" rel=\"noopener\">Gestattungsvertrag<\/a>, der die Anliegen des Ortsrates ber\u00fccksichtigt und die Zusagen des Vereins festlegt.<\/p>\n<p class=\"bodytext\"><a href=\"http:\/\/www.letter-fit.de\/fileadmin\/user_upload\/Historie\/mail_an_schallhorn_8.1.2012.pdf\" target=\"page\" rel=\"noopener\">mail an B\u00fcrgermeister Schallhorn 8.1.2012<\/a>,&nbsp; ohne Reaktion.<\/p>\n<p class=\"bodytext\"><a href=\"http:\/\/www.letter-fit.de\/fileadmin\/user_upload\/Aushaenge\/Leserbrief_25.11.11.pdf\" target=\"page\" rel=\"noopener\">Leserbrief zum Artikel Leinezeitung vom 25.11.11<\/a><\/p>\n<p class=\"bodytext\"><strong>Einweihung, f\u00fcr 27.11.2011 um 14 Uhr geplant, mu\u00dfte leider abgesagt werden wegen fehlender Genehmigung der Stadt. <\/strong><\/p>\n<p class=\"bodytext\"><a href=\"http:\/\/www.letter-fit.de\/fileadmin\/user_upload\/Aushaenge\/Antwort_auf_mail_an_Buergermeister_23.11.11.pdf\" target=\"page\" rel=\"noopener\">Antwort auf die mail an B\u00fcrgermeister Schallhorn 23.11.11<\/a><\/p>\n<p class=\"bodytext\"><a href=\"http:\/\/www.letter-fit.de\/fileadmin\/user_upload\/Aushaenge\/mail_an_Schallhorn_23.11.11.pdf\" target=\"page\" rel=\"noopener\">mail an B\u00fcrgermeister Schallhorn 23.11.11 <\/a><\/p>\n<p class=\"bodytext\"><a class=\"download\" title=\"Startet den Datei-Download\" href=\"http:\/\/www.letter-fit.de\/fileadmin\/user_upload\/Aushaenge\/Bescheid_Buecherschrank_vom_21.11.11.pdf\" target=\"page\" rel=\"noopener\">Bescheid vom <strong>21.11.11<\/strong><\/a><\/p>\n<p class=\"bodytext\">Telefonischer und Mailkontakt mit Verwaltung<\/p>\n<p class=\"bodytext\"><a href=\"http:\/\/www.letter-fit.de\/fileadmin\/user_upload\/Aushaenge\/Antrag_an_den_Ortsrat_fuer_die_Sitzung_am_14.doc\" target=\"page\" rel=\"noopener\">Antrag an den Ortsrat zur Sitzung 14.11.11<\/a><\/p>\n<p class=\"bodytext\"><a href=\"http:\/\/www.letter-fit.de\/fileadmin\/user_upload\/Aushaenge\/Erlaubnis_Buecherschrank_-_entwurf.pdf\" target=\"page\" rel=\"noopener\">Vorschlag des Vereins f\u00fcr die \u00dcbernahme des Aufbaus und Betriebes des B\u00fccherschrankes vom 27.10.11<\/a><\/p>\n<p class=\"bodytext\">Telefonischer und Mailkontakt mit Verwaltung; Hinweis da\u00df eine Haftpflichtversicherung nicht m\u00f6glich ist und die Verkehrssicherheit, insbes. Winterdienst, nicht vom Verein \u00fcbernommen werden kann.<\/p>\n<p class=\"bodytext\">Verein erf\u00fcllt die Auflagen so gut wie m\u00f6glich:- Einholen der Leitungspl\u00e4ne bei allen potentiellen Versorgern- Schriftliche Bescheinigung der Versicherung, da\u00df der Schrank nicht versicherbar ist<\/p>\n<p class=\"bodytext\"><a href=\"http:\/\/www.letter-fit.de\/fileadmin\/user_upload\/Aushaenge\/Benutzerordnung_mit_Logo.pdf\" target=\"page\" rel=\"noopener\">Benutzerordnung f\u00fcr B\u00fccherschrank <\/a><\/p>\n<p class=\"bodytext\"><a href=\"http:\/\/www.letter-fit.de\/fileadmin\/user_upload\/Aushaenge\/Bescheid_Buecherschrank_vom_22.10.11.pdf\" target=\"page\" rel=\"noopener\">Bescheid vom <strong>22.10.11 <\/strong><\/a><\/p>\n<p class=\"bodytext\"><a href=\"http:\/\/www.myheimat.de\/seelze\/politik\/offener-buecherschrank-bestellt-d2327687.html\" target=\"_blank\" rel=\"noopener\">Bekanntgabe des Einweihungstermins am 6.10.11<\/a><\/p>\n<p class=\"bodytext\">angek\u00fcndigte Gro\u00dfspende von 1500 \u20ac von Dr. Kayser Zahnarztpraxis, der damit seine Verbundenheit mit dem Ort ausdr\u00fccken m\u00f6chte, und B\u00fccherspende.<\/p>\n<p class=\"bodytext\">angek\u00fcndigte gro\u00dfe B\u00fccherspende (Kinder- und Erwachsenenliteratur) von der B\u00fcrgerstiftung Seelze.<\/p>\n<p class=\"bodytext\"><a href=\"http:\/\/www.letter-fit.de\/fileadmin\/user_upload\/Antraege_Kommission\/Scan036.PDF\" target=\"page\" rel=\"noopener\">Vorgesehener Platz mit Spendenaufruf<\/a><\/p>\n<p class=\"bodytext\">Seitdem wartet der Verein auf die Genehmigung.<\/p>\n<p class=\"bodytext\">Stand der Spenden am 13.8.2011: 11 Spender zusamen 300 \u20ac<\/p>\n<p class=\"bodytext\"><strong>Antrag <\/strong>mit allen Unterschriften am <strong>1.8.2011 <\/strong>gestellt (vorher wegen Urlaubszeit nicht m\u00f6glich). Alle Nachweise und Informationen sofort gemeldet.<\/p>\n<p class=\"bodytext\">Anfang Juli <strong>auf Nachfrage<\/strong> erfahren, da\u00df der Verein einen<a href=\"http:\/\/www.letter-fit.de\/fileadmin\/user_upload\/Aushaenge\/AntragBcherschrank.pdf\" target=\"page\" rel=\"noopener\"> Antrag f\u00fcr die Genehmigung <\/a>stellen mu\u00df, der dem Verein am 7.Juli zuging. U.a. mu\u00df der Verein die Legitimation zur Unterschrift nachweisen &#8230;<\/p>\n<p class=\"bodytext\">Seitdem wartet der Verein auf die Genehmigung.<\/p>\n<p class=\"bodytext\">neue <a href=\"http:\/\/www.letter-fit.de\/fileadmin\/user_upload\/Antraege_Kommission\/Beschlussvorlage_XV_0787b_Buecherschrank.pdf\" target=\"page\" rel=\"noopener\">Beschlu\u00dfvorlage<\/a> mit Anlage (<strong>Platz C genehmigt<\/strong> durch Ortsrat am <strong>20.6.2011<\/strong>)<\/p>\n<p class=\"bodytext\">vom Verein <a class=\"download\" title=\"Startet den Datei-Download\" href=\"http:\/\/www.letter-fit.de\/fileadmin\/user_upload\/Aushaenge\/alle_plaetze.pdf\" target=\"page\" rel=\"noopener\">vorgeschlagene Pl\u00e4tze<\/a> und <a class=\"download\" title=\"Startet den Datei-Download\" href=\"http:\/\/www.letter-fit.de\/fileadmin\/user_upload\/Aushaenge\/Erlaeuterungen_zu_den_moeglichen_Plaetzen.pdf\" target=\"page\" rel=\"noopener\">Erl\u00e4uterungen<\/a> hierzu<\/p>\n<p class=\"bodytext\"><strong>11.4.2011<\/strong>: schriftliche Ablehnung,&nbsp;den offenen B\u00fccherschrank im Zentrum in Letter aufzustellen:<br \/>\n<a class=\"download\" title=\"Startet den Datei-Download\" href=\"http:\/\/www.letter-fit.de\/fileadmin\/user_upload\/Aushaenge\/Antwort_Buecherschrank_Werner.jpg\" target=\"page\" rel=\"noopener\">Seite 1<\/a>, <a class=\"download\" title=\"Startet den Datei-Download\" href=\"http:\/\/www.letter-fit.de\/fileadmin\/user_upload\/Aushaenge\/Antwort_Buecherschrank_Werner_001.jpg\" target=\"page\" rel=\"noopener\">Seite 2<\/a>, <a class=\"download\" title=\"Startet den Datei-Download\" href=\"http:\/\/www.letter-fit.de\/fileadmin\/user_upload\/Aushaenge\/Antwort_Buecherschrank_Werner_002.jpg\" target=\"page\" rel=\"noopener\">Seite 3<\/a>, <a class=\"download\" title=\"Startet den Datei-Download\" href=\"http:\/\/www.letter-fit.de\/fileadmin\/user_upload\/Aushaenge\/Antwort_Buecherschrank_Werner_003.jpg\" target=\"page\" rel=\"noopener\">Karte 1<\/a>,&nbsp;<a class=\"download\" title=\"Startet den Datei-Download\" href=\"http:\/\/www.letter-fit.de\/fileadmin\/user_upload\/Aushaenge\/Antwort_Buecherschrank_Werner_004.jpg\" target=\"page\" rel=\"noopener\">Karte 2<\/a>, <a class=\"download\" title=\"Startet den Datei-Download\" href=\"http:\/\/www.letter-fit.de\/fileadmin\/user_upload\/Aushaenge\/Antwort_Buecherschrank_Werner_005.jpg\" target=\"page\" rel=\"noopener\">Beschlu\u00dfvorlage XV 07\/87&nbsp;<\/a><\/p>\n<p class=\"bodytext\">28.10.2010: <a class=\"download\" title=\"Startet den Datei-Download\" href=\"http:\/\/www.letter-fit.de\/fileadmin\/user_upload\/Aushaenge\/antrag_an_ortsrat_28.10.10.pdf\" target=\"page\" rel=\"noopener\">Antrag des Vereins an den Ortsrat<\/a><\/p>\n<p class=\"bodytext\">21.10.2010: <a class=\"download\" title=\"Startet den Datei-Download\" href=\"http:\/\/www.letter-fit.de\/fileadmin\/user_upload\/Aushaenge\/Spendenbrief.pdf\" target=\"page\" rel=\"noopener\">Spendenbrief<\/a><\/p>\n<p class=\"bodytext\"><strong>22.9.2010: <a class=\"download\" title=\"Startet den Datei-Download\" href=\"http:\/\/www.letter-fit.de\/fileadmin\/user_upload\/Aushaenge\/schirmherrschaft_22.9.10.pdf\" target=\"page\" rel=\"noopener\">\u00dcbernahme der Schirmherrschaft<\/a> <\/strong>f\u00fcr den B\u00fccherschrank <strong>durch B\u00fcrgermeister Schallhorn<\/strong><\/p>\n<p class=\"bodytext\">Parallel Ansprache der Eigent\u00fcmer von geeigneten privaten Fl\u00e4chen wie z.B. die Kirchen, Volksbank, NP etc., allerdings ohne Erfolg aus den unterschiedlichsten Gr\u00fcnden.<\/p>\n<p class=\"bodytext\">Bitte an die Stadt, dem Verein bei der Suche nach einem geeigneten Platz behilflich zu sein.<\/p>\n<p class=\"bodytext\">Seit Anfang 2010 samelt der Verein Geld f\u00fcr den Offenen B\u00fccherschrank.<\/p>\n<\/div>\n<\/div>\n<\/div>\n","protected":false},"excerpt":{"rendered":"<p>Offener B\u00fccherschrank Der Verein plant seit Fr\u00fchjahr 2009, im Zentrum von Letter einen offenen B\u00fccherschrank aufzustellen, der die Menschen zusammenf\u00fchrt und an Literatur unterschiedlichster Art heranf\u00fchrt. Was ist ein Offener B\u00fccherschrank und wie funktioniert er? B\u00fccherschr\u00e4nke in Hannover B\u00fccherschr\u00e4nke in Deutschland und Europa Infos \u00fcber B\u00fccherschr\u00e4nke in Hannover: http:\/\/www.werkstatt-treff.de\/html\/buecherschrank.html#0 und http:\/\/www.hannover.de\/de\/kultur_freizeit\/stadtteilkultur\/stadtteilkultur\/buechersch\/index.html 2013: neuer Stand Ortsratsbeschlu\u00df &hellip; <\/p>\n<p class=\"link-more\"><a href=\"https:\/\/letter-fit.de\/letterfit\/index.php\/offener-buecherschrank-2009-bis-2013\/\" class=\"more-link\"><span class=\"screen-reader-text\">\u201eOffener B\u00fccherschrank 2009 bis 2013\u201c <\/span>weiterlesen<\/a><\/p>\n","protected":false},"author":1,"featured_media":0,"parent":0,"menu_order":0,"comment_status":"closed","ping_status":"closed","template":"","meta":{"footnotes":""},"class_list":["post-839","page","type-page","status-publish","hentry"],"post_mailing_queue_ids":[],"_links":{"self":[{"href":"https:\/\/letter-fit.de\/letterfit\/index.php\/wp-json\/wp\/v2\/pages\/839","targetHints":{"allow":["GET"]}}],"collection":[{"href":"https:\/\/letter-fit.de\/letterfit\/index.php\/wp-json\/wp\/v2\/pages"}],"about":[{"href":"https:\/\/letter-fit.de\/letterfit\/index.php\/wp-json\/wp\/v2\/types\/page"}],"author":[{"embeddable":true,"href":"https:\/\/letter-fit.de\/letterfit\/index.php\/wp-json\/wp\/v2\/users\/1"}],"replies":[{"embeddable":true,"href":"https:\/\/letter-fit.de\/letterfit\/index.php\/wp-json\/wp\/v2\/comments?post=839"}],"version-history":[{"count":2,"href":"https:\/\/letter-fit.de\/letterfit\/index.php\/wp-json\/wp\/v2\/pages\/839\/revisions"}],"predecessor-version":[{"id":2559,"href":"https:\/\/letter-fit.de\/letterfit\/index.php\/wp-json\/wp\/v2\/pages\/839\/revisions\/2559"}],"wp:attachment":[{"href":"https:\/\/letter-fit.de\/letterfit\/index.php\/wp-json\/wp\/v2\/media?parent=839"}],"curies":[{"name":"wp","href":"https:\/\/api.w.org\/{rel}","templated":true}]}}