{"id":757,"date":"2017-09-01T14:26:27","date_gmt":"2017-09-01T12:26:27","guid":{"rendered":"http:\/\/grafmoehring.de\/letter-fit\/?page_id=757"},"modified":"2026-01-16T14:19:33","modified_gmt":"2026-01-16T13:19:33","slug":"termine","status":"publish","type":"page","link":"https:\/\/letter-fit.de\/letterfit\/index.php\/termine\/","title":{"rendered":"Termine"},"content":{"rendered":"<p align=\"CENTER\"><span style=\"font-family: Arial, sans-serif;\"><span style=\"font-size: xx-large;\"><u><b>Termine 2026<\/b><\/u><\/span><\/span><\/p>\n<ul>\n<li><span style=\"font-family: Arial, sans-serif;\"><span style=\"font-size: large;\">Vereinsjubil\u00e4um 25.1.26, 17:30 Uhr (Roberto)<\/span><\/span><\/li>\n<li><span style=\"font-family: Arial, sans-serif;\"><span style=\"font-size: large;\">Jahreshauptversammlung 2.2.26,17 Uhr (Letter-Treff)<\/span><\/span><\/li>\n<li><span style=\"font-family: Arial, sans-serif;\"><span style=\"font-size: large;\">Teilnahme am M\u00fcllsammeln<b> Samstag 14.3.26, 11-13 Uhr<br \/>\n<\/b>(Kastanienplatz)<\/span><\/span><\/li>\n<li><span style=\"font-family: Arial, sans-serif;\"><span style=\"font-size: large;\"><b>Stadtf\u00fchrung Letter Sonntag 12.4.26 10 Uhr *<\/b><\/span><\/span><\/li>\n<li><strong>Kneipentour, Sonntag 17.5.26 10 Uhr*<\/strong><\/li>\n<li><span style=\"font-family: Arial, sans-serif;\"><span style=\"font-family: Arial, sans-serif;\"><span style=\"font-size: large;\"><b>Radspaziergang, Sonntag 14.6.26, 10 Uhr *<\/b><\/span><\/span><\/span><\/li>\n<li><span style=\"font-family: Arial, sans-serif;\"><span style=\"font-size: large;\">Teilnahme Ortspokal 12.-15.8.26<\/span><\/span><\/li>\n<li><span style=\"font-family: Arial, sans-serif;\"><span style=\"font-size: large;\">Teilnahme Festessen Sch\u00fctzenfest, Samstag 29.8.26<\/span><\/span><\/li>\n<li><span style=\"font-family: Arial, sans-serif;\"><span style=\"font-size: large;\">Kastanienfest 19.9.26, 15-18 Uhr (Kastanienplatz)<\/span><\/span><\/li>\n<li><span style=\"font-family: Arial, sans-serif;\"><span style=\"font-size: large;\">Teilnahme Preisschie\u00dfen Sch\u00fctzengesellschaft 18.9.-4.10.26<\/span><\/span><\/li>\n<li><span style=\"font-family: Arial, sans-serif;\"><span style=\"font-size: large;\"><b>Ausflug Sonntag <\/b><b>11.10.26<\/b><i><b>\u00a0* <\/b><\/i><\/span><\/span>\n<p align=\"CENTER\"><span style=\"font-family: Arial, sans-serif;\"><span style=\"font-size: large;\"><i><b>* Treffpunkt Wulfesbrunnen<\/b><\/i><\/span><\/span><\/p>\n<\/li>\n<\/ul>\n<ul>\n<li><span style=\"font-family: Arial, sans-serif;\"><span style=\"font-size: large;\">Weihnachtsbaum Ebertstra\u00dfe schm\u00fccken <\/span><\/span><\/li>\n<li><span style=\"font-family: Arial, sans-serif;\"><span style=\"font-size: large;\"><b>Lebendiger Adventskalender (Vorbesprechung 2.11.26)<\/b><\/span><\/span><\/li>\n<\/ul>\n<p align=\"CENTER\"><span style=\"font-size: large;\"><span style=\"font-family: Arial, sans-serif;\"><span style=\"font-size: xx-small;\"><i><br \/>\n<\/i><\/span><\/span><span style=\"font-family: Arial, sans-serif;\"><i><b>Stammtisch i.d.R. jeden 1. Montag im Monat um 17:30 Uhr<\/b><\/i><\/span><span style=\"font-family: Arial, sans-serif;\"><i><br \/>\n<\/i><\/span><span style=\"font-family: Arial, sans-serif;\"><i><b>in Seniorentagesst\u00e4tte\/Letter-Treff<br \/>\n<\/b><\/i><\/span><\/span><\/p>\n<p align=\"CENTER\"><span style=\"font-family: Arial, sans-serif;\"><span style=\"font-size: large;\"><i>Offenes Kaffeetrinken jeden Montag von 15 bis 17 Uhr (Seniorentagesst\u00e4tte\/Letter-Treff) <\/i><\/span><\/span><\/p>\n","protected":false},"excerpt":{"rendered":"<p>Termine 2026 Vereinsjubil\u00e4um 25.1.26, 17:30 Uhr (Roberto) Jahreshauptversammlung 2.2.26,17 Uhr (Letter-Treff) Teilnahme am M\u00fcllsammeln Samstag 14.3.26, 11-13 Uhr (Kastanienplatz) Stadtf\u00fchrung Letter Sonntag 12.4.26 10 Uhr * Kneipentour, Sonntag 17.5.26 10 Uhr* Radspaziergang, Sonntag 14.6.26, 10 Uhr * Teilnahme Ortspokal 12.-15.8.26 Teilnahme Festessen Sch\u00fctzenfest, Samstag 29.8.26 Kastanienfest 19.9.26, 15-18 Uhr (Kastanienplatz) Teilnahme Preisschie\u00dfen Sch\u00fctzengesellschaft 18.9.-4.10.26 Ausflug &hellip; <\/p>\n<p class=\"link-more\"><a href=\"https:\/\/letter-fit.de\/letterfit\/index.php\/termine\/\" class=\"more-link\"><span class=\"screen-reader-text\">\u201eTermine\u201c <\/span>weiterlesen<\/a><\/p>\n","protected":false},"author":1,"featured_media":0,"parent":0,"menu_order":0,"comment_status":"closed","ping_status":"closed","template":"","meta":{"footnotes":""},"class_list":["post-757","page","type-page","status-publish","hentry"],"post_mailing_queue_ids":[],"_links":{"self":[{"href":"https:\/\/letter-fit.de\/letterfit\/index.php\/wp-json\/wp\/v2\/pages\/757","targetHints":{"allow":["GET"]}}],"collection":[{"href":"https:\/\/letter-fit.de\/letterfit\/index.php\/wp-json\/wp\/v2\/pages"}],"about":[{"href":"https:\/\/letter-fit.de\/letterfit\/index.php\/wp-json\/wp\/v2\/types\/page"}],"author":[{"embeddable":true,"href":"https:\/\/letter-fit.de\/letterfit\/index.php\/wp-json\/wp\/v2\/users\/1"}],"replies":[{"embeddable":true,"href":"https:\/\/letter-fit.de\/letterfit\/index.php\/wp-json\/wp\/v2\/comments?post=757"}],"version-history":[{"count":28,"href":"https:\/\/letter-fit.de\/letterfit\/index.php\/wp-json\/wp\/v2\/pages\/757\/revisions"}],"predecessor-version":[{"id":3467,"href":"https:\/\/letter-fit.de\/letterfit\/index.php\/wp-json\/wp\/v2\/pages\/757\/revisions\/3467"}],"wp:attachment":[{"href":"https:\/\/letter-fit.de\/letterfit\/index.php\/wp-json\/wp\/v2\/media?parent=757"}],"curies":[{"name":"wp","href":"https:\/\/api.w.org\/{rel}","templated":true}]}}