{"id":443,"date":"2017-04-06T09:59:36","date_gmt":"2017-04-06T09:59:36","guid":{"rendered":"http:\/\/grafmoehring.de\/letter-fit\/?page_id=443"},"modified":"2017-09-07T19:16:46","modified_gmt":"2017-09-07T17:16:46","slug":"belebung-kastanienplatz","status":"publish","type":"page","link":"https:\/\/letter-fit.de\/letterfit\/index.php\/belebung-kastanienplatz\/","title":{"rendered":"Belebung Kastanienplatz"},"content":{"rendered":"<p>Abgelehntes Mikroprojekt 2011<br \/>\nvielleicht in Teilen noch umsetzbar<\/p>\n<p>Letter-fit: Miteinander-F\u00fcreinander e.V.<\/p>\n<p>Ziel, Umsetzung, Organisationsform des Mikroprojektes<\/p>\n<p><em>Ziel: Belebung des Kastanienplatzes<\/em><\/p>\n<p><em>Unterziele:<\/em><\/p>\n<p>&#8211; Lesef\u00f6rderung<\/p>\n<p>&#8211; Kommunikationspunkt\/Treffpunkt<\/p>\n<p>&#8211; Bewohner achten auf den Schrank; Identifikation mit dem Stadtteil<\/p>\n<p>&#8211; Behelf wegen fehlender B\u00fccherei im Stadtteil<\/p>\n<p>&#8211; isoliert lebende Menschen und Bewohner des Altenheimes vor die T\u00fcr locken mit dem Ziel &#8222;B\u00fccherschrank&#8220;<\/p>\n<p><em>Umsetzung: Teil 1:<\/em><\/p>\n<p>Auf dem Kastanienplatz soll ein Offener B\u00fccherschrank aufgestellt werden, der die Menschen im Stadtteil zusammen f\u00fchrt. Dabei handelt es sich um ein niedrigschwelliges Angebot, das zudem kostenlos und immer verf\u00fcgbar ist. Durch die Wahl des Modells vom Werkstatttreff Mecklenheide hat der Schrank einen Wiedererkennungseffekt, d.h. es ergibt sich eine Vernetzung der Offenen B\u00fccherschr\u00e4nke in der Region Hannover (\u00fcber 20 gibt es schon, davon 18 in Hannover selbst). Die Betreuung des Schrankes erfolgt ehrenamtlich, insbes. hinsichtlich Sauberkeit und Literatursichtung.<\/p>\n<p><em>Teil 2:<\/em><\/p>\n<p>12 Drahtgitterst\u00fchle (zur Verhinderung von Diebstahl durch Ketten gesichert) zur freien Platzierung auf dem Katanienplatz zur Verf\u00fcgung stellen. Menschen k\u00f6nnen sich so spontan zu Gruppen zusammensetzen, um miteinander ins Gespr\u00e4ch zu kommen. Angeleitet durch eine Honorarkraft sollen feste Treffen in der Stuhlrunde z.B. zum gemeinsamen Lesen und Kl\u00f6nen angeboten werden. Diese Runden sollen Vereinsamung von nicht vereinsgebundenen Menschen entgegenwirken und den Gebrauch der deutschen Sprache schulen. Zielgruppen sind \u00e4ltere Menschen, Arbeitslose, Migranten, Kinder- und Jugendliche und alle Lesebegeisterten. Die Honorarkraft spricht Streetwork und Integrationsgruppe an, um diese an den Treffen zu beteiligen und\/oder zu eigenen Aktionen anzuleiten. Ebenso sind die \u00f6rtlichen Vereinen als Kooperationspartner zu gewinnen. Die Honorarkraft soll zudem Ehrenamtliche gewinnen, die selbstst\u00e4ndig Treffen durchf\u00fchren.<\/p>\n<p>Projekttr\u00e4ger: Verein Letter-fit: Miteinander-F\u00fcreinander e.V. Zeitraum: 2011 (Beginn sofort nach Bewilligung)<\/p>\n","protected":false},"excerpt":{"rendered":"<p>Abgelehntes Mikroprojekt 2011 vielleicht in Teilen noch umsetzbar Letter-fit: Miteinander-F\u00fcreinander e.V. Ziel, Umsetzung, Organisationsform des Mikroprojektes Ziel: Belebung des Kastanienplatzes Unterziele: &#8211; Lesef\u00f6rderung &#8211; Kommunikationspunkt\/Treffpunkt &#8211; Bewohner achten auf den Schrank; Identifikation mit dem Stadtteil &#8211; Behelf wegen fehlender B\u00fccherei im Stadtteil &#8211; isoliert lebende Menschen und Bewohner des Altenheimes vor die T\u00fcr locken mit &hellip; <\/p>\n<p class=\"link-more\"><a href=\"https:\/\/letter-fit.de\/letterfit\/index.php\/belebung-kastanienplatz\/\" class=\"more-link\"><span class=\"screen-reader-text\">\u201eBelebung Kastanienplatz\u201c <\/span>weiterlesen<\/a><\/p>\n","protected":false},"author":1,"featured_media":0,"parent":0,"menu_order":0,"comment_status":"closed","ping_status":"closed","template":"","meta":{"footnotes":""},"class_list":["post-443","page","type-page","status-publish","hentry"],"post_mailing_queue_ids":[],"_links":{"self":[{"href":"https:\/\/letter-fit.de\/letterfit\/index.php\/wp-json\/wp\/v2\/pages\/443","targetHints":{"allow":["GET"]}}],"collection":[{"href":"https:\/\/letter-fit.de\/letterfit\/index.php\/wp-json\/wp\/v2\/pages"}],"about":[{"href":"https:\/\/letter-fit.de\/letterfit\/index.php\/wp-json\/wp\/v2\/types\/page"}],"author":[{"embeddable":true,"href":"https:\/\/letter-fit.de\/letterfit\/index.php\/wp-json\/wp\/v2\/users\/1"}],"replies":[{"embeddable":true,"href":"https:\/\/letter-fit.de\/letterfit\/index.php\/wp-json\/wp\/v2\/comments?post=443"}],"version-history":[{"count":6,"href":"https:\/\/letter-fit.de\/letterfit\/index.php\/wp-json\/wp\/v2\/pages\/443\/revisions"}],"predecessor-version":[{"id":832,"href":"https:\/\/letter-fit.de\/letterfit\/index.php\/wp-json\/wp\/v2\/pages\/443\/revisions\/832"}],"wp:attachment":[{"href":"https:\/\/letter-fit.de\/letterfit\/index.php\/wp-json\/wp\/v2\/media?parent=443"}],"curies":[{"name":"wp","href":"https:\/\/api.w.org\/{rel}","templated":true}]}}