{"id":442,"date":"2017-04-06T09:59:36","date_gmt":"2017-04-06T09:59:36","guid":{"rendered":"http:\/\/grafmoehring.de\/letter-fit\/?page_id=442"},"modified":"2021-03-16T13:43:38","modified_gmt":"2021-03-16T12:43:38","slug":"kulturbegleiter-2","status":"publish","type":"page","link":"https:\/\/letter-fit.de\/letterfit\/index.php\/kulturbegleiter-2\/","title":{"rendered":"Kulturbegleiter"},"content":{"rendered":"<div class=\"csc-header csc-header-n3\">\n<h1>Kulturbegleiter Letter (zur Zeit nicht m\u00f6glich)<\/h1>\n<\/div>\n<div class=\"csc-textpic csc-textpic-intext-right\">\n<div class=\"csc-textpic-imagewrap\">\n<dl class=\"csc-textpic-image csc-textpic-firstcol csc-textpic-lastcol\">\n<dt><img loading=\"lazy\" decoding=\"async\" src=\"http:\/\/www.letter-fit.de\/typo3temp\/pics\/51c0078cd2.jpg\" alt=\"\" width=\"200\" height=\"110\" border=\"0\"><\/dt>\n<dd class=\"csc-textpic-caption\"><\/dd>\n<\/dl>\n<\/div>\n<div class=\"csc-textpic-text\">\n<p class=\"bodytext\">Sie gehen gerne ins Kino oder Konzert, besuchen Ausstellungen oder Museen? Sie w\u00fcrden dies gerne gemeinsam mit anderen tun?<\/p>\n<p class=\"bodytext\">Dann sind Sie hier richtig:<\/p>\n<p class=\"bodytext\">Der Verein Letter-fit: Miteinander-F\u00fcreinander e.V. vermittelt Kulturinteressierte zum gemeinsamen Besuch von Veranstaltungen.<\/p>\n<p class=\"bodytext\">Jeder und Jede aus Letter kann sich melden, unabh\u00e4ngig vom Alter, Geschlecht, Bildungsstand, Handicap etc.<\/p>\n<p class=\"bodytext\">Bitte Fragebogen ausf\u00fcllen und beim Verein abgeben (email an letter-fit@web.de).<\/p>\n<p class=\"bodytext\"><a class=\"download\" title=\"Startet den Datei-Download\" href=\"http:\/\/www.letter-fit.de\/fileadmin\/user_upload\/PDF\/Kulturbegleiter-Fragebogen.pdf\" target=\"page\" rel=\"noopener\">Fragebogen<\/a><\/p>\n<p class=\"bodytext\"><a class=\"download\" title=\"Startet den Datei-Download\" href=\"http:\/\/www.letter-fit.de\/fileadmin\/user_upload\/PDF\/Kulturbegleiter.pdf\" target=\"page\" rel=\"noopener\">Aushang<\/a><\/p>\n<\/div>\n<\/div>\n","protected":false},"excerpt":{"rendered":"<p>Kulturbegleiter Letter (zur Zeit nicht m\u00f6glich) Sie gehen gerne ins Kino oder Konzert, besuchen Ausstellungen oder Museen? Sie w\u00fcrden dies gerne gemeinsam mit anderen tun? Dann sind Sie hier richtig: Der Verein Letter-fit: Miteinander-F\u00fcreinander e.V. vermittelt Kulturinteressierte zum gemeinsamen Besuch von Veranstaltungen. Jeder und Jede aus Letter kann sich melden, unabh\u00e4ngig vom Alter, Geschlecht, Bildungsstand, &hellip; <\/p>\n<p class=\"link-more\"><a href=\"https:\/\/letter-fit.de\/letterfit\/index.php\/kulturbegleiter-2\/\" class=\"more-link\"><span class=\"screen-reader-text\">\u201eKulturbegleiter\u201c <\/span>weiterlesen<\/a><\/p>\n","protected":false},"author":1,"featured_media":0,"parent":0,"menu_order":0,"comment_status":"closed","ping_status":"closed","template":"","meta":{"footnotes":""},"class_list":["post-442","page","type-page","status-publish","hentry"],"post_mailing_queue_ids":[],"_links":{"self":[{"href":"https:\/\/letter-fit.de\/letterfit\/index.php\/wp-json\/wp\/v2\/pages\/442","targetHints":{"allow":["GET"]}}],"collection":[{"href":"https:\/\/letter-fit.de\/letterfit\/index.php\/wp-json\/wp\/v2\/pages"}],"about":[{"href":"https:\/\/letter-fit.de\/letterfit\/index.php\/wp-json\/wp\/v2\/types\/page"}],"author":[{"embeddable":true,"href":"https:\/\/letter-fit.de\/letterfit\/index.php\/wp-json\/wp\/v2\/users\/1"}],"replies":[{"embeddable":true,"href":"https:\/\/letter-fit.de\/letterfit\/index.php\/wp-json\/wp\/v2\/comments?post=442"}],"version-history":[{"count":5,"href":"https:\/\/letter-fit.de\/letterfit\/index.php\/wp-json\/wp\/v2\/pages\/442\/revisions"}],"predecessor-version":[{"id":2556,"href":"https:\/\/letter-fit.de\/letterfit\/index.php\/wp-json\/wp\/v2\/pages\/442\/revisions\/2556"}],"wp:attachment":[{"href":"https:\/\/letter-fit.de\/letterfit\/index.php\/wp-json\/wp\/v2\/media?parent=442"}],"curies":[{"name":"wp","href":"https:\/\/api.w.org\/{rel}","templated":true}]}}