{"id":413,"date":"2017-01-01T00:00:24","date_gmt":"2016-12-31T22:00:24","guid":{"rendered":"http:\/\/grafmoehring.de\/letter-fit\/?page_id=413"},"modified":"2021-03-16T13:31:09","modified_gmt":"2021-03-16T12:31:09","slug":"rathaus","status":"publish","type":"page","link":"https:\/\/letter-fit.de\/letterfit\/index.php\/rathaus\/","title":{"rendered":"Altes Rathaus 2017"},"content":{"rendered":"<div class=\"csc-textpicHeader csc-textpicHeader-25\">\n<h1>Altes Rathaus Letter 2017<\/h1>\n<\/div>\n<div>Der Verkauf des Alten Rathauses ist akut.<\/div>\n<div>Die Verwaltung strebt einen bedingungslosen Verkauf des Grundst\u00fcckes f\u00fcr 4-geschossige Wohnbebauung an.<\/div>\n<div><\/div>\n<div>Der Verein mag das so nicht akzeptieren und verlangt zumindest Antworten auf dr\u00e4ngende Fragen.<\/div>\n<div><\/div>\n<div>Dazu hat der Verein im M\u00e4rz 2017 zu einem ersten B\u00fcrgergespr\u00e4ch zwischen Politik und B\u00fcrgern eingeladen. Leider hat sich die Verwaltung geweigert, die Einladung an den Rat der Stadt weiter zu leiten, so da\u00df nicht alle die Einladung erhalten haben. <a href=\"http:\/\/letter-fit.de\/letterfit\/index.php\/buergergespraech-altes-rathaus-letter\/\">http:\/\/letter-fit.de\/letterfit\/index.php\/buergergespraech-altes-rathaus-letter\/<\/a><\/div>\n<div><\/div>\n<div>Mit Gerold Papsch und Rolf Hackbarth war es dennoch ein erfolgreiches Gespr\u00e4ch. <a href=\"http:\/\/letter-fit.de\/letterfit\/index.php\/erfolgreiches-buergergespraech\/\">http:\/\/letter-fit.de\/letterfit\/index.php\/erfolgreiches-buergergespraech\/<\/a><\/div>\n<div><\/div>\n<div>Nachdem die <a href=\"https:\/\/seelze.more-rubin1.de\/anlagen.php?anz=be&amp;vid=81708100349&amp;sid=ni_2017-1-103&amp;status=1&amp;x=17&amp;y=8\">Beschlu\u00dfvorlage <\/a>zum Alten Rathaus- Verkauf ver\u00f6ffentlicht wurde, ludt der Verein wie vereinabrt zum 2. B\u00fcrgergespr\u00e4ch, diesmal wurden alle Ratsmitglieder mit email vom Verein angeschrieben. Die Resonanz von Poltikern und B\u00fcrgern war gr\u00f6\u00dfer als beim ersten Gespr\u00e4ch.<\/div>\n<div>Leider blieben die Fragen zum Gro\u00dfteil ungekl\u00e4rt. <a href=\"http:\/\/letter-fit.de\/letterfit\/index.php\/2017\/09\/07\/2-buergergespraech-zum-alten-rathaus\/\">http:\/\/letter-fit.de\/letterfit\/index.php\/2017\/09\/07\/2-buergergespraech-zum-alten-rathaus\/<\/a><\/div>\n<div><\/div>\n<div>Auch der Besuch des Ausschusses Bau und Umwelt wie auch der Ratsitzung brachte nur die Erkenntnis, da\u00df sich niemand mit den Fragen auseinander setzen will, allein das zu erwartende Geld z\u00e4hlt &#8211; koste es, was es wolle.<\/div>\n<div><\/div>\n<div>Seit 1.9.2017 ist die Ausschreibung ver\u00f6ffentlicht und das Bieterverfahren hat begonnen.<\/div>\n<div><\/div>\n<div><strong>Offene Fragen bzw. unbefriedigende Antworten:<\/strong><\/div>\n<div>&#8211; Die Anmietung von R\u00e4umen in der Sparkasse wird teuerer als die Betriebskosten des Alten Rathauses. Wieso ist das eine Sparma\u00dfname?<br \/>\n-&gt; Einsparung Instandhaltung<\/div>\n<div>&#8211; Wieso wird nicht die Unterbringung der Volkshochsule im Schulaltbau gepr\u00fcft, der sp\u00e4testens 2019 leer steht. Unterbringung in eigenen R\u00e4umen w\u00e4re g\u00fcnstiger als in gemieteten.<\/div>\n<div>-&gt; Verkauf soll so schnell wie m\u00f6glich erfolgen, keine Konzept f\u00fcr die Schule vorgesehen (au\u00dfer Verkauf und Abri\u00df)<\/div>\n<div><\/div>\n<div>&#8211; Wieso ist die Gr\u00fcnfl\u00e4che vor dem Alten Rathaus nicht erhaltensw\u00fcrdig? Sie ist als Aufstellfl\u00e4che f\u00fcr den Katastrophenfall ausgewiesen (Ersatz noch nicht gekl\u00e4rt) und die einzige Gr\u00fcnfl\u00e4che in Letter, die keine Funktionsfl\u00e4che ist. Zudem Veranstaltungsfl\u00e4che f\u00fcr zahlreiche Feierlichkeiten.<\/div>\n<div>-&gt; Verkauf soll maximalen Gewinn erzielen<\/div>\n<div><\/div>\n<div>&#8211; Was passiert mit der M\u00f6blierung der Fl\u00e4che wie \u00f6ffentliches Telefon, Palettengarten, Kunstwerke, B\u00fccherschrank, Wullfs-Brunnen etc.<\/div>\n<div>-&gt; Der Investor wird es richten<\/div>\n<div><\/div>\n<div>&#8211; wieso kann der Investor den Bebauungsplan selbst erstellen? M\u00fc\u00dften nicht Randbedingungen von Verwaltung und Politik erfolgen? Wo bleibt der Gestaltungswille?<\/div>\n<div>-&gt; Wir wollen alles erm\u00f6glichen.<\/div>\n<div><\/div>\n<div>&#8211; Kriterien der Auswahlmatrix sind zu unpr\u00e4zise, insbes. wird nicht gefordert, da\u00df Parkpl\u00e4tze, Gr\u00fcnanlagen etc. \u00f6ffentlich zug\u00e4nglich bleiben.<\/div>\n<div>-&gt; Die Investoren w\u00fc\u00dften schon, was gemeint ist.<\/div>\n<div><\/div>\n<div>&#8211; M\u00fc\u00dfte es nicht eine Mindestpunktzahl geben, um den verkauf an einen Bieter, der au\u00dfer Geld nichts erf\u00fcllt, zu verhindern?<\/div>\n<div>-&gt; wir m\u00fcssen nicht verkaufen und es sind genug Bieter da, das regelt sich.<\/div>\n<div><\/div>\n<div>Der Wunsch, die Schaffung von Gemeinwesenr\u00e4umen, die in Letter akut fehlen, als Kriterium aufzunehmen, wurde nicht erh\u00f6rt, wohl aber die Aufnahme eines Kriteriums f\u00fcr den Erhalt des Alten Rathauses.<\/div>\n<div><\/div>\n","protected":false},"excerpt":{"rendered":"<p>Altes Rathaus Letter 2017 Der Verkauf des Alten Rathauses ist akut. Die Verwaltung strebt einen bedingungslosen Verkauf des Grundst\u00fcckes f\u00fcr 4-geschossige Wohnbebauung an. Der Verein mag das so nicht akzeptieren und verlangt zumindest Antworten auf dr\u00e4ngende Fragen. Dazu hat der Verein im M\u00e4rz 2017 zu einem ersten B\u00fcrgergespr\u00e4ch zwischen Politik und B\u00fcrgern eingeladen. Leider hat &hellip; <\/p>\n<p class=\"link-more\"><a href=\"https:\/\/letter-fit.de\/letterfit\/index.php\/rathaus\/\" class=\"more-link\"><span class=\"screen-reader-text\">\u201eAltes Rathaus 2017\u201c <\/span>weiterlesen<\/a><\/p>\n","protected":false},"author":1,"featured_media":0,"parent":0,"menu_order":0,"comment_status":"closed","ping_status":"closed","template":"","meta":{"footnotes":""},"class_list":["post-413","page","type-page","status-publish","hentry"],"post_mailing_queue_ids":[],"_links":{"self":[{"href":"https:\/\/letter-fit.de\/letterfit\/index.php\/wp-json\/wp\/v2\/pages\/413","targetHints":{"allow":["GET"]}}],"collection":[{"href":"https:\/\/letter-fit.de\/letterfit\/index.php\/wp-json\/wp\/v2\/pages"}],"about":[{"href":"https:\/\/letter-fit.de\/letterfit\/index.php\/wp-json\/wp\/v2\/types\/page"}],"author":[{"embeddable":true,"href":"https:\/\/letter-fit.de\/letterfit\/index.php\/wp-json\/wp\/v2\/users\/1"}],"replies":[{"embeddable":true,"href":"https:\/\/letter-fit.de\/letterfit\/index.php\/wp-json\/wp\/v2\/comments?post=413"}],"version-history":[{"count":12,"href":"https:\/\/letter-fit.de\/letterfit\/index.php\/wp-json\/wp\/v2\/pages\/413\/revisions"}],"predecessor-version":[{"id":972,"href":"https:\/\/letter-fit.de\/letterfit\/index.php\/wp-json\/wp\/v2\/pages\/413\/revisions\/972"}],"wp:attachment":[{"href":"https:\/\/letter-fit.de\/letterfit\/index.php\/wp-json\/wp\/v2\/media?parent=413"}],"curies":[{"name":"wp","href":"https:\/\/api.w.org\/{rel}","templated":true}]}}