{"id":412,"date":"2017-01-01T00:00:24","date_gmt":"2016-12-31T22:00:24","guid":{"rendered":"http:\/\/grafmoehring.de\/letter-fit\/?page_id=412"},"modified":"2021-03-16T13:48:05","modified_gmt":"2021-03-16T12:48:05","slug":"palettengarten","status":"publish","type":"page","link":"https:\/\/letter-fit.de\/letterfit\/index.php\/palettengarten\/","title":{"rendered":"Palettengarten bemalen 2017"},"content":{"rendered":"<div class=\"csc-header csc-header-n1\">\n<div class=\"csc-textpic csc-textpic-intext-right\">\n<div class=\"csc-textpic-imagewrap\">\n<dl class=\"csc-textpic-image csc-textpic-firstcol csc-textpic-lastcol\">\n<dt><img loading=\"lazy\" decoding=\"async\" src=\"http:\/\/letter-fit.de\/typo3temp\/pics\/b89c21e75d.jpg\" alt=\"\" width=\"200\" height=\"150\" border=\"0\"><\/dt>\n<dd class=\"csc-textpic-caption\"><\/dd>\n<\/dl>\n<\/div>\n<div class=\"csc-textpic-text\">\n<p class=\"bodytext\">Der Palettengarten soll von Kindergartenkindern und Gefl\u00fcchteten am 1.4.17 ab 10:30 Uhr bemalt werden.<\/p>\n<p class=\"bodytext\">Der Ortsrat hat, nachdem der Verein einen Entwurf f\u00fcr die Bemalung in Muster und Farbschema vorgelegt hat, die Bemalung laut Entwurf genehmigt.<\/p>\n<p>Der Palettengarten soll auch in wachstumsarmen Phasen attraktiv aussehen und wird deshalb bemalt. Gleichzeitig woll die Begegnung von Lettarnern mit Gefl\u00fcchteten gef\u00f6rdert werden durch die gemeinsame Aktion.<\/p>\n<p>Am 31.3. ab 15 Uhr sollen die Kisten grundiert werden. Wer dabei helfen will ist gerne gesehen.<\/p>\n<p>Schutzkleidung ist selbst mitzubringen.<img loading=\"lazy\" decoding=\"async\" class=\"alignright\" src=\"http:\/\/letter-fit.de\/typo3temp\/pics\/ace193e165.jpg\" alt=\"\" width=\"300\" height=\"225\" border=\"0\"><\/p>\n<p>Der Verein hat am Samstag 1.4.17 mit Kindern der Kita Hirtenweg und Fl\u00fcchtlingskindern die Kisten des Palettengartens vor dem Alten Rathaus Letter bemalt. Auch einige der Kinder, die letzte Woche in der Gehrhart-Hauptmann-Stra\u00dfe Blumen gepflanzt und M\u00fcll gesammelt haben, waren gekommen.<br \/>\nNun ist der Palettengarten schon vor der Vegetation erbl\u00fcht. 25 Kinder haben eifrig gemalt und viel Spa\u00df daran gehabt. Teilweise war es etwas un\u00fcbersichtlich. Das Ergebnis kann sich sehen lassen. Die Kinder sind zurecht stolz.<br \/>\nDer Verein hat am Vortag in 3,5-st\u00fcndiger Arbeit die Kisten f\u00fcr die Malaktion vorbereitet. Die Arbeit hat sich gelohnt.<\/p>\n<p>&nbsp;<\/p>\n<\/div>\n<\/div>\n<\/div>\n<div class=\"csc-textpic csc-textpic-intext-right\"><\/div>\n","protected":false},"excerpt":{"rendered":"<p>Der Palettengarten soll von Kindergartenkindern und Gefl\u00fcchteten am 1.4.17 ab 10:30 Uhr bemalt werden. Der Ortsrat hat, nachdem der Verein einen Entwurf f\u00fcr die Bemalung in Muster und Farbschema vorgelegt hat, die Bemalung laut Entwurf genehmigt. Der Palettengarten soll auch in wachstumsarmen Phasen attraktiv aussehen und wird deshalb bemalt. Gleichzeitig woll die Begegnung von Lettarnern &hellip; <\/p>\n<p class=\"link-more\"><a href=\"https:\/\/letter-fit.de\/letterfit\/index.php\/palettengarten\/\" class=\"more-link\"><span class=\"screen-reader-text\">\u201ePalettengarten bemalen 2017\u201c <\/span>weiterlesen<\/a><\/p>\n","protected":false},"author":1,"featured_media":0,"parent":0,"menu_order":0,"comment_status":"closed","ping_status":"closed","template":"","meta":{"footnotes":""},"class_list":["post-412","page","type-page","status-publish","hentry"],"post_mailing_queue_ids":[],"_links":{"self":[{"href":"https:\/\/letter-fit.de\/letterfit\/index.php\/wp-json\/wp\/v2\/pages\/412","targetHints":{"allow":["GET"]}}],"collection":[{"href":"https:\/\/letter-fit.de\/letterfit\/index.php\/wp-json\/wp\/v2\/pages"}],"about":[{"href":"https:\/\/letter-fit.de\/letterfit\/index.php\/wp-json\/wp\/v2\/types\/page"}],"author":[{"embeddable":true,"href":"https:\/\/letter-fit.de\/letterfit\/index.php\/wp-json\/wp\/v2\/users\/1"}],"replies":[{"embeddable":true,"href":"https:\/\/letter-fit.de\/letterfit\/index.php\/wp-json\/wp\/v2\/comments?post=412"}],"version-history":[{"count":5,"href":"https:\/\/letter-fit.de\/letterfit\/index.php\/wp-json\/wp\/v2\/pages\/412\/revisions"}],"predecessor-version":[{"id":2560,"href":"https:\/\/letter-fit.de\/letterfit\/index.php\/wp-json\/wp\/v2\/pages\/412\/revisions\/2560"}],"wp:attachment":[{"href":"https:\/\/letter-fit.de\/letterfit\/index.php\/wp-json\/wp\/v2\/media?parent=412"}],"curies":[{"name":"wp","href":"https:\/\/api.w.org\/{rel}","templated":true}]}}