{"id":411,"date":"2017-04-06T09:57:24","date_gmt":"2017-04-06T09:57:24","guid":{"rendered":"http:\/\/grafmoehring.de\/letter-fit\/?page_id=411"},"modified":"2021-03-17T15:00:06","modified_gmt":"2021-03-17T14:00:06","slug":"ausblick","status":"publish","type":"page","link":"https:\/\/letter-fit.de\/letterfit\/index.php\/ausblick\/","title":{"rendered":"Ausblick"},"content":{"rendered":"<p class=\"bodytext\">Der Verein ist beim Kastanienfest mit einem Infostand und Spielen vertreten, gerne auch bei anderen Festen im Stadtteil.<\/p>\n<p class=\"bodytext\">Der Verein hat 2013 nach 4 Jahren endlich den Offenen B\u00fccherschrank aufstellen k\u00f6nnen. Die Auflage der Stadt ist eine Haftpflichtversicherung f\u00fcr den Schrank, die j\u00e4hrlich 111 \u20ac kostet, die durch Spenden aufgebracht werden m\u00fcssen.<\/p>\n<p class=\"bodytext\">Die Vetrauensb\u00fccherei wurde parallel weiter gef\u00fchrt im Alten Rathaus Letter. Da dieses verkauft und abgerissen wurde, mu\u00dfte der Verein die Vertrauensb\u00fccherei im Juli 2018 schlie\u00dfen und sucht nun eine neue kostenlose Aufstellm\u00f6glichkeit im Zentrum von Letter.<\/p>\n<p class=\"bodytext\">Das Projekt Kulturbegleiter will Menschen zusammenf\u00fchren, die gerne ausgehen und dies nicht alleine tun wollen, sondern mit anderen gemeinsam. Zur Zeit ist dies nicht m\u00f6glich.<\/p>\n<p class=\"bodytext\">Die Neuauflage der erfolgreichen Brosch\u00fcre &#8222;was ist los in Letter?&#8220; erfolgte 2016 und ist an den Infost\u00e4nden und unter Download erh\u00e4ltlich. Ein herzlicher Dank an die Spender.<br \/>\nDa derzeit in Letter noch viel im Umbruch ist, wird es eine weitere Auflage nicht vor Ende 2021 geben.<\/p>\n<p class=\"bodytext\">Mit dem Verkauf des Rathauses ist auch das Projekt &#8222;E\u00dfbare Stadt&#8220; mit Palettenkisten vor dem Alten Rathaus beendet und die Kisten haben teilweise eine neue Heimat gefunden\u00a0 bei anderen gemeinn\u00fctzigen Organisationen.<\/p>\n<p class=\"bodytext\">In Abh\u00e4ngigkeit von Menschen, die sich engagieren wollen, entwickeln wir auch kurzfristig sch\u00f6ne Angebote, f\u00fcr Jung und Alt, f\u00fcr bestimmte Zielgruppe oder mehrere Gruppen zusammenzubringen.<\/p>\n<p class=\"bodytext\">Wir sind auch bem\u00fcht, Jugendlichen die M\u00f6glichkeit zu geben, ihre Sozialstunden abzuleisten.<\/p>\n","protected":false},"excerpt":{"rendered":"<p>Der Verein ist beim Kastanienfest mit einem Infostand und Spielen vertreten, gerne auch bei anderen Festen im Stadtteil. Der Verein hat 2013 nach 4 Jahren endlich den Offenen B\u00fccherschrank aufstellen k\u00f6nnen. Die Auflage der Stadt ist eine Haftpflichtversicherung f\u00fcr den Schrank, die j\u00e4hrlich 111 \u20ac kostet, die durch Spenden aufgebracht werden m\u00fcssen. Die Vetrauensb\u00fccherei wurde &hellip; <\/p>\n<p class=\"link-more\"><a href=\"https:\/\/letter-fit.de\/letterfit\/index.php\/ausblick\/\" class=\"more-link\"><span class=\"screen-reader-text\">\u201eAusblick\u201c <\/span>weiterlesen<\/a><\/p>\n","protected":false},"author":1,"featured_media":0,"parent":0,"menu_order":0,"comment_status":"closed","ping_status":"closed","template":"","meta":{"footnotes":""},"class_list":["post-411","page","type-page","status-publish","hentry"],"post_mailing_queue_ids":[],"_links":{"self":[{"href":"https:\/\/letter-fit.de\/letterfit\/index.php\/wp-json\/wp\/v2\/pages\/411","targetHints":{"allow":["GET"]}}],"collection":[{"href":"https:\/\/letter-fit.de\/letterfit\/index.php\/wp-json\/wp\/v2\/pages"}],"about":[{"href":"https:\/\/letter-fit.de\/letterfit\/index.php\/wp-json\/wp\/v2\/types\/page"}],"author":[{"embeddable":true,"href":"https:\/\/letter-fit.de\/letterfit\/index.php\/wp-json\/wp\/v2\/users\/1"}],"replies":[{"embeddable":true,"href":"https:\/\/letter-fit.de\/letterfit\/index.php\/wp-json\/wp\/v2\/comments?post=411"}],"version-history":[{"count":8,"href":"https:\/\/letter-fit.de\/letterfit\/index.php\/wp-json\/wp\/v2\/pages\/411\/revisions"}],"predecessor-version":[{"id":2621,"href":"https:\/\/letter-fit.de\/letterfit\/index.php\/wp-json\/wp\/v2\/pages\/411\/revisions\/2621"}],"wp:attachment":[{"href":"https:\/\/letter-fit.de\/letterfit\/index.php\/wp-json\/wp\/v2\/media?parent=411"}],"curies":[{"name":"wp","href":"https:\/\/api.w.org\/{rel}","templated":true}]}}