{"id":410,"date":"2017-04-06T09:57:24","date_gmt":"2017-04-06T09:57:24","guid":{"rendered":"http:\/\/grafmoehring.de\/letter-fit\/?page_id=410"},"modified":"2021-03-16T13:50:42","modified_gmt":"2021-03-16T12:50:42","slug":"spenden","status":"publish","type":"page","link":"https:\/\/letter-fit.de\/letterfit\/index.php\/spenden\/","title":{"rendered":"Spenden"},"content":{"rendered":"<div class=\"csc-textpic csc-textpic-center csc-textpic-below\">\n<div class=\"csc-textpic-text\">\n<p class=\"bodytext\">Spendenaufruf zur Finanzierung<br \/>\nunserer ehrenamtlichen Arbeit<br \/>\nin Letter, f\u00fcr Letter und mit Letteranern<\/p>\n<p class=\"bodytext\">Jede Spende ist willkommen:<br \/>\neinmalig, regelm\u00e4\u00dfig,<br \/>\nals Sponsor, als F\u00f6rdermitglied, als Mitglied.<\/p>\n<p class=\"bodytext\"><strong>DE43 8306 5408 0004 9473 39<\/strong><br \/>\n<strong>BIC GENO DEF1 SUR<\/strong><br \/>\n<strong>Deutsche Skatbank<\/strong><\/p>\n<p class=\"bodytext\"><strong>Der Verein ist gemeinn\u00fctzig und kann Spendenbescheinigungen ausstellen.<\/strong><\/p>\n<p>&nbsp;<\/p>\n<p class=\"bodytext\">Bei Klick auf das Logo k\u00f6nnen Sie Ihre Spende online vornehmen und sparen sich den Weg zur Bank und das Ausf\u00fcllen der \u00dcberweisungstr\u00e4ger:<\/p>\n<\/div>\n<div class=\"csc-textpic-imagewrap\">\n<dl class=\"csc-textpic-image csc-textpic-firstcol csc-textpic-lastcol\">\n<dt><a href=\"https:\/\/www.spendenportal.de\/formulare\/spendenformular.php?id=309261019498\" target=\"_blank\" rel=\"noopener\"><img loading=\"lazy\" decoding=\"async\" class=\"aligncenter\" src=\"http:\/\/www.letter-fit.de\/typo3temp\/pics\/450b17b0d3.jpg\" alt=\"\" width=\"100\" height=\"83\" border=\"0\"><\/a><\/dt>\n<\/dl>\n<\/div>\n<\/div>\n<div class=\"csc-textpic csc-textpic-intext-right-nowrap\">\n<div class=\"csc-textpic-imagewrap\"><\/div>\n<div>\n<div class=\"csc-textpic-text\">\n<p class=\"bodytext\">Artikel unter <a class=\"external-link-new-window\" title=\"\u00d6ffnet einen externen Link in einem neuen Fenster\" href=\"http:\/\/www.myheimat.de\/gruppen\/letter-fit-miteinander-fuereinander-ev-1587.html\" target=\"_blank\" rel=\"noopener\">http:\/\/www.myheimat.de\/gruppen\/letter-fit-miteinander-fuereinander-ev-1587.html<\/a><\/p>\n<p class=\"bodytext\"><a href=\"http:\/\/www.myheimat.de\/gruppen\/letter-fit-miteinander-fuereinander-ev-1587.html\"><img loading=\"lazy\" decoding=\"async\" class=\"aligncenter wp-image-455 size-full\" src=\"http:\/\/letter-fit.de\/letterfit\/wp-content\/uploads\/2017\/03\/ad3ef41bb7.jpg\" alt=\"\" width=\"50\" height=\"57\"><\/a><\/p>\n<\/div>\n<\/div>\n<\/div>\n","protected":false},"excerpt":{"rendered":"<p>Spendenaufruf zur Finanzierung unserer ehrenamtlichen Arbeit in Letter, f\u00fcr Letter und mit Letteranern Jede Spende ist willkommen: einmalig, regelm\u00e4\u00dfig, als Sponsor, als F\u00f6rdermitglied, als Mitglied. DE43 8306 5408 0004 9473 39 BIC GENO DEF1 SUR Deutsche Skatbank Der Verein ist gemeinn\u00fctzig und kann Spendenbescheinigungen ausstellen. &nbsp; Bei Klick auf das Logo k\u00f6nnen Sie Ihre Spende &hellip; <\/p>\n<p class=\"link-more\"><a href=\"https:\/\/letter-fit.de\/letterfit\/index.php\/spenden\/\" class=\"more-link\"><span class=\"screen-reader-text\">\u201eSpenden\u201c <\/span>weiterlesen<\/a><\/p>\n","protected":false},"author":1,"featured_media":0,"parent":0,"menu_order":0,"comment_status":"closed","ping_status":"closed","template":"","meta":{"footnotes":""},"class_list":["post-410","page","type-page","status-publish","hentry"],"post_mailing_queue_ids":[],"_links":{"self":[{"href":"https:\/\/letter-fit.de\/letterfit\/index.php\/wp-json\/wp\/v2\/pages\/410","targetHints":{"allow":["GET"]}}],"collection":[{"href":"https:\/\/letter-fit.de\/letterfit\/index.php\/wp-json\/wp\/v2\/pages"}],"about":[{"href":"https:\/\/letter-fit.de\/letterfit\/index.php\/wp-json\/wp\/v2\/types\/page"}],"author":[{"embeddable":true,"href":"https:\/\/letter-fit.de\/letterfit\/index.php\/wp-json\/wp\/v2\/users\/1"}],"replies":[{"embeddable":true,"href":"https:\/\/letter-fit.de\/letterfit\/index.php\/wp-json\/wp\/v2\/comments?post=410"}],"version-history":[{"count":4,"href":"https:\/\/letter-fit.de\/letterfit\/index.php\/wp-json\/wp\/v2\/pages\/410\/revisions"}],"predecessor-version":[{"id":2565,"href":"https:\/\/letter-fit.de\/letterfit\/index.php\/wp-json\/wp\/v2\/pages\/410\/revisions\/2565"}],"wp:attachment":[{"href":"https:\/\/letter-fit.de\/letterfit\/index.php\/wp-json\/wp\/v2\/media?parent=410"}],"curies":[{"name":"wp","href":"https:\/\/api.w.org\/{rel}","templated":true}]}}