{"id":409,"date":"2017-04-06T09:57:24","date_gmt":"2017-04-06T09:57:24","guid":{"rendered":"http:\/\/grafmoehring.de\/letter-fit\/?page_id=409"},"modified":"2021-03-16T13:49:45","modified_gmt":"2021-03-16T12:49:45","slug":"satzung","status":"publish","type":"page","link":"https:\/\/letter-fit.de\/letterfit\/index.php\/satzung\/","title":{"rendered":"Satzung"},"content":{"rendered":"<div class=\"csc-header csc-header-n1\">\n<h1 class=\"csc-firstHeader\">Vereinssatzung<\/h1>\n<\/div>\n<h6><a name=\"_Toc90717934\"><\/a><a name=\"_Toc90717934\"><\/a><em>\u00a7 1 Name, Sitz und Gesch\u00e4ftsjahr<\/em><a name=\"_Toc90717934\"><\/a><a name=\"_Toc90717934\"><\/a><\/h6>\n<p class=\"bodytext\">1.&nbsp;&nbsp;&nbsp;&nbsp;&nbsp; Der Verein f\u00fchrt den Namen \u201eLetter-fit: Miteinander-F\u00fcreinander e.V.\u201c&nbsp;&nbsp; &#8211; im folgenden \u201cVerein\u201d genannt \u2013<\/p>\n<p class=\"bodytext\">2.&nbsp;&nbsp;&nbsp;&nbsp;&nbsp; Der Verein hat seinen Sitz in 30926 Seelze und wird im Vereinsregister beim Amtsgericht Hannover eingetragen.<\/p>\n<p class=\"bodytext\">3.&nbsp;&nbsp;&nbsp;&nbsp;&nbsp; Das Gesch\u00e4ftsjahr ist das Kalenderjahr.<\/p>\n<h6><a name=\"_Toc90717935\"><\/a><em>\u00a7 2 Zweckbestimmung<\/em><a name=\"_Toc90717934\"><\/a><a name=\"_Toc90717934\"><\/a><\/h6>\n<p class=\"bodytext\">1.&nbsp; Der Zweck des Vereins ist insbesondere<\/p>\n<p class=\"bodytext\"><em>&#8211;<\/em>&nbsp;&nbsp;&nbsp;&nbsp;&nbsp;&nbsp;&nbsp;&nbsp; Die Zusammenarbeit mit anderen sozialen, kulturellen Initiativen vor Ort und Koordination lokaler sozialer und kultureller Arbeit.<\/p>\n<p class=\"bodytext\"><em>&#8211;<\/em>&nbsp;&nbsp;&nbsp;&nbsp;&nbsp;&nbsp;&nbsp;&nbsp; Rein Finanzielle Unterst\u00fctzung von anderen sozialen, kulturellen Initiativen vor Ort, wenn sie als gemeinn\u00fctzig anerkannt sind<\/p>\n<p class=\"bodytext\"><em>&#8211;<\/em>&nbsp;&nbsp;&nbsp;&nbsp;&nbsp;&nbsp;&nbsp;&nbsp; Vorbeugende, helfende T\u00e4tigkeit auf allen Gebieten der sozialen Arbeit, Anregungen und Hilfe zur Selbsthilfe<\/p>\n<p class=\"bodytext\"><em>&#8211;<\/em>&nbsp;&nbsp;&nbsp;&nbsp;&nbsp;&nbsp;&nbsp;&nbsp; F\u00f6rderung der Jugend- und Altenhilfe<\/p>\n<p class=\"bodytext\"><em>&#8211;<\/em>&nbsp;&nbsp;&nbsp;&nbsp;&nbsp;&nbsp;&nbsp;&nbsp; F\u00f6rderung der Erziehung und Bildung<\/p>\n<p class=\"bodytext\"><em>&#8211;<\/em>&nbsp;&nbsp;&nbsp;&nbsp;&nbsp;&nbsp;&nbsp;&nbsp; F\u00f6rderung des ehrenamtlichen Engagements<\/p>\n<p class=\"bodytext\"><em>&#8211;<\/em>&nbsp;&nbsp;&nbsp;&nbsp;&nbsp;&nbsp;&nbsp;&nbsp; F\u00f6rderung internationaler Gesinnung, der Toleranz auf allen Gebieten der Kultur und des V\u00f6lkerverst\u00e4ndigungsgedankens<em>.<\/em><\/p>\n<p class=\"bodytext\">Die Satzungszwecke werden verwirklicht insbesondere durch<\/p>\n<p class=\"bodytext\"><em>&#8211;<\/em>&nbsp;&nbsp;&nbsp;&nbsp;&nbsp;&nbsp;&nbsp; Vernetzung der Angebote<\/p>\n<p class=\"bodytext\"><em>&#8211;<\/em>&nbsp;&nbsp;&nbsp;&nbsp;&nbsp;&nbsp;&nbsp; Information der B\u00fcrger<\/p>\n<p class=\"bodytext\"><em>&#8211;<\/em>&nbsp;&nbsp;&nbsp;&nbsp;&nbsp;&nbsp;&nbsp; Organisation ehrenamtlicher Arbeit<\/p>\n<p class=\"bodytext\"><em>&#8211;<\/em>&nbsp;&nbsp;&nbsp;&nbsp;&nbsp;&nbsp;&nbsp; Schaffung und Unterhaltung bzw. Anregung von Einrichtungen wie Begegnungsst\u00e4tten, Ma\u00dfnahmen und Aktionen<\/p>\n<p class=\"bodytext\"><em>&#8211;<\/em>&nbsp;&nbsp;&nbsp;&nbsp;&nbsp;&nbsp;&nbsp; \u00d6ffentlichkeitsarbeit und Fortbildung<\/p>\n<p class=\"bodytext\"><em>&#8211;<\/em>&nbsp;&nbsp;&nbsp;&nbsp;&nbsp;&nbsp;&nbsp; Mitarbeit in Aussch\u00fcssen der \u00f6ffentlichen Hand<\/p>\n<p class=\"bodytext\"><em>&#8211;<\/em>&nbsp;&nbsp;&nbsp;&nbsp;&nbsp;&nbsp;&nbsp; Betreuung von Senioren<\/p>\n<p class=\"bodytext\"><em>&#8211;<\/em>&nbsp;&nbsp;&nbsp;&nbsp;&nbsp;&nbsp;&nbsp; Lese- und Vorleseaktionen f\u00fcr Kinder<\/p>\n<p class=\"bodytext\"><em>&#8211;<\/em>&nbsp;&nbsp;&nbsp;&nbsp;&nbsp;&nbsp;&nbsp; Nachbarschaftshilfe<\/p>\n<p class=\"bodytext\">2.&nbsp;&nbsp;&nbsp;&nbsp;&nbsp; F\u00fcr die Erf\u00fcllung dieser satzungsm\u00e4\u00dfigen Zwecke sollen geeignete Mittel durch Beitr\u00e4ge, Spenden, \u00f6ffentlichen Zusch\u00fcsse und sonstige Zuwendungen eingesetzt werden.<\/p>\n<p class=\"bodytext\">3.&nbsp;&nbsp;&nbsp;&nbsp;&nbsp; Der Verein verfolgt ausschlie\u00dflich und unmittelbar gemeinn\u00fctzige Zwecke im Sinne des Abschnitts \u201cSteuerbeg\u00fcnstigte Zwecke\u201d der Abgabenordnung in der jeweils g\u00fcltigen Fassung.<\/p>\n<p class=\"bodytext\">4.&nbsp;&nbsp;&nbsp;&nbsp;&nbsp; Der Verein ist selbstlos t\u00e4tig; er verfolgt nicht in erster Linie eigenwirtschaftliche Zwecke.<\/p>\n<p class=\"bodytext\">5.&nbsp;&nbsp;&nbsp;&nbsp;&nbsp; Mittel des Vereins d\u00fcrfen nur f\u00fcr satzungsgem\u00e4\u00dfe Zwecke verwendet werden. Die Mitglieder des Vereins erhalten in ihrer Eigenschaft als Mitglieder keine Zuwendungen aus Mitteln des Vereins.<\/p>\n<p class=\"bodytext\">6.&nbsp;&nbsp;&nbsp;&nbsp;&nbsp; Es darf keine Person durch Ausgaben, die dem Zweck des Vereins fremd sind oder durch unverh\u00e4ltnism\u00e4\u00dfig hohe Verg\u00fctungen beg\u00fcnstigt werden.<\/p>\n<h6><a name=\"_Toc90717936\"><\/a><em>\u00a7 3 Mitgliedschaft<\/em><a name=\"_Toc90717934\"><\/a><a name=\"_Toc90717934\"><\/a><\/h6>\n<p class=\"bodytext\">Mitglied kann jede nat\u00fcrliche oder juristische Person werden.<\/p>\n<p class=\"bodytext\">Der Verein besteht aus aktiven und F\u00f6rdermitgliedern.<em>&nbsp;<\/em><\/p>\n<p class=\"bodytext\">Aktive Mitglieder sind die im Verein direkt mitarbeitenden Mitglieder; F\u00f6rdermitglieder sind Mitglieder, die sich zwar nicht aktiv innerhalb des Vereins bet\u00e4tigen, jedoch die Ziele und auch den Zweck des Vereins in geeigneter Weise f\u00f6rdern und unterst\u00fctzen.<\/p>\n<p class=\"bodytext\"><a name=\"_Toc90717937\"><\/a><em><strong>\u00a7 4 Rechte und Pflichten der Mitglieder<\/strong><\/em><a name=\"_Toc90717934\"><\/a><em><strong>&nbsp;<\/strong><\/em><\/p>\n<p class=\"bodytext\"><a name=\"_Toc90717937\"><\/a><a name=\"_Toc90717934\"><\/a><\/p>\n<p class=\"bodytext\"><a name=\"_Toc90717934\"><\/a>Die Mitglieder sind berechtigt, an allen angebotenen Veranstaltungen des Vereins teilzunehmen. Sie haben dar\u00fcber das Recht, gegen\u00fcber dem Vorstand und der Mitgliederversammlung Antr\u00e4ge zu stellen. In der Mitgliederversammlung kann das Stimmrecht nur pers\u00f6nlich ausge\u00fcbt werden. Die Mitglieder sind verpflichtet, den Verein und den Vereinszweck \u2013 auch in der \u00d6ffentlichkeit \u2013 in ordnungsgem\u00e4\u00dfer Weise zu unterst\u00fctzen.<\/p>\n<p class=\"bodytext\"><a name=\"_Toc90717938\"><\/a><em><strong>\u00a7 5 Beginn\/Ende der Mitgliedschaft<\/strong><\/em><a name=\"_Toc90717934\"><\/a><\/p>\n<p class=\"bodytext\">Die Mitgliedschaft muss gegen\u00fcber dem Vorstand schriftlich beantragt werden. \u00dcber den schriftlichen Aufnahmeantrag entscheidet der Vorstand mit einfacher Stimmenmehrheit abschlie\u00dfend. Der Vorstand ist nicht verpflichtet<em>,<\/em> Ablehnungsgr\u00fcnde der Antragstellerin mitzuteilen.<\/p>\n<p class=\"bodytext\">Ummeldungen in der Mitgliedschaft (von aktiver Mitgliedschaft auf F\u00f6rdermitgliedschaft oder umgekehrt) m\u00fcssen sp\u00e4testens drei Monate vor Ende des Gesch\u00e4ftsjahrs dem Vorstand schriftlich mitgeteilt werden.<\/p>\n<p class=\"bodytext\">Die Mitgliedschaft endet durch freiwilligen Austritt, Ausschluss, Tod des Mitglieds oder Verlust der Rechtsf\u00e4higkeit bei juristischen Personen.<\/p>\n<p class=\"bodytext\">Die freiwillige Beendigung der Mitgliedschaft muss durch schriftliche K\u00fcndigung zum Ende des Gesch\u00e4ftsjahrs unter Einhaltung einer dreimonatigen Frist gegen\u00fcber dem Vorstand erkl\u00e4rt werden.<\/p>\n<p class=\"bodytext\">Der Ausschluss eines Mitglieds mit sofortiger Wirkung und aus wichtigem Grund kann dann ausgesprochen werden, wenn das Mitglied in grober Weise gegen die Satzung, Ordnungen, den Satzungszweck oder die Vereinsinteressen verst\u00f6\u00dft. \u00dcber den Ausschluss eines Mitglieds entscheidet der Vorstand mit einfacher Stimmenmehrheit. Dem Mitglied ist unter Fristsetzung von zwei Wochen Gelegenheit zu geben, sich vor dem Vereinsausschluss zu den erhobenen Vorw\u00fcrfen zu \u00e4u\u00dfern.<\/p>\n<p class=\"bodytext\">Bei Beendigung der Mitgliedschaft, gleich aus welchem Grund, erl\u00f6schen alle Anspr\u00fcche aus dem Mitgliedsverh\u00e4ltnis. Eine R\u00fcckgew\u00e4hr von Beitr\u00e4gen, Spenden oder sonstigen Unterst\u00fctzungsleistungen ist grunds\u00e4tzlich ausgeschlossen. Der Anspruch des Vereins auf r\u00fcckst\u00e4ndige Beitragsforderungen bleibt hiervon unber\u00fchrt.<\/p>\n<p class=\"bodytext\"><a name=\"_Toc90717939\"><\/a><em><strong>\u00a7 6 Mitgliedsbeitr\u00e4ge<\/strong><\/em><a name=\"_Toc90717934\"><\/a><\/p>\n<p class=\"bodytext\">F\u00fcr die H\u00f6he der j\u00e4hrlichen Mitgliederbeitr\u00e4ge, F\u00f6rderbeitr\u00e4ge, Aufnahmegeb\u00fchren ist die jeweils g\u00fcltige Beitragsordnung ma\u00dfgebend, die von der Mitgliederversammlung beschlossen wird.<\/p>\n<p class=\"bodytext\"><em><a name=\"_Toc90717940\"><\/a><strong>\u00a7 7 Organe des Vereins<\/strong><\/em><\/p>\n<p class=\"bodytext\">Organe des Vereins sind<\/p>\n<p class=\"bodytext\">1. die Mitgliederversammlung<\/p>\n<p class=\"bodytext\">2. der Vorstand.<\/p>\n<p class=\"bodytext\"><em><a name=\"_Toc90717941\"><\/a><strong>\u00a7 8 Mitgliederversammlung<\/strong><\/em><\/p>\n<p class=\"bodytext\">1.&nbsp;&nbsp;&nbsp;&nbsp;&nbsp; Oberstes Organ des Vereins ist die Mitgliederversammlung, sie hat insbesondere folgende Aufgaben:<br \/>\n&#8211; Die Jahresberichte entgegenzunehmen und zu beraten,<br \/>\n&#8211; Rechnungslegung f\u00fcr das abgelaufene Gesch\u00e4ftsjahr,<br \/>\n&#8211; Entlastung des Vorstands,<br \/>\n&#8211; (im Wahljahr) den Vorstand zu w\u00e4hlen,<br \/>\n&#8211; \u00fcber die Satzung, \u00c4nderungen der Satzung sowie die Aufl\u00f6sung des Vereins zu bestimmen,<br \/>\n&#8211; die Kassenpr\u00fcferinnen zu w\u00e4hlen, die weder dem Vorstand noch einem vom Vorstand berufenen Gremium&nbsp; angeh\u00f6ren und nicht Angestellte des Vereins sein d\u00fcrfen.<\/p>\n<p class=\"bodytext\">2.&nbsp;&nbsp;&nbsp;&nbsp;&nbsp; Eine ordentliche Mitgliederversammlung wird vom Vorstand des Vereins nach Bedarf, mindestens aber einmal im Gesch\u00e4ftsjahr, nach M\u00f6glichkeit im ersten Halbjahr des Gesch\u00e4ftsjahrs, einberufen. Die Einladung erfolgt 14 Tage vorher per email durch den Vorstand mit Bekanntgabe der vorl\u00e4ufig festgesetzten Tagesordnung an die dem Verein zuletzt bekannte email-Adresse.<\/p>\n<p class=\"bodytext\">3.&nbsp;&nbsp;&nbsp;&nbsp;&nbsp; Die Tagesordnung der ordentlichen Mitgliederversammlung hat insbesondere folgende Punkte zu umfassen:<br \/>\n&#8211; Bericht des Vorstands<br \/>\n&#8211; Bericht der Kassenpr\u00fcferinnen<br \/>\n&#8211; Entlastung des Vorstands<br \/>\n&#8211; Wahl des Vorstands (im Wahljahr)<br \/>\n&#8211; Wahl von einer Kassenpr\u00fcferin<br \/>\n&#8211; Genehmigung des vom Vorstand vorzulegenden Haushaltsvoranschlags f\u00fcr das laufende Gesch\u00e4ftsjahr<\/p>\n<p class=\"bodytext\">4.&nbsp;&nbsp;&nbsp;&nbsp;&nbsp; Festsetzung der Beitr\u00e4ge f\u00fcr das laufende Gesch\u00e4ftsjahr bzw. zur Verabschiedung von Beitragsordnungen, Beschlussfassung &nbsp;\u00fcber vorliegende Antr\u00e4ge.<\/p>\n<p class=\"bodytext\">5.&nbsp;&nbsp;&nbsp;&nbsp;&nbsp; Antr\u00e4ge der Mitglieder zur Tagesordnung sind sp\u00e4testens drei Wochen vor der Mitgliederversammlung beim Vereinsvorstand schriftlich einzureichen.<\/p>\n<p class=\"bodytext\">6.&nbsp;&nbsp;&nbsp;&nbsp;&nbsp; Sp\u00e4tere Antr\u00e4ge \u2013 auch w\u00e4hrend der Mitgliederversammlung gestellte Antr\u00e4ge \u2013 m\u00fcssen auf die Tagesordnung gesetzt werden, wenn in der Mitgliederversammlung die Mehrheit der erschienenen stimmberechtigten Mitglieder der Behandlung der Antr\u00e4ge zustimmt (Dringlichkeitsantr\u00e4ge).<\/p>\n<p class=\"bodytext\">7.&nbsp;&nbsp;&nbsp;&nbsp;&nbsp; Der Vorstand hat eine au\u00dferordentliche Mitgliederversammlung einzuberufen, wenn es das Interesse des Vereins erfordert oder wenn die Einberufung von mindestens ein Drittel der stimmberechtigten Vereinsmitglieder dies schriftlich unter Angabe des Zwecks und der Gr\u00fcnde vom Vorstand verlangt.<\/p>\n<p class=\"bodytext\">8.&nbsp;&nbsp;&nbsp;&nbsp;&nbsp; Die Vorsitzende oder ihre Stellvertreterin leitet die Mitgliederversammlung. Auf Vorschlag der Vorsitzenden kann die Mitgliederversammlung eine besondere Versammlungsleiterin bestimmen.<\/p>\n<p class=\"bodytext\">Beschl\u00fcsse der Mitgliederversammlung werden in einem Protokoll innerhalb von zwei Wochen nach der Mitgliederversammlung niedergelegt und von zwei Vorstandsmitgliedern unterzeichnet. Das Protokoll kann von jedem Mitglied auf der Gesch\u00e4ftsstelle eingesehen werden.<\/p>\n<p class=\"bodytext\"><em><a name=\"_Toc90717942\"><\/a><strong>\u00a7 9 Stimmrecht\/Beschlussf\u00e4higkeit<\/strong><\/em><\/p>\n<p class=\"bodytext\">1.&nbsp;&nbsp;&nbsp;&nbsp;&nbsp; Stimmberechtigt sind aktive Mitglieder und F\u00f6rdermitglieder ab einem ma\u00dfgeblichen F\u00f6rderbeitrag. Diese Beitragsh\u00f6he wird in der Beitragsordnung geregelt.<br \/>\nJedes Mitglied hat mit Vollendung des 18. Lebensjahrs eine Stimme, die nur pers\u00f6nlich ausge\u00fcbt werden darf.<\/p>\n<p class=\"bodytext\">2.&nbsp;&nbsp;&nbsp;&nbsp; Die Mitgliederversammlung ist ohne R\u00fccksicht auf die Anzahl der erschienenen Mitglieder beschlussf\u00e4hig.<\/p>\n<p class=\"bodytext\">3.&nbsp;&nbsp;&nbsp;&nbsp; Die Mitgliederversammlung fasst &nbsp;ihre Beschl\u00fcsse, mit Ausnahme von Satzungs\u00e4nderungen und Aufl\u00f6sung des Vereins, mit einfacher Mehrheit. Stimmenthaltungen bleiben au\u00dfer Betracht. Bei Stimmengleichheit gilt der gestellte Antrag als abgelehnt.<\/p>\n<p class=\"bodytext\">4.&nbsp;&nbsp;&nbsp;&nbsp;&nbsp; Abstimmungen in der Mitgliederversammlung erfolgen offen durch Handaufhaben oder Zuruf.<\/p>\n<p class=\"bodytext\"><a name=\"_Toc90717943\"><\/a><em><strong>\u00a7 10 Vorstand<\/strong><\/em><\/p>\n<p class=\"bodytext\">1.&nbsp;&nbsp;&nbsp;&nbsp;&nbsp;&nbsp;&nbsp;&nbsp;&nbsp; Der Vorstand besteht aus mindestens drei Mitgliedern: Eine Vorsitzende, eine Schatzmeisterin und eine Schriftf\u00fchrerin. Zum erweiterten Vorstand z\u00e4hlen zus\u00e4tzlich die zweite Vorsitzende und die Mitgliedswartin.<\/p>\n<p class=\"bodytext\">2.&nbsp;&nbsp;&nbsp;&nbsp;&nbsp;&nbsp;&nbsp;&nbsp;&nbsp; Die Vorstandsmitlieder werden von der Mitgliederversammlung f\u00fcr die Dauer von 2 Jahren gew\u00e4hlt. Wiederwahl ist zul\u00e4ssig. Die Vorstandsmitglieder bleiben bis zum Antritt ihrer Nachfolger im Amt.<\/p>\n<p class=\"bodytext\">3.&nbsp;&nbsp;&nbsp;&nbsp;&nbsp;&nbsp;&nbsp;&nbsp;&nbsp; Der Vorstand leitet verantwortlich die Vereinsarbeit. Er kann sich eine Gesch\u00e4ftsordnung geben und kann besondere Aufgaben unter seinen Mitgliedern verteilen oder Arbeitsgruppen f\u00fcr deren Bearbeitung oder Vorbereitung einsetzen.<\/p>\n<p class=\"bodytext\">4.&nbsp;&nbsp;&nbsp;&nbsp;&nbsp;&nbsp;&nbsp;&nbsp;&nbsp; Vorstand im Sinne des \u00a7 26 BGB sind die erste Vorsitzende, die Schatzmeisterin, und die Schriftf\u00fchrerin. Zwei Vorstandsmitglieder vertreten den Verein gerichtlich und au\u00dfergerichtlich.<\/p>\n<p class=\"bodytext\">5.&nbsp;&nbsp;&nbsp;&nbsp;&nbsp;&nbsp;&nbsp;&nbsp;&nbsp; Der Vorstand beschlie\u00dft mit einfacher Stimmenmehrheit. Der Vorstand ist beschlussf\u00e4hig, wenn mindestens drei Mitglieder anwesend sind oder schriftlich zustimmen. Bei Stimmengleichheit gilt der Antrag als abgelehnt.<\/p>\n<p class=\"bodytext\">6.&nbsp;&nbsp;&nbsp;&nbsp;&nbsp;&nbsp;&nbsp;&nbsp;&nbsp; Beschl\u00fcsse des Vorstands werden in einem Sitzungsprotokoll niedergelegt und von mindestens zwei vertretungsberechtigten Vorstandsmitgliedern unterzeichnet.<\/p>\n<p class=\"bodytext\">7.&nbsp;&nbsp;&nbsp;&nbsp;&nbsp;&nbsp;&nbsp;&nbsp;&nbsp; Scheidet ein Vorstandsmitglied vor Ablauf seiner Wahlzeit aus, ist der Vorstand berechtigt, ein kommissarisches Vorstandsmitglied zu berufen. Auf diese Weise bestimmte Vorstandsmitglieder bleiben bis zur n\u00e4chsten Mitgliederversammlung im Amt.<\/p>\n<p class=\"bodytext\"><em><a name=\"_Toc90717944\"><\/a><strong>\u00a7 11 Kassenpr\u00fcfer<\/strong><\/em><\/p>\n<p class=\"bodytext\">\u00dcber die Jahresmitgliederversammlung sind zwei Kassenpr\u00fcferinnen f\u00fcr die Dauer von 2 Jahren zu w\u00e4hlen. Eine direkte Wiederwahl ist nicht m\u00f6glich, d.h. es ist eine Pause von mindestens 1 Jahr erforderlich. Im Gr\u00fcndungsjahr wird eine Kassenpr\u00fcferin f\u00fcr 3 Jahre, eine f\u00fcr 2 Jahre gew\u00e4hlt.<\/p>\n<p class=\"bodytext\">Die Kassenpr\u00fcferinnen haben die Aufgabe, Rechnungsbelege sowie deren ordnungsgem\u00e4\u00dfe Verbuchung und die Mittelverwendung zu pr\u00fcfen und dabei insbesondere die satzungsgem\u00e4\u00dfe und steuerlich korrekte Mittelverwendung festzustellen. Die Pr\u00fcfung erstreckt sich nicht auf die Zweckm\u00e4\u00dfigkeit der vom Vorstand get\u00e4tigten Aufgaben. Die Kassenpr\u00fcferinnen haben die Mitgliederversammlung \u00fcber das Ergebnis der Kassenpr\u00fcfung zu unterrichten<\/p>\n<p class=\"bodytext\"><em><a name=\"_Toc90717945\"><\/a><strong>\u00a7 12 Satzungs\u00e4nderung und Aufl\u00f6sung des Vereins<\/strong><\/em><\/p>\n<p class=\"bodytext\">1.&nbsp;&nbsp;&nbsp;&nbsp;&nbsp; F\u00fcr Satzungs\u00e4nderungen und Beschl\u00fcsse zur Aufl\u00f6sung des Vereins ist eine Dreiviertel-Mehrheit der erschienenen Stimmberechtigten erforderlich. Die \u00c4nderung des Vereinszweckes und die Aufl\u00f6sung des Vereins kann nur auf einer Mitgliederversammlung beschlossen werden, zu der unter Bekanntgabe der Satzungs\u00e4nderung bzw. des Aufl\u00f6sungsantrages geladen wurde.<\/p>\n<p class=\"bodytext\">2.&nbsp;&nbsp;&nbsp;&nbsp;&nbsp;Bei Aufl\u00f6sung des Vereins\/Wegfall des steuerbeg\u00fcnstigten Zwecks f\u00e4llt das Vereinsverm\u00f6gen an die Sch\u00fctzengesellschaft von 1834 Letter e.V., die es unmittelbar und ausschlie\u00dflich f\u00fcr gemeinn\u00fctzige\/mildt\u00e4tige Zwecke zu verwenden hat.<\/p>\n<p class=\"bodytext\">3.&nbsp;&nbsp;&nbsp;&nbsp;&nbsp; Als Liquidatoren werden die im Amt befindlichen vertretungsberechtigten Vorstandsmitglieder bestimmt, soweit die Mitgliederversammlung nichts anderes abschlie\u00dfend beschlie\u00dft.<\/p>\n<p class=\"bodytext\">Vorstehender Satzungsinhalt wurde am 5.2.2018 beschlossen.<\/p>\n<div class=\"csc-header csc-header-n2\">\n<h1>Beitragsordnung<\/h1>\n<\/div>\n<h4><\/h4>\n<p class=\"bodytext\">Der Mitgliedsbeitrag ist satzungsgem\u00e4\u00df viertelj\u00e4hrlich im voraus zu entrichten.<\/p>\n<p class=\"bodytext\">Der Mindestbeitrag betr\u00e4gt 1,00 \u20ac\/Monat f\u00fcr aktive Mitglieder und F\u00f6rdermitglieder.<\/p>\n<p class=\"bodytext\">Die Aufnahmegeb\u00fchr je Mitglied betr\u00e4gt einmalig 4,00 \u20ac.<\/p>\n<p class=\"bodytext\">Jedes Mitglied kann sich freiwillig zur Zahlung eines h\u00f6heren Mitgliedsbeitrags verpflichten.<\/p>\n<p class=\"bodytext\">Ab einer Beitragsh\u00f6he von 60\u20ac\/Jahr erhalten F\u00f6rdermitglieder ein Stimmrecht.<\/p>\n<p class=\"bodytext\">Dar\u00fcber hinaus besteht die M\u00f6glichkeit, den Verein durch Spenden zu unterst\u00fctzen.<\/p>\n<p class=\"bodytext\">Im Ausnahmefall kann ein Mitglied auf Antrag vom viertelj\u00e4hrlichen Zahlungsrhythmus, der Aufnahmegeb\u00fchr oder dem Mitgliedbeitrag befreit werden. \u00dcber den Antrag entscheidet der Vorstand.<\/p>\n<p class=\"bodytext\">F\u00fcr Schriftst\u00fccke, die Satzungsgem\u00e4\u00df per Post verschickt werden m\u00fcssen oder auf ausdr\u00fccklichen Wunsch eines Mitglieds per Post verschickt werden, sind 2 \u20ac Aufwandsentsch\u00e4digung an die Vereinskasse zu zahlen.<\/p>\n<p class=\"bodytext\"><strong><em>Bankverbindung:<\/em><\/strong><\/p>\n<p class=\"bodytext\">DE43 8306 5408 0004 9473 39<\/p>\n<p class=\"bodytext\">BIC GENO DEF1 SLR<\/p>\n<p class=\"bodytext\">Deutsche Skatbank<\/p>\n","protected":false},"excerpt":{"rendered":"<p>Vereinssatzung \u00a7 1 Name, Sitz und Gesch\u00e4ftsjahr 1.&nbsp;&nbsp;&nbsp;&nbsp;&nbsp; Der Verein f\u00fchrt den Namen \u201eLetter-fit: Miteinander-F\u00fcreinander e.V.\u201c&nbsp;&nbsp; &#8211; im folgenden \u201cVerein\u201d genannt \u2013 2.&nbsp;&nbsp;&nbsp;&nbsp;&nbsp; Der Verein hat seinen Sitz in 30926 Seelze und wird im Vereinsregister beim Amtsgericht Hannover eingetragen. 3.&nbsp;&nbsp;&nbsp;&nbsp;&nbsp; Das Gesch\u00e4ftsjahr ist das Kalenderjahr. \u00a7 2 Zweckbestimmung 1.&nbsp; Der Zweck des Vereins ist insbesondere &hellip; <\/p>\n<p class=\"link-more\"><a href=\"https:\/\/letter-fit.de\/letterfit\/index.php\/satzung\/\" class=\"more-link\"><span class=\"screen-reader-text\">\u201eSatzung\u201c <\/span>weiterlesen<\/a><\/p>\n","protected":false},"author":1,"featured_media":0,"parent":0,"menu_order":0,"comment_status":"closed","ping_status":"closed","template":"","meta":{"footnotes":""},"class_list":["post-409","page","type-page","status-publish","hentry"],"post_mailing_queue_ids":[],"_links":{"self":[{"href":"https:\/\/letter-fit.de\/letterfit\/index.php\/wp-json\/wp\/v2\/pages\/409","targetHints":{"allow":["GET"]}}],"collection":[{"href":"https:\/\/letter-fit.de\/letterfit\/index.php\/wp-json\/wp\/v2\/pages"}],"about":[{"href":"https:\/\/letter-fit.de\/letterfit\/index.php\/wp-json\/wp\/v2\/types\/page"}],"author":[{"embeddable":true,"href":"https:\/\/letter-fit.de\/letterfit\/index.php\/wp-json\/wp\/v2\/users\/1"}],"replies":[{"embeddable":true,"href":"https:\/\/letter-fit.de\/letterfit\/index.php\/wp-json\/wp\/v2\/comments?post=409"}],"version-history":[{"count":4,"href":"https:\/\/letter-fit.de\/letterfit\/index.php\/wp-json\/wp\/v2\/pages\/409\/revisions"}],"predecessor-version":[{"id":2564,"href":"https:\/\/letter-fit.de\/letterfit\/index.php\/wp-json\/wp\/v2\/pages\/409\/revisions\/2564"}],"wp:attachment":[{"href":"https:\/\/letter-fit.de\/letterfit\/index.php\/wp-json\/wp\/v2\/media?parent=409"}],"curies":[{"name":"wp","href":"https:\/\/api.w.org\/{rel}","templated":true}]}}