{"id":407,"date":"2017-04-06T09:57:24","date_gmt":"2017-04-06T09:57:24","guid":{"rendered":"http:\/\/grafmoehring.de\/letter-fit\/?page_id=407"},"modified":"2023-01-05T17:22:52","modified_gmt":"2023-01-05T16:22:52","slug":"uber-uns","status":"publish","type":"page","link":"https:\/\/letter-fit.de\/letterfit\/index.php\/uber-uns\/","title":{"rendered":"\u00dcber uns"},"content":{"rendered":"<blockquote>\n<h1 class=\"csc-header csc-header-n1\">Wir \u00fcber uns<\/h1>\n<div class=\"csc-textpic csc-textpic-center csc-textpic-below\">\n<div class=\"csc-textpic-text\">\n<p class=\"bodytext\">Wir sind ein kleiner Verein aus sozial engagierten und politisch interessierten B\u00fcrgerInnen, der am 25.1.2005 als F\u00f6rderverein f\u00fcr das Soziale Stadt Projekt &#8222;Letter &#8211; fit f\u00fcr die Zukunft&#8220; gegr\u00fcndet wurde.<\/p>\n<p>Wir initiieren und betreuen niedrigschwellig angesiedelte Projekte in Letter. Die bekanntesten sind der das Offene Kaffeetrinken und der Lebendige Adventskalender. (Der offene B\u00fccherschrank wurde leider am 14.6.22 von der Stadt Seelze abgebaut.)<\/p>\n<p>Mit unserem Engagement wollen wir dazu beitragen, da\u00df unser Heimatort Letter lebenswert ist und ihn kreativ mitgestalten.<\/p>\n<p class=\"bodytext\">Letter-fit: Miteinander-F\u00fcreinander e.V. \u00a0F\u00fcreinander da sein &#8211; Miteinander Nachbarschaft gestalten: Durch die F\u00f6rderung neuer Kontakte und gemeinsamer Aktivit\u00e4ten soll die Gemeinschaft gest\u00e4rkt und die Atmosph\u00e4re im Stadtteil verbessert werden.<\/p>\n<p class=\"bodytext\">Ziel ist die F\u00f6rderung von Eigeninitiative und nachbarschaftlicher Zusammenarbeit und damit der Verbesserung der Lebensqualit\u00e4t.<\/p>\n<p class=\"bodytext\">Die Vereinsmitglieder arbeiten ehrenamtlich und\u00a0sind offen f\u00fcr Interessierte und Engagierte, f\u00fcr F\u00f6rdermitglieder und Neugierige jeden Geschlechts, jeden Alters und jeder Herkunft.<\/p>\n<p>Der Verein ist gemeinn\u00fctzig.<\/p>\n<p class=\"bodytext\"><em><strong>Ehrenamtliche T\u00e4tigkeiten \/ neue Mitglieder:<br \/>\n<\/strong><\/em>Jede und jeder ist willkommen &#8211; zu tun gibt es genug: Mitwirkung bei den Projekten oder bei der Vereins- und Verwaltungsarbeit, z.B. Fundraising, Abrechnung, \u00d6ffentlichkeitsarbeit, Internetauftritt, Betreuung B\u00fccherschrank, Standdienst \u2026 eigene Ideen einbringen ist ausdr\u00fccklich erw\u00fcnscht. Der Zeiteinsatz richtet sich nach den individuellen M\u00f6glichkeiten und der \u00fcbernommenen T\u00e4tigkeit.<\/p>\n<p class=\"bodytext\"><strong><em>Mitgliedschaften:<br \/>\n<\/em><\/strong>LAG Soziale Brennpunkte Niedersachsen e.V.<\/p>\n<p class=\"bodytext\">\n<\/div>\n<\/div>\n<\/blockquote>\n","protected":false},"excerpt":{"rendered":"<p>Wir \u00fcber uns Wir sind ein kleiner Verein aus sozial engagierten und politisch interessierten B\u00fcrgerInnen, der am 25.1.2005 als F\u00f6rderverein f\u00fcr das Soziale Stadt Projekt &#8222;Letter &#8211; fit f\u00fcr die Zukunft&#8220; gegr\u00fcndet wurde. Wir initiieren und betreuen niedrigschwellig angesiedelte Projekte in Letter. Die bekanntesten sind der das Offene Kaffeetrinken und der Lebendige Adventskalender. (Der offene &hellip; <\/p>\n<p class=\"link-more\"><a href=\"https:\/\/letter-fit.de\/letterfit\/index.php\/uber-uns\/\" class=\"more-link\"><span class=\"screen-reader-text\">\u201e\u00dcber uns\u201c <\/span>weiterlesen<\/a><\/p>\n","protected":false},"author":1,"featured_media":0,"parent":0,"menu_order":0,"comment_status":"closed","ping_status":"closed","template":"","meta":{"footnotes":""},"class_list":["post-407","page","type-page","status-publish","hentry"],"post_mailing_queue_ids":[],"_links":{"self":[{"href":"https:\/\/letter-fit.de\/letterfit\/index.php\/wp-json\/wp\/v2\/pages\/407","targetHints":{"allow":["GET"]}}],"collection":[{"href":"https:\/\/letter-fit.de\/letterfit\/index.php\/wp-json\/wp\/v2\/pages"}],"about":[{"href":"https:\/\/letter-fit.de\/letterfit\/index.php\/wp-json\/wp\/v2\/types\/page"}],"author":[{"embeddable":true,"href":"https:\/\/letter-fit.de\/letterfit\/index.php\/wp-json\/wp\/v2\/users\/1"}],"replies":[{"embeddable":true,"href":"https:\/\/letter-fit.de\/letterfit\/index.php\/wp-json\/wp\/v2\/comments?post=407"}],"version-history":[{"count":5,"href":"https:\/\/letter-fit.de\/letterfit\/index.php\/wp-json\/wp\/v2\/pages\/407\/revisions"}],"predecessor-version":[{"id":3043,"href":"https:\/\/letter-fit.de\/letterfit\/index.php\/wp-json\/wp\/v2\/pages\/407\/revisions\/3043"}],"wp:attachment":[{"href":"https:\/\/letter-fit.de\/letterfit\/index.php\/wp-json\/wp\/v2\/media?parent=407"}],"curies":[{"name":"wp","href":"https:\/\/api.w.org\/{rel}","templated":true}]}}