{"id":405,"date":"2017-04-06T09:57:23","date_gmt":"2017-04-06T09:57:23","guid":{"rendered":"http:\/\/grafmoehring.de\/letter-fit\/?page_id=405"},"modified":"2021-03-16T13:52:02","modified_gmt":"2021-03-16T12:52:02","slug":"termine-gremien-letter-fit-fur-die-zukunft","status":"publish","type":"page","link":"https:\/\/letter-fit.de\/letterfit\/index.php\/termine-gremien-letter-fit-fur-die-zukunft\/","title":{"rendered":"Termine Gremien &#8222;Letter-fit f\u00fcr die Zukunft&#8220;"},"content":{"rendered":"<p class=\"bodytext\"><strong>Arbeitsgruppe <em>AG Letter-KREATIV<\/em><\/strong><\/p>\n<p>Die Arbeitsgruppe hat sich aufgel\u00f6st.<\/p>\n<p class=\"bodytext\">Die Stadt hat den Letter-Treff in der Kirchstra\u00dfe 3 aufgegeben.<em>&nbsp;<\/em><\/p>\n<p class=\"bodytext\">Nach Auslaufen des Sanierungsprojektes &#8222;Letter &#8211; fit f\u00fcr die Zukunft&#8220; sind die damit verbundenen Gremien und Sonderrechte des Ortsrates Letter weggefallen.<\/p>\n<p class=\"bodytext\">\n","protected":false},"excerpt":{"rendered":"<p>Arbeitsgruppe AG Letter-KREATIV Die Arbeitsgruppe hat sich aufgel\u00f6st. Die Stadt hat den Letter-Treff in der Kirchstra\u00dfe 3 aufgegeben.&nbsp; Nach Auslaufen des Sanierungsprojektes &#8222;Letter &#8211; fit f\u00fcr die Zukunft&#8220; sind die damit verbundenen Gremien und Sonderrechte des Ortsrates Letter weggefallen.<\/p>\n","protected":false},"author":1,"featured_media":0,"parent":0,"menu_order":0,"comment_status":"closed","ping_status":"closed","template":"","meta":{"footnotes":""},"class_list":["post-405","page","type-page","status-publish","hentry"],"post_mailing_queue_ids":[],"_links":{"self":[{"href":"https:\/\/letter-fit.de\/letterfit\/index.php\/wp-json\/wp\/v2\/pages\/405","targetHints":{"allow":["GET"]}}],"collection":[{"href":"https:\/\/letter-fit.de\/letterfit\/index.php\/wp-json\/wp\/v2\/pages"}],"about":[{"href":"https:\/\/letter-fit.de\/letterfit\/index.php\/wp-json\/wp\/v2\/types\/page"}],"author":[{"embeddable":true,"href":"https:\/\/letter-fit.de\/letterfit\/index.php\/wp-json\/wp\/v2\/users\/1"}],"replies":[{"embeddable":true,"href":"https:\/\/letter-fit.de\/letterfit\/index.php\/wp-json\/wp\/v2\/comments?post=405"}],"version-history":[{"count":6,"href":"https:\/\/letter-fit.de\/letterfit\/index.php\/wp-json\/wp\/v2\/pages\/405\/revisions"}],"predecessor-version":[{"id":2568,"href":"https:\/\/letter-fit.de\/letterfit\/index.php\/wp-json\/wp\/v2\/pages\/405\/revisions\/2568"}],"wp:attachment":[{"href":"https:\/\/letter-fit.de\/letterfit\/index.php\/wp-json\/wp\/v2\/media?parent=405"}],"curies":[{"name":"wp","href":"https:\/\/api.w.org\/{rel}","templated":true}]}}