{"id":2532,"date":"2021-03-16T12:38:33","date_gmt":"2021-03-16T11:38:33","guid":{"rendered":"http:\/\/letter-fit.de\/letterfit\/?page_id=2532"},"modified":"2025-10-11T21:20:17","modified_gmt":"2025-10-11T19:20:17","slug":"videos","status":"publish","type":"page","link":"https:\/\/letter-fit.de\/letterfit\/index.php\/videos\/","title":{"rendered":"Videos\/Audios"},"content":{"rendered":"\r\n<p>Videos\/Audios \u00fcber den Verein oder Beitr\u00e4gen vom Verein (Link auf youtube mit Cookies)<\/p>\r\n\r\n\r\n\r\n<p>Audio \u00fcber QR-Code:<\/p>\r\n<p><img loading=\"lazy\" decoding=\"async\" class=\"alignnone size-medium wp-image-3109\" src=\"https:\/\/letter-fit.de\/letterfit\/wp-content\/uploads\/2023\/05\/DSC05114-300x225.jpg\" alt=\"\" width=\"300\" height=\"225\" srcset=\"https:\/\/letter-fit.de\/letterfit\/wp-content\/uploads\/2023\/05\/DSC05114-300x225.jpg 300w, https:\/\/letter-fit.de\/letterfit\/wp-content\/uploads\/2023\/05\/DSC05114-1024x768.jpg 1024w, https:\/\/letter-fit.de\/letterfit\/wp-content\/uploads\/2023\/05\/DSC05114-768x576.jpg 768w, https:\/\/letter-fit.de\/letterfit\/wp-content\/uploads\/2023\/05\/DSC05114-1536x1152.jpg 1536w, https:\/\/letter-fit.de\/letterfit\/wp-content\/uploads\/2023\/05\/DSC05114-2048x1536.jpg 2048w\" sizes=\"auto, (max-width: 300px) 100vw, 300px\" \/><\/p>\r\n<div style=\"width: 525px;\" class=\"wp-video\"><video class=\"wp-video-shortcode\" id=\"video-2532-1\" width=\"525\" height=\"297\" preload=\"metadata\" controls=\"controls\"><source type=\"video\/mp4\" src=\"https:\/\/letter-fit.de\/letterfit\/wp-content\/uploads\/2025\/10\/Seelzer-Ehrenamtspreis-2025.mp4?_=1\" \/><a href=\"https:\/\/letter-fit.de\/letterfit\/wp-content\/uploads\/2025\/10\/Seelzer-Ehrenamtspreis-2025.mp4\">https:\/\/letter-fit.de\/letterfit\/wp-content\/uploads\/2025\/10\/Seelzer-Ehrenamtspreis-2025.mp4<\/a><\/video><\/div>\r\n<p><blockquote class=\"wp-embedded-content\" data-secret=\"0TTXWdEOe6\"><a href=\"https:\/\/letter-fit.de\/letterfit\/index.php\/2024\/09\/06\/vorstellungsvideo-seelzer-dialog-2024\/\">Vorstellungsvideo Seelzer Dialog 2024<\/a><\/blockquote><iframe loading=\"lazy\" class=\"wp-embedded-content\" sandbox=\"allow-scripts\" security=\"restricted\" style=\"position: absolute; visibility: hidden;\" title=\"&#8222;Vorstellungsvideo Seelzer Dialog 2024&#8220; &#8212; \" src=\"https:\/\/letter-fit.de\/letterfit\/index.php\/2024\/09\/06\/vorstellungsvideo-seelzer-dialog-2024\/embed\/#?secret=7Fp61zcLIH#?secret=0TTXWdEOe6\" data-secret=\"0TTXWdEOe6\" width=\"525\" height=\"296\" frameborder=\"0\" marginwidth=\"0\" marginheight=\"0\" scrolling=\"no\"><\/iframe><\/p>\r\n<p><blockquote class=\"wp-embedded-content\" data-secret=\"508abvo1Ly\"><a href=\"https:\/\/letter-fit.de\/letterfit\/index.php\/2023\/09\/17\/vorstellungsvideo-seelzer-dialog-2023\/\">Vorstellungsvideo Seelzer Dialog 2023<\/a><\/blockquote><iframe loading=\"lazy\" class=\"wp-embedded-content\" sandbox=\"allow-scripts\" security=\"restricted\" style=\"position: absolute; visibility: hidden;\" title=\"&#8222;Vorstellungsvideo Seelzer Dialog 2023&#8220; &#8212; \" src=\"https:\/\/letter-fit.de\/letterfit\/index.php\/2023\/09\/17\/vorstellungsvideo-seelzer-dialog-2023\/embed\/#?secret=SGVEdCZLiP#?secret=508abvo1Ly\" data-secret=\"508abvo1Ly\" width=\"525\" height=\"296\" frameborder=\"0\" marginwidth=\"0\" marginheight=\"0\" scrolling=\"no\"><\/iframe><\/p>\r\n<p><blockquote class=\"wp-embedded-content\" data-secret=\"7Qhir7BOp2\"><a href=\"https:\/\/letter-fit.de\/letterfit\/index.php\/2022\/09\/07\/vorstellungsvideo-seelzer-dialog-2022\/\">Vorstellungsvideo Seelzer-Dialog 2022<\/a><\/blockquote><iframe loading=\"lazy\" class=\"wp-embedded-content\" sandbox=\"allow-scripts\" security=\"restricted\" style=\"position: absolute; visibility: hidden;\" title=\"&#8222;Vorstellungsvideo Seelzer-Dialog 2022&#8220; &#8212; \" src=\"https:\/\/letter-fit.de\/letterfit\/index.php\/2022\/09\/07\/vorstellungsvideo-seelzer-dialog-2022\/embed\/#?secret=b5eQRzrz1T#?secret=7Qhir7BOp2\" data-secret=\"7Qhir7BOp2\" width=\"525\" height=\"296\" frameborder=\"0\" marginwidth=\"0\" marginheight=\"0\" scrolling=\"no\"><\/iframe><\/p>\r\n<p><blockquote class=\"wp-embedded-content\" data-secret=\"piDFQv6XsM\"><a href=\"https:\/\/letter-fit.de\/letterfit\/index.php\/2021\/09\/05\/vorstellungsvideo-seelzer-dialog-2021\/\">Vorstellungsvideo Seelzer Dialog 2021<\/a><\/blockquote><iframe loading=\"lazy\" class=\"wp-embedded-content\" sandbox=\"allow-scripts\" security=\"restricted\" style=\"position: absolute; visibility: hidden;\" title=\"&#8222;Vorstellungsvideo Seelzer Dialog 2021&#8220; &#8212; \" src=\"https:\/\/letter-fit.de\/letterfit\/index.php\/2021\/09\/05\/vorstellungsvideo-seelzer-dialog-2021\/embed\/#?secret=fIAZCjREDV#?secret=piDFQv6XsM\" data-secret=\"piDFQv6XsM\" width=\"525\" height=\"296\" frameborder=\"0\" marginwidth=\"0\" marginheight=\"0\" scrolling=\"no\"><\/iframe><\/p>\r\n<p><blockquote class=\"wp-embedded-content\" data-secret=\"AgYnudsVcx\"><a href=\"https:\/\/letter-fit.de\/letterfit\/index.php\/2019\/09\/17\/vorstellungsvideo-seelzer-dialog-2019\/\">Vorstellungsvideo Seelzer Dialog 2019<\/a><\/blockquote><iframe loading=\"lazy\" class=\"wp-embedded-content\" sandbox=\"allow-scripts\" security=\"restricted\" style=\"position: absolute; visibility: hidden;\" title=\"&#8222;Vorstellungsvideo Seelzer Dialog 2019&#8220; &#8212; \" src=\"https:\/\/letter-fit.de\/letterfit\/index.php\/2019\/09\/17\/vorstellungsvideo-seelzer-dialog-2019\/embed\/#?secret=UcGYayasN9#?secret=AgYnudsVcx\" data-secret=\"AgYnudsVcx\" width=\"525\" height=\"296\" frameborder=\"0\" marginwidth=\"0\" marginheight=\"0\" scrolling=\"no\"><\/iframe><\/p>\r\n\r\n\r\n\r\n<p><blockquote class=\"wp-embedded-content\" data-secret=\"65KWNNtzW4\"><a href=\"https:\/\/letter-fit.de\/letterfit\/index.php\/2021\/01\/28\/lebendiger-adventskalender-digital\/\">Lebendiger Adventskalender digital<\/a><\/blockquote><iframe loading=\"lazy\" class=\"wp-embedded-content\" sandbox=\"allow-scripts\" security=\"restricted\" style=\"position: absolute; visibility: hidden;\" title=\"&#8222;Lebendiger Adventskalender digital&#8220; &#8212; \" src=\"https:\/\/letter-fit.de\/letterfit\/index.php\/2021\/01\/28\/lebendiger-adventskalender-digital\/embed\/#?secret=1wELeghYRl#?secret=65KWNNtzW4\" data-secret=\"65KWNNtzW4\" width=\"525\" height=\"296\" frameborder=\"0\" marginwidth=\"0\" marginheight=\"0\" scrolling=\"no\"><\/iframe><\/p>\r\n\r\n\r\n\r\n<p><blockquote class=\"wp-embedded-content\" data-secret=\"NaowC2wxOZ\"><a href=\"https:\/\/letter-fit.de\/letterfit\/index.php\/2020\/12\/22\/corona-adventskalendersong-single-bells\/\">Corona Adventskalender-Song &#8222;Singe Bells&#8220;<\/a><\/blockquote><iframe loading=\"lazy\" class=\"wp-embedded-content\" sandbox=\"allow-scripts\" security=\"restricted\" style=\"position: absolute; visibility: hidden;\" title=\"&#8222;Corona Adventskalender-Song &#8222;Singe Bells&#8220;&#8220; &#8212; \" src=\"https:\/\/letter-fit.de\/letterfit\/index.php\/2020\/12\/22\/corona-adventskalendersong-single-bells\/embed\/#?secret=b0EAPN8Yp9#?secret=NaowC2wxOZ\" data-secret=\"NaowC2wxOZ\" width=\"525\" height=\"296\" frameborder=\"0\" marginwidth=\"0\" marginheight=\"0\" scrolling=\"no\"><\/iframe><\/p>\r\n","protected":false},"excerpt":{"rendered":"<p>Videos\/Audios \u00fcber den Verein oder Beitr\u00e4gen vom Verein (Link auf youtube mit Cookies) Audio \u00fcber QR-Code: Vorstellungsvideo Seelzer Dialog 2024 Vorstellungsvideo Seelzer Dialog 2023 Vorstellungsvideo Seelzer-Dialog 2022 Vorstellungsvideo Seelzer Dialog 2021 Vorstellungsvideo Seelzer Dialog 2019 Lebendiger Adventskalender digital Corona Adventskalender-Song &#8222;Singe Bells&#8220;<\/p>\n","protected":false},"author":1,"featured_media":0,"parent":0,"menu_order":0,"comment_status":"closed","ping_status":"closed","template":"","meta":{"footnotes":""},"class_list":["post-2532","page","type-page","status-publish","hentry"],"post_mailing_queue_ids":[],"_links":{"self":[{"href":"https:\/\/letter-fit.de\/letterfit\/index.php\/wp-json\/wp\/v2\/pages\/2532","targetHints":{"allow":["GET"]}}],"collection":[{"href":"https:\/\/letter-fit.de\/letterfit\/index.php\/wp-json\/wp\/v2\/pages"}],"about":[{"href":"https:\/\/letter-fit.de\/letterfit\/index.php\/wp-json\/wp\/v2\/types\/page"}],"author":[{"embeddable":true,"href":"https:\/\/letter-fit.de\/letterfit\/index.php\/wp-json\/wp\/v2\/users\/1"}],"replies":[{"embeddable":true,"href":"https:\/\/letter-fit.de\/letterfit\/index.php\/wp-json\/wp\/v2\/comments?post=2532"}],"version-history":[{"count":14,"href":"https:\/\/letter-fit.de\/letterfit\/index.php\/wp-json\/wp\/v2\/pages\/2532\/revisions"}],"predecessor-version":[{"id":3428,"href":"https:\/\/letter-fit.de\/letterfit\/index.php\/wp-json\/wp\/v2\/pages\/2532\/revisions\/3428"}],"wp:attachment":[{"href":"https:\/\/letter-fit.de\/letterfit\/index.php\/wp-json\/wp\/v2\/media?parent=2532"}],"curies":[{"name":"wp","href":"https:\/\/api.w.org\/{rel}","templated":true}]}}