{"id":2465,"date":"2021-01-06T13:56:20","date_gmt":"2021-01-06T12:56:20","guid":{"rendered":"http:\/\/letter-fit.de\/letterfit\/?page_id=2465"},"modified":"2021-12-23T21:46:18","modified_gmt":"2021-12-23T20:46:18","slug":"2021-2","status":"publish","type":"page","link":"https:\/\/letter-fit.de\/letterfit\/index.php\/2021-2\/","title":{"rendered":"2021"},"content":{"rendered":"<blockquote class=\"wp-embedded-content\" data-secret=\"0mHhCZkRle\"><p><a href=\"https:\/\/letter-fit.de\/letterfit\/index.php\/2021\/12\/23\/lebendiger-adventskalender-ein-voller-erfolg\/\">Lebendiger Adventskalender ein voller Erfolg<\/a><\/p><\/blockquote>\n<p><iframe loading=\"lazy\" class=\"wp-embedded-content\" sandbox=\"allow-scripts\" security=\"restricted\" style=\"position: absolute; visibility: hidden;\" title=\"&#8222;Lebendiger Adventskalender ein voller Erfolg&#8220; &#8212; \" src=\"https:\/\/letter-fit.de\/letterfit\/index.php\/2021\/12\/23\/lebendiger-adventskalender-ein-voller-erfolg\/embed\/#?secret=5lTc1pOAMZ#?secret=0mHhCZkRle\" data-secret=\"0mHhCZkRle\" width=\"525\" height=\"296\" frameborder=\"0\" marginwidth=\"0\" marginheight=\"0\" scrolling=\"no\"><\/iframe><\/p>\n<blockquote class=\"wp-embedded-content\" data-secret=\"8lbHuhctF6\"><p><a href=\"https:\/\/letter-fit.de\/letterfit\/index.php\/2021\/12\/12\/halbzeit-beim-lebendigen-adventskalender\/\">Halbzeit beim Lebendigen Adventskalender<\/a><\/p><\/blockquote>\n<p><iframe loading=\"lazy\" class=\"wp-embedded-content\" sandbox=\"allow-scripts\" security=\"restricted\" style=\"position: absolute; visibility: hidden;\" title=\"&#8222;Halbzeit beim Lebendigen Adventskalender&#8220; &#8212; \" src=\"https:\/\/letter-fit.de\/letterfit\/index.php\/2021\/12\/12\/halbzeit-beim-lebendigen-adventskalender\/embed\/#?secret=UrofRcUe17#?secret=8lbHuhctF6\" data-secret=\"8lbHuhctF6\" width=\"525\" height=\"296\" frameborder=\"0\" marginwidth=\"0\" marginheight=\"0\" scrolling=\"no\"><\/iframe><\/p>\n<blockquote class=\"wp-embedded-content\" data-secret=\"UZ7w1vEEH8\"><p><a href=\"https:\/\/letter-fit.de\/letterfit\/index.php\/2021\/11\/27\/weihnachtsbaum-geschmueckt\/\">Weihnachtsbaum geschm\u00fcckt<\/a><\/p><\/blockquote>\n<p><iframe loading=\"lazy\" class=\"wp-embedded-content\" sandbox=\"allow-scripts\" security=\"restricted\" style=\"position: absolute; visibility: hidden;\" title=\"&#8222;Weihnachtsbaum geschm\u00fcckt&#8220; &#8212; \" src=\"https:\/\/letter-fit.de\/letterfit\/index.php\/2021\/11\/27\/weihnachtsbaum-geschmueckt\/embed\/#?secret=lcRdBf7Y1G#?secret=UZ7w1vEEH8\" data-secret=\"UZ7w1vEEH8\" width=\"525\" height=\"296\" frameborder=\"0\" marginwidth=\"0\" marginheight=\"0\" scrolling=\"no\"><\/iframe><\/p>\n<blockquote class=\"wp-embedded-content\" data-secret=\"jzvT3UiXJl\"><p><a href=\"https:\/\/letter-fit.de\/letterfit\/index.php\/2021\/11\/24\/lebendiger-adventskalender-startet\/\">Lebendiger Adventskalender startet<\/a><\/p><\/blockquote>\n<p><iframe loading=\"lazy\" class=\"wp-embedded-content\" sandbox=\"allow-scripts\" security=\"restricted\" style=\"position: absolute; visibility: hidden;\" title=\"&#8222;Lebendiger Adventskalender startet&#8220; &#8212; \" src=\"https:\/\/letter-fit.de\/letterfit\/index.php\/2021\/11\/24\/lebendiger-adventskalender-startet\/embed\/#?secret=0WF3iDD1yl#?secret=jzvT3UiXJl\" data-secret=\"jzvT3UiXJl\" width=\"525\" height=\"296\" frameborder=\"0\" marginwidth=\"0\" marginheight=\"0\" scrolling=\"no\"><\/iframe><\/p>\n<blockquote class=\"wp-embedded-content\" data-secret=\"m54qRR2LbZ\"><p><a href=\"https:\/\/letter-fit.de\/letterfit\/index.php\/2021\/11\/02\/stammtisch-im-dezember-vorverlegt\/\">Stammtisch im Dezember vorverlegt<\/a><\/p><\/blockquote>\n<p><iframe loading=\"lazy\" class=\"wp-embedded-content\" sandbox=\"allow-scripts\" security=\"restricted\" style=\"position: absolute; visibility: hidden;\" title=\"&#8222;Stammtisch im Dezember vorverlegt&#8220; &#8212; \" src=\"https:\/\/letter-fit.de\/letterfit\/index.php\/2021\/11\/02\/stammtisch-im-dezember-vorverlegt\/embed\/#?secret=hvbokAoUn4#?secret=m54qRR2LbZ\" data-secret=\"m54qRR2LbZ\" width=\"525\" height=\"296\" frameborder=\"0\" marginwidth=\"0\" marginheight=\"0\" scrolling=\"no\"><\/iframe><\/p>\n<blockquote class=\"wp-embedded-content\" data-secret=\"dLcFcaeRRY\"><p><a href=\"https:\/\/letter-fit.de\/letterfit\/index.php\/2021\/10\/24\/vorbesprechung-lebendiger-adventskalender-2\/\">Vorbesprechung Lebendiger Adventskalender<\/a><\/p><\/blockquote>\n<p><iframe loading=\"lazy\" class=\"wp-embedded-content\" sandbox=\"allow-scripts\" security=\"restricted\" style=\"position: absolute; visibility: hidden;\" title=\"&#8222;Vorbesprechung Lebendiger Adventskalender&#8220; &#8212; \" src=\"https:\/\/letter-fit.de\/letterfit\/index.php\/2021\/10\/24\/vorbesprechung-lebendiger-adventskalender-2\/embed\/#?secret=FEAN2Q3x2w#?secret=dLcFcaeRRY\" data-secret=\"dLcFcaeRRY\" width=\"525\" height=\"296\" frameborder=\"0\" marginwidth=\"0\" marginheight=\"0\" scrolling=\"no\"><\/iframe><\/p>\n<blockquote class=\"wp-embedded-content\" data-secret=\"WPXs7oUNgF\"><p><a href=\"https:\/\/letter-fit.de\/letterfit\/index.php\/2021\/10\/24\/wunderbarer-ausflug-nach-celle\/\">Wunderbarer Ausflug nach Celle<\/a><\/p><\/blockquote>\n<p><iframe loading=\"lazy\" class=\"wp-embedded-content\" sandbox=\"allow-scripts\" security=\"restricted\" style=\"position: absolute; visibility: hidden;\" title=\"&#8222;Wunderbarer Ausflug nach Celle&#8220; &#8212; \" src=\"https:\/\/letter-fit.de\/letterfit\/index.php\/2021\/10\/24\/wunderbarer-ausflug-nach-celle\/embed\/#?secret=H82f77UjSc#?secret=WPXs7oUNgF\" data-secret=\"WPXs7oUNgF\" width=\"525\" height=\"296\" frameborder=\"0\" marginwidth=\"0\" marginheight=\"0\" scrolling=\"no\"><\/iframe><\/p>\n<blockquote class=\"wp-embedded-content\" data-secret=\"MlocDzTtpA\"><p><a href=\"https:\/\/letter-fit.de\/letterfit\/index.php\/2021\/10\/06\/vereinsausflug-nach-celle-2\/\">Vereinsausflug nach Celle<\/a><\/p><\/blockquote>\n<p><iframe loading=\"lazy\" class=\"wp-embedded-content\" sandbox=\"allow-scripts\" security=\"restricted\" style=\"position: absolute; visibility: hidden;\" title=\"&#8222;Vereinsausflug nach Celle&#8220; &#8212; \" src=\"https:\/\/letter-fit.de\/letterfit\/index.php\/2021\/10\/06\/vereinsausflug-nach-celle-2\/embed\/#?secret=nrQfiSwMrT#?secret=MlocDzTtpA\" data-secret=\"MlocDzTtpA\" width=\"525\" height=\"296\" frameborder=\"0\" marginwidth=\"0\" marginheight=\"0\" scrolling=\"no\"><\/iframe><\/p>\n<blockquote class=\"wp-embedded-content\" data-secret=\"TrWU4l04ZC\"><p><a href=\"https:\/\/letter-fit.de\/letterfit\/index.php\/2021\/09\/28\/muellsackboerse-beginnt-wieder\/\">M\u00fcllsackb\u00f6rse beginnt wieder<\/a><\/p><\/blockquote>\n<p><iframe loading=\"lazy\" class=\"wp-embedded-content\" sandbox=\"allow-scripts\" security=\"restricted\" style=\"position: absolute; visibility: hidden;\" title=\"&#8222;M\u00fcllsackb\u00f6rse beginnt wieder&#8220; &#8212; \" src=\"https:\/\/letter-fit.de\/letterfit\/index.php\/2021\/09\/28\/muellsackboerse-beginnt-wieder\/embed\/#?secret=ysrZKYTudZ#?secret=TrWU4l04ZC\" data-secret=\"TrWU4l04ZC\" width=\"525\" height=\"296\" frameborder=\"0\" marginwidth=\"0\" marginheight=\"0\" scrolling=\"no\"><\/iframe><\/p>\n<blockquote class=\"wp-embedded-content\" data-secret=\"ODgdYwjBru\"><p><a href=\"https:\/\/letter-fit.de\/letterfit\/index.php\/2021\/09\/27\/statt-stammtisch-ortsratssitzung-seelze\/\">Statt Stammtisch Ortsratssitzung Seelze<\/a><\/p><\/blockquote>\n<p><iframe loading=\"lazy\" class=\"wp-embedded-content\" sandbox=\"allow-scripts\" security=\"restricted\" style=\"position: absolute; visibility: hidden;\" title=\"&#8222;Statt Stammtisch Ortsratssitzung Seelze&#8220; &#8212; \" src=\"https:\/\/letter-fit.de\/letterfit\/index.php\/2021\/09\/27\/statt-stammtisch-ortsratssitzung-seelze\/embed\/#?secret=ngVQFzGMEI#?secret=ODgdYwjBru\" data-secret=\"ODgdYwjBru\" width=\"525\" height=\"296\" frameborder=\"0\" marginwidth=\"0\" marginheight=\"0\" scrolling=\"no\"><\/iframe><\/p>\n<blockquote class=\"wp-embedded-content\" data-secret=\"VaCrZgNsCi\"><p><a href=\"https:\/\/letter-fit.de\/letterfit\/index.php\/2021\/09\/04\/demokratiespiel-mit-politikern-sehr-lebhaft\/\">Demokratiespiel mit Politikern sehr lebhaft<\/a><\/p><\/blockquote>\n<p><iframe loading=\"lazy\" class=\"wp-embedded-content\" sandbox=\"allow-scripts\" security=\"restricted\" style=\"position: absolute; visibility: hidden;\" title=\"&#8222;Demokratiespiel mit Politikern sehr lebhaft&#8220; &#8212; \" src=\"https:\/\/letter-fit.de\/letterfit\/index.php\/2021\/09\/04\/demokratiespiel-mit-politikern-sehr-lebhaft\/embed\/#?secret=NAUrnj2ynT#?secret=VaCrZgNsCi\" data-secret=\"VaCrZgNsCi\" width=\"525\" height=\"296\" frameborder=\"0\" marginwidth=\"0\" marginheight=\"0\" scrolling=\"no\"><\/iframe><\/p>\n<blockquote class=\"wp-embedded-content\" data-secret=\"hUqX8vuESk\"><p><a href=\"https:\/\/letter-fit.de\/letterfit\/index.php\/2021\/08\/22\/unterhaltsamer-theaterausflug\/\">Unterhaltsamer Theaterausflug<\/a><\/p><\/blockquote>\n<p><iframe loading=\"lazy\" class=\"wp-embedded-content\" sandbox=\"allow-scripts\" security=\"restricted\" style=\"position: absolute; visibility: hidden;\" title=\"&#8222;Unterhaltsamer Theaterausflug&#8220; &#8212; \" src=\"https:\/\/letter-fit.de\/letterfit\/index.php\/2021\/08\/22\/unterhaltsamer-theaterausflug\/embed\/#?secret=yHWT18FMgs#?secret=hUqX8vuESk\" data-secret=\"hUqX8vuESk\" width=\"525\" height=\"296\" frameborder=\"0\" marginwidth=\"0\" marginheight=\"0\" scrolling=\"no\"><\/iframe><\/p>\n<blockquote class=\"wp-embedded-content\" data-secret=\"9Rq8QQ8wDv\"><p><a href=\"https:\/\/letter-fit.de\/letterfit\/index.php\/2021\/08\/14\/lange-6-stadtfuehrung-in-letter\/\">Lange 6. Stadtf\u00fchrung in Letter<\/a><\/p><\/blockquote>\n<p><iframe loading=\"lazy\" class=\"wp-embedded-content\" sandbox=\"allow-scripts\" security=\"restricted\" style=\"position: absolute; visibility: hidden;\" title=\"&#8222;Lange 6. Stadtf\u00fchrung in Letter&#8220; &#8212; \" src=\"https:\/\/letter-fit.de\/letterfit\/index.php\/2021\/08\/14\/lange-6-stadtfuehrung-in-letter\/embed\/#?secret=rZ6YmkaAmm#?secret=9Rq8QQ8wDv\" data-secret=\"9Rq8QQ8wDv\" width=\"525\" height=\"296\" frameborder=\"0\" marginwidth=\"0\" marginheight=\"0\" scrolling=\"no\"><\/iframe><\/p>\n<blockquote class=\"wp-embedded-content\" data-secret=\"TtIoPsAEtc\"><p><a href=\"https:\/\/letter-fit.de\/letterfit\/index.php\/2021\/08\/08\/demokratiespiel-mit-politikern\/\">Demokratiespiel mit Politikern<\/a><\/p><\/blockquote>\n<p><iframe loading=\"lazy\" class=\"wp-embedded-content\" sandbox=\"allow-scripts\" security=\"restricted\" style=\"position: absolute; visibility: hidden;\" title=\"&#8222;Demokratiespiel mit Politikern&#8220; &#8212; \" src=\"https:\/\/letter-fit.de\/letterfit\/index.php\/2021\/08\/08\/demokratiespiel-mit-politikern\/embed\/#?secret=l2vXxub5vC#?secret=TtIoPsAEtc\" data-secret=\"TtIoPsAEtc\" width=\"525\" height=\"296\" frameborder=\"0\" marginwidth=\"0\" marginheight=\"0\" scrolling=\"no\"><\/iframe><\/p>\n<blockquote class=\"wp-embedded-content\" data-secret=\"bGAmbF1Fsn\"><p><a href=\"https:\/\/letter-fit.de\/letterfit\/index.php\/2021\/08\/04\/6-stadtfuehrung-durch-letter\/\">6. Stadtf\u00fchrung durch Letter<\/a><\/p><\/blockquote>\n<p><iframe loading=\"lazy\" class=\"wp-embedded-content\" sandbox=\"allow-scripts\" security=\"restricted\" style=\"position: absolute; visibility: hidden;\" title=\"&#8222;6. Stadtf\u00fchrung durch Letter&#8220; &#8212; \" src=\"https:\/\/letter-fit.de\/letterfit\/index.php\/2021\/08\/04\/6-stadtfuehrung-durch-letter\/embed\/#?secret=239IxwST3E#?secret=bGAmbF1Fsn\" data-secret=\"bGAmbF1Fsn\" width=\"525\" height=\"296\" frameborder=\"0\" marginwidth=\"0\" marginheight=\"0\" scrolling=\"no\"><\/iframe><\/p>\n<blockquote class=\"wp-embedded-content\" data-secret=\"wd3XrUNsh5\"><p><a href=\"https:\/\/letter-fit.de\/letterfit\/index.php\/2021\/07\/25\/radspaziergang-letter-seelze-lohnde\/\">Radspaziergang Letter-Seelze-Lohnde<\/a><\/p><\/blockquote>\n<p><iframe loading=\"lazy\" class=\"wp-embedded-content\" sandbox=\"allow-scripts\" security=\"restricted\" style=\"position: absolute; visibility: hidden;\" title=\"&#8222;Radspaziergang Letter-Seelze-Lohnde&#8220; &#8212; \" src=\"https:\/\/letter-fit.de\/letterfit\/index.php\/2021\/07\/25\/radspaziergang-letter-seelze-lohnde\/embed\/#?secret=unfzQnuf5y#?secret=wd3XrUNsh5\" data-secret=\"wd3XrUNsh5\" width=\"525\" height=\"296\" frameborder=\"0\" marginwidth=\"0\" marginheight=\"0\" scrolling=\"no\"><\/iframe><\/p>\n<blockquote class=\"wp-embedded-content\" data-secret=\"rpx2LVviuv\"><p><a href=\"https:\/\/letter-fit.de\/letterfit\/index.php\/2021\/07\/19\/radspaziergang-durch-seelze\/\">Radspaziergang durch Seelze<\/a><\/p><\/blockquote>\n<p><iframe loading=\"lazy\" class=\"wp-embedded-content\" sandbox=\"allow-scripts\" security=\"restricted\" style=\"position: absolute; visibility: hidden;\" title=\"&#8222;Radspaziergang durch Seelze&#8220; &#8212; \" src=\"https:\/\/letter-fit.de\/letterfit\/index.php\/2021\/07\/19\/radspaziergang-durch-seelze\/embed\/#?secret=sxuwgtxED2#?secret=rpx2LVviuv\" data-secret=\"rpx2LVviuv\" width=\"525\" height=\"296\" frameborder=\"0\" marginwidth=\"0\" marginheight=\"0\" scrolling=\"no\"><\/iframe><\/p>\n<blockquote class=\"wp-embedded-content\" data-secret=\"iunPhbd5VF\"><p><a href=\"https:\/\/letter-fit.de\/letterfit\/index.php\/2021\/07\/07\/erfolgreicher-test-des-demokratiespiels-spielraum-gute-nachbarschaft\/\">Erfolgreicher Test des Demokratiespiels &#8222;Spielraum Gute Nachbarschaft&#8220;<\/a><\/p><\/blockquote>\n<p><iframe loading=\"lazy\" class=\"wp-embedded-content\" sandbox=\"allow-scripts\" security=\"restricted\" style=\"position: absolute; visibility: hidden;\" title=\"&#8222;Erfolgreicher Test des Demokratiespiels &#8222;Spielraum Gute Nachbarschaft&#8220;&#8220; &#8212; \" src=\"https:\/\/letter-fit.de\/letterfit\/index.php\/2021\/07\/07\/erfolgreicher-test-des-demokratiespiels-spielraum-gute-nachbarschaft\/embed\/#?secret=1hNGJMU6si#?secret=iunPhbd5VF\" data-secret=\"iunPhbd5VF\" width=\"525\" height=\"296\" frameborder=\"0\" marginwidth=\"0\" marginheight=\"0\" scrolling=\"no\"><\/iframe><\/p>\n<blockquote class=\"wp-embedded-content\" data-secret=\"jOBQLEkklP\"><p><a href=\"https:\/\/letter-fit.de\/letterfit\/index.php\/2021\/07\/03\/demokratiespiel-testen\/\">Demokratiespiel testen<\/a><\/p><\/blockquote>\n<p><iframe loading=\"lazy\" class=\"wp-embedded-content\" sandbox=\"allow-scripts\" security=\"restricted\" style=\"position: absolute; visibility: hidden;\" title=\"&#8222;Demokratiespiel testen&#8220; &#8212; \" src=\"https:\/\/letter-fit.de\/letterfit\/index.php\/2021\/07\/03\/demokratiespiel-testen\/embed\/#?secret=lRcef8TiQi#?secret=jOBQLEkklP\" data-secret=\"jOBQLEkklP\" width=\"525\" height=\"296\" frameborder=\"0\" marginwidth=\"0\" marginheight=\"0\" scrolling=\"no\"><\/iframe><\/p>\n<blockquote class=\"wp-embedded-content\" data-secret=\"ftkImdaG2K\"><p><a href=\"https:\/\/letter-fit.de\/letterfit\/index.php\/2021\/06\/08\/es-geht-wieder-los\/\">Es geht wieder los<\/a><\/p><\/blockquote>\n<p><iframe loading=\"lazy\" class=\"wp-embedded-content\" sandbox=\"allow-scripts\" security=\"restricted\" style=\"position: absolute; visibility: hidden;\" title=\"&#8222;Es geht wieder los&#8220; &#8212; \" src=\"https:\/\/letter-fit.de\/letterfit\/index.php\/2021\/06\/08\/es-geht-wieder-los\/embed\/#?secret=9SnHfE6VAg#?secret=ftkImdaG2K\" data-secret=\"ftkImdaG2K\" width=\"525\" height=\"296\" frameborder=\"0\" marginwidth=\"0\" marginheight=\"0\" scrolling=\"no\"><\/iframe><\/p>\n<blockquote class=\"wp-embedded-content\" data-secret=\"y10t5h6MIv\"><p><a href=\"https:\/\/letter-fit.de\/letterfit\/index.php\/2021\/05\/27\/ergebnis-der-fotokampagne-an-den-rat-ueberreicht\/\">Ergebnis der Fotokampagne an den Rat \u00fcberreicht<\/a><\/p><\/blockquote>\n<p><iframe loading=\"lazy\" class=\"wp-embedded-content\" sandbox=\"allow-scripts\" security=\"restricted\" style=\"position: absolute; visibility: hidden;\" title=\"&#8222;Ergebnis der Fotokampagne an den Rat \u00fcberreicht&#8220; &#8212; \" src=\"https:\/\/letter-fit.de\/letterfit\/index.php\/2021\/05\/27\/ergebnis-der-fotokampagne-an-den-rat-ueberreicht\/embed\/#?secret=K4Pk0puecE#?secret=y10t5h6MIv\" data-secret=\"y10t5h6MIv\" width=\"525\" height=\"296\" frameborder=\"0\" marginwidth=\"0\" marginheight=\"0\" scrolling=\"no\"><\/iframe><\/p>\n<blockquote class=\"wp-embedded-content\" data-secret=\"azBsYkqGlj\"><p><a href=\"https:\/\/letter-fit.de\/letterfit\/index.php\/2021\/05\/20\/gut-ding-will-weile-haben\/\">Gut Ding will Weile haben &#8230;<\/a><\/p><\/blockquote>\n<p><iframe loading=\"lazy\" class=\"wp-embedded-content\" sandbox=\"allow-scripts\" security=\"restricted\" style=\"position: absolute; visibility: hidden;\" title=\"&#8222;Gut Ding will Weile haben &#8230;&#8220; &#8212; \" src=\"https:\/\/letter-fit.de\/letterfit\/index.php\/2021\/05\/20\/gut-ding-will-weile-haben\/embed\/#?secret=b4uzidlUYp#?secret=azBsYkqGlj\" data-secret=\"azBsYkqGlj\" width=\"525\" height=\"296\" frameborder=\"0\" marginwidth=\"0\" marginheight=\"0\" scrolling=\"no\"><\/iframe><\/p>\n<blockquote class=\"wp-embedded-content\" data-secret=\"eouXAi9R4S\"><p><a href=\"https:\/\/letter-fit.de\/letterfit\/index.php\/2021\/03\/31\/fotokampagne-zum-stadtteilspaziergang\/\">Fotokampagne zum Stadtteilspaziergang<\/a><\/p><\/blockquote>\n<p><iframe loading=\"lazy\" class=\"wp-embedded-content\" sandbox=\"allow-scripts\" security=\"restricted\" style=\"position: absolute; visibility: hidden;\" title=\"&#8222;Fotokampagne zum Stadtteilspaziergang&#8220; &#8212; \" src=\"https:\/\/letter-fit.de\/letterfit\/index.php\/2021\/03\/31\/fotokampagne-zum-stadtteilspaziergang\/embed\/#?secret=BTB3DTNiBE#?secret=eouXAi9R4S\" data-secret=\"eouXAi9R4S\" width=\"525\" height=\"296\" frameborder=\"0\" marginwidth=\"0\" marginheight=\"0\" scrolling=\"no\"><\/iframe><\/p>\n<p>https:\/\/letter-fit.de\/letterfit\/index.php\/2021\/03\/26\/noch-mehr-neue-baenke-auf-dem-wiesenweg\/<\/p>\n<blockquote class=\"wp-embedded-content\" data-secret=\"m04nYZv1XD\"><p><a href=\"https:\/\/letter-fit.de\/letterfit\/index.php\/2021\/03\/20\/muellsammeln-coronaconform\/\">M\u00fcllsammeln coronaconform<\/a><\/p><\/blockquote>\n<p><iframe loading=\"lazy\" class=\"wp-embedded-content\" sandbox=\"allow-scripts\" security=\"restricted\" style=\"position: absolute; visibility: hidden;\" title=\"&#8222;M\u00fcllsammeln coronaconform&#8220; &#8212; \" src=\"https:\/\/letter-fit.de\/letterfit\/index.php\/2021\/03\/20\/muellsammeln-coronaconform\/embed\/#?secret=Ze1uaGcc6S#?secret=m04nYZv1XD\" data-secret=\"m04nYZv1XD\" width=\"525\" height=\"296\" frameborder=\"0\" marginwidth=\"0\" marginheight=\"0\" scrolling=\"no\"><\/iframe><\/p>\n<blockquote class=\"wp-embedded-content\" data-secret=\"HEk7p6jcmC\"><p><a href=\"https:\/\/letter-fit.de\/letterfit\/index.php\/2021\/03\/12\/halbwegs-erfolgreich-fuer-den-stadtteil\/\">Halbwegs erfolgreich f\u00fcr den Stadtteil<\/a><\/p><\/blockquote>\n<p><iframe loading=\"lazy\" class=\"wp-embedded-content\" sandbox=\"allow-scripts\" security=\"restricted\" style=\"position: absolute; visibility: hidden;\" title=\"&#8222;Halbwegs erfolgreich f\u00fcr den Stadtteil&#8220; &#8212; \" src=\"https:\/\/letter-fit.de\/letterfit\/index.php\/2021\/03\/12\/halbwegs-erfolgreich-fuer-den-stadtteil\/embed\/#?secret=mgCnCqjenL#?secret=HEk7p6jcmC\" data-secret=\"HEk7p6jcmC\" width=\"525\" height=\"296\" frameborder=\"0\" marginwidth=\"0\" marginheight=\"0\" scrolling=\"no\"><\/iframe><\/p>\n<blockquote class=\"wp-embedded-content\" data-secret=\"GJbpmXoCGb\"><p><a href=\"https:\/\/letter-fit.de\/letterfit\/index.php\/2021\/02\/02\/stadtteilspaziergang-online-etwas-spaeter-um-17-uhr\/\">Stadtteilspaziergang online etwas sp\u00e4ter um 17 Uhr<\/a><\/p><\/blockquote>\n<p><iframe loading=\"lazy\" class=\"wp-embedded-content\" sandbox=\"allow-scripts\" security=\"restricted\" style=\"position: absolute; visibility: hidden;\" title=\"&#8222;Stadtteilspaziergang online etwas sp\u00e4ter um 17 Uhr&#8220; &#8212; \" src=\"https:\/\/letter-fit.de\/letterfit\/index.php\/2021\/02\/02\/stadtteilspaziergang-online-etwas-spaeter-um-17-uhr\/embed\/#?secret=7d3nUoRaJT#?secret=GJbpmXoCGb\" data-secret=\"GJbpmXoCGb\" width=\"525\" height=\"296\" frameborder=\"0\" marginwidth=\"0\" marginheight=\"0\" scrolling=\"no\"><\/iframe><\/p>\n<blockquote class=\"wp-embedded-content\" data-secret=\"zmWIsmQ37m\"><p><a href=\"https:\/\/letter-fit.de\/letterfit\/index.php\/2021\/01\/28\/lebendiger-adventskalender-digital\/\">Lebendiger Adventskalender digital<\/a><\/p><\/blockquote>\n<p><iframe loading=\"lazy\" class=\"wp-embedded-content\" sandbox=\"allow-scripts\" security=\"restricted\" style=\"position: absolute; visibility: hidden;\" title=\"&#8222;Lebendiger Adventskalender digital&#8220; &#8212; \" src=\"https:\/\/letter-fit.de\/letterfit\/index.php\/2021\/01\/28\/lebendiger-adventskalender-digital\/embed\/#?secret=RJMBnxEnfP#?secret=zmWIsmQ37m\" data-secret=\"zmWIsmQ37m\" width=\"525\" height=\"296\" frameborder=\"0\" marginwidth=\"0\" marginheight=\"0\" scrolling=\"no\"><\/iframe><\/p>\n<blockquote class=\"wp-embedded-content\" data-secret=\"VPVpjBRdjc\"><p><a href=\"https:\/\/letter-fit.de\/letterfit\/index.php\/2021\/01\/14\/muellsackboerse-finanziert-versicherung-buecherschrank\/\">M\u00fcllsackb\u00f6rse finanziert Versicherung B\u00fccherschrank<\/a><\/p><\/blockquote>\n<p><iframe loading=\"lazy\" class=\"wp-embedded-content\" sandbox=\"allow-scripts\" security=\"restricted\" style=\"position: absolute; visibility: hidden;\" title=\"&#8222;M\u00fcllsackb\u00f6rse finanziert Versicherung B\u00fccherschrank&#8220; &#8212; \" src=\"https:\/\/letter-fit.de\/letterfit\/index.php\/2021\/01\/14\/muellsackboerse-finanziert-versicherung-buecherschrank\/embed\/#?secret=FOEtwwDzuc#?secret=VPVpjBRdjc\" data-secret=\"VPVpjBRdjc\" width=\"525\" height=\"296\" frameborder=\"0\" marginwidth=\"0\" marginheight=\"0\" scrolling=\"no\"><\/iframe><\/p>\n<blockquote class=\"wp-embedded-content\" data-secret=\"me7vVpmiQ6\"><p><a href=\"https:\/\/letter-fit.de\/letterfit\/index.php\/2021\/01\/06\/es-geht-online-weiter\/\">Es geht online weiter<\/a><\/p><\/blockquote>\n<p><iframe loading=\"lazy\" class=\"wp-embedded-content\" sandbox=\"allow-scripts\" security=\"restricted\" style=\"position: absolute; visibility: hidden;\" title=\"&#8222;Es geht online weiter&#8220; &#8212; \" src=\"https:\/\/letter-fit.de\/letterfit\/index.php\/2021\/01\/06\/es-geht-online-weiter\/embed\/#?secret=PtonlywUHM#?secret=me7vVpmiQ6\" data-secret=\"me7vVpmiQ6\" width=\"525\" height=\"296\" frameborder=\"0\" marginwidth=\"0\" marginheight=\"0\" scrolling=\"no\"><\/iframe><\/p>\n","protected":false},"excerpt":{"rendered":"<p>Lebendiger Adventskalender ein voller Erfolg Halbzeit beim Lebendigen Adventskalender Weihnachtsbaum geschm\u00fcckt Lebendiger Adventskalender startet Stammtisch im Dezember vorverlegt Vorbesprechung Lebendiger Adventskalender Wunderbarer Ausflug nach Celle Vereinsausflug nach Celle M\u00fcllsackb\u00f6rse beginnt wieder Statt Stammtisch Ortsratssitzung Seelze Demokratiespiel mit Politikern sehr lebhaft Unterhaltsamer Theaterausflug Lange 6. Stadtf\u00fchrung in Letter Demokratiespiel mit Politikern 6. Stadtf\u00fchrung durch Letter Radspaziergang &hellip; <\/p>\n<p class=\"link-more\"><a href=\"https:\/\/letter-fit.de\/letterfit\/index.php\/2021-2\/\" class=\"more-link\"><span class=\"screen-reader-text\">\u201e2021\u201c <\/span>weiterlesen<\/a><\/p>\n","protected":false},"author":1,"featured_media":0,"parent":0,"menu_order":0,"comment_status":"closed","ping_status":"closed","template":"","meta":{"footnotes":""},"class_list":["post-2465","page","type-page","status-publish","hentry"],"post_mailing_queue_ids":[],"_links":{"self":[{"href":"https:\/\/letter-fit.de\/letterfit\/index.php\/wp-json\/wp\/v2\/pages\/2465","targetHints":{"allow":["GET"]}}],"collection":[{"href":"https:\/\/letter-fit.de\/letterfit\/index.php\/wp-json\/wp\/v2\/pages"}],"about":[{"href":"https:\/\/letter-fit.de\/letterfit\/index.php\/wp-json\/wp\/v2\/types\/page"}],"author":[{"embeddable":true,"href":"https:\/\/letter-fit.de\/letterfit\/index.php\/wp-json\/wp\/v2\/users\/1"}],"replies":[{"embeddable":true,"href":"https:\/\/letter-fit.de\/letterfit\/index.php\/wp-json\/wp\/v2\/comments?post=2465"}],"version-history":[{"count":32,"href":"https:\/\/letter-fit.de\/letterfit\/index.php\/wp-json\/wp\/v2\/pages\/2465\/revisions"}],"predecessor-version":[{"id":2821,"href":"https:\/\/letter-fit.de\/letterfit\/index.php\/wp-json\/wp\/v2\/pages\/2465\/revisions\/2821"}],"wp:attachment":[{"href":"https:\/\/letter-fit.de\/letterfit\/index.php\/wp-json\/wp\/v2\/media?parent=2465"}],"curies":[{"name":"wp","href":"https:\/\/api.w.org\/{rel}","templated":true}]}}