{"id":2321,"date":"2020-01-11T00:38:10","date_gmt":"2020-01-10T23:38:10","guid":{"rendered":"http:\/\/letter-fit.de\/letterfit\/?page_id=2321"},"modified":"2021-03-17T13:59:26","modified_gmt":"2021-03-17T12:59:26","slug":"news-2020","status":"publish","type":"page","link":"https:\/\/letter-fit.de\/letterfit\/index.php\/news-2020\/","title":{"rendered":"News 2020"},"content":{"rendered":"<blockquote class=\"wp-embedded-content\" data-secret=\"kfW1WY2805\"><p><a href=\"https:\/\/letter-fit.de\/letterfit\/index.php\/2020\/12\/22\/corona-adventskalendersong-single-bells\/\">Corona Adventskalender-Song &#8222;Singe Bells&#8220;<\/a><\/p><\/blockquote>\n<p><iframe loading=\"lazy\" class=\"wp-embedded-content\" sandbox=\"allow-scripts\" security=\"restricted\" style=\"position: absolute; visibility: hidden;\" title=\"&#8222;Corona Adventskalender-Song &#8222;Singe Bells&#8220;&#8220; &#8212; \" src=\"https:\/\/letter-fit.de\/letterfit\/index.php\/2020\/12\/22\/corona-adventskalendersong-single-bells\/embed\/#?secret=UsCXxux0pj#?secret=kfW1WY2805\" data-secret=\"kfW1WY2805\" width=\"525\" height=\"296\" frameborder=\"0\" marginwidth=\"0\" marginheight=\"0\" scrolling=\"no\"><\/iframe><\/p>\n<blockquote class=\"wp-embedded-content\" data-secret=\"TSbjLWJrm1\"><p><a href=\"https:\/\/letter-fit.de\/letterfit\/index.php\/2020\/12\/24\/lebendiger-adventskalender-voller-erfolg\/\">Lebendiger Adventskalender &#8211; voller Erfolg<\/a><\/p><\/blockquote>\n<p><iframe loading=\"lazy\" class=\"wp-embedded-content\" sandbox=\"allow-scripts\" security=\"restricted\" style=\"position: absolute; visibility: hidden;\" title=\"&#8222;Lebendiger Adventskalender &#8211; voller Erfolg&#8220; &#8212; \" src=\"https:\/\/letter-fit.de\/letterfit\/index.php\/2020\/12\/24\/lebendiger-adventskalender-voller-erfolg\/embed\/#?secret=Fi2nJfHCS0#?secret=TSbjLWJrm1\" data-secret=\"TSbjLWJrm1\" width=\"525\" height=\"296\" frameborder=\"0\" marginwidth=\"0\" marginheight=\"0\" scrolling=\"no\"><\/iframe><\/p>\n<blockquote class=\"wp-embedded-content\" data-secret=\"zy4RsAeChx\"><p><a href=\"https:\/\/letter-fit.de\/letterfit\/index.php\/2020\/12\/09\/lebendige-adventskalender-online-mit-guter-resonanz-gestartet\/\">Lebendige Adventskalender Online mit guter Resonanz gestartet<\/a><\/p><\/blockquote>\n<p><iframe loading=\"lazy\" class=\"wp-embedded-content\" sandbox=\"allow-scripts\" security=\"restricted\" style=\"position: absolute; visibility: hidden;\" title=\"&#8222;Lebendige Adventskalender Online mit guter Resonanz gestartet&#8220; &#8212; \" src=\"https:\/\/letter-fit.de\/letterfit\/index.php\/2020\/12\/09\/lebendige-adventskalender-online-mit-guter-resonanz-gestartet\/embed\/#?secret=KlSPraHRya#?secret=zy4RsAeChx\" data-secret=\"zy4RsAeChx\" width=\"525\" height=\"296\" frameborder=\"0\" marginwidth=\"0\" marginheight=\"0\" scrolling=\"no\"><\/iframe><\/p>\n<blockquote class=\"wp-embedded-content\" data-secret=\"x9uwQ1hHQp\"><p><a href=\"https:\/\/letter-fit.de\/letterfit\/index.php\/2020\/11\/28\/lebendiger-adventskalender-online\/\">Lebendiger Adventskalender Online<\/a><\/p><\/blockquote>\n<p><iframe loading=\"lazy\" class=\"wp-embedded-content\" sandbox=\"allow-scripts\" security=\"restricted\" style=\"position: absolute; visibility: hidden;\" title=\"&#8222;Lebendiger Adventskalender Online&#8220; &#8212; \" src=\"https:\/\/letter-fit.de\/letterfit\/index.php\/2020\/11\/28\/lebendiger-adventskalender-online\/embed\/#?secret=sL1GIaGIo5#?secret=x9uwQ1hHQp\" data-secret=\"x9uwQ1hHQp\" width=\"525\" height=\"296\" frameborder=\"0\" marginwidth=\"0\" marginheight=\"0\" scrolling=\"no\"><\/iframe><\/p>\n<blockquote class=\"wp-embedded-content\" data-secret=\"2u0trWINS0\"><p><a href=\"https:\/\/letter-fit.de\/letterfit\/index.php\/2020\/11\/19\/noch-hoffnung-fuer-den-lebendigen-adventskalender\/\">Noch Hoffnung f\u00fcr den Lebendigen Adventskalender<\/a><\/p><\/blockquote>\n<p><iframe loading=\"lazy\" class=\"wp-embedded-content\" sandbox=\"allow-scripts\" security=\"restricted\" style=\"position: absolute; visibility: hidden;\" title=\"&#8222;Noch Hoffnung f\u00fcr den Lebendigen Adventskalender&#8220; &#8212; \" src=\"https:\/\/letter-fit.de\/letterfit\/index.php\/2020\/11\/19\/noch-hoffnung-fuer-den-lebendigen-adventskalender\/embed\/#?secret=mmfpJ9SQlC#?secret=2u0trWINS0\" data-secret=\"2u0trWINS0\" width=\"525\" height=\"296\" frameborder=\"0\" marginwidth=\"0\" marginheight=\"0\" scrolling=\"no\"><\/iframe><\/p>\n<blockquote class=\"wp-embedded-content\" data-secret=\"zTuhHVO4gX\"><p><a href=\"https:\/\/letter-fit.de\/letterfit\/index.php\/2020\/11\/10\/vorlesetag\/\">Vorlesetag<\/a><\/p><\/blockquote>\n<p><iframe loading=\"lazy\" class=\"wp-embedded-content\" sandbox=\"allow-scripts\" security=\"restricted\" style=\"position: absolute; visibility: hidden;\" title=\"&#8222;Vorlesetag&#8220; &#8212; \" src=\"https:\/\/letter-fit.de\/letterfit\/index.php\/2020\/11\/10\/vorlesetag\/embed\/#?secret=tX8THKUgG9#?secret=zTuhHVO4gX\" data-secret=\"zTuhHVO4gX\" width=\"525\" height=\"296\" frameborder=\"0\" marginwidth=\"0\" marginheight=\"0\" scrolling=\"no\"><\/iframe><\/p>\n<blockquote class=\"wp-embedded-content\" data-secret=\"5PikWa3Np1\"><p><a href=\"https:\/\/letter-fit.de\/letterfit\/index.php\/2020\/10\/28\/stadtteilspaziergang-3000-3\/\">Stadtteilspaziergang 3000<\/a><\/p><\/blockquote>\n<p><iframe loading=\"lazy\" class=\"wp-embedded-content\" sandbox=\"allow-scripts\" security=\"restricted\" style=\"position: absolute; visibility: hidden;\" title=\"&#8222;Stadtteilspaziergang 3000&#8220; &#8212; \" src=\"https:\/\/letter-fit.de\/letterfit\/index.php\/2020\/10\/28\/stadtteilspaziergang-3000-3\/embed\/#?secret=4Ed30Hl7Wg#?secret=5PikWa3Np1\" data-secret=\"5PikWa3Np1\" width=\"525\" height=\"296\" frameborder=\"0\" marginwidth=\"0\" marginheight=\"0\" scrolling=\"no\"><\/iframe><\/p>\n<blockquote class=\"wp-embedded-content\" data-secret=\"IAcme1Mj73\"><p><a href=\"https:\/\/letter-fit.de\/letterfit\/index.php\/2020\/10\/26\/vorbesprechung-lebendiger-adventskalender\/\">Vorbesprechung Lebendiger Adventskalender<\/a><\/p><\/blockquote>\n<p><iframe loading=\"lazy\" class=\"wp-embedded-content\" sandbox=\"allow-scripts\" security=\"restricted\" style=\"position: absolute; visibility: hidden;\" title=\"&#8222;Vorbesprechung Lebendiger Adventskalender&#8220; &#8212; \" src=\"https:\/\/letter-fit.de\/letterfit\/index.php\/2020\/10\/26\/vorbesprechung-lebendiger-adventskalender\/embed\/#?secret=wVIP8l3x1K#?secret=IAcme1Mj73\" data-secret=\"IAcme1Mj73\" width=\"525\" height=\"296\" frameborder=\"0\" marginwidth=\"0\" marginheight=\"0\" scrolling=\"no\"><\/iframe><\/p>\n<blockquote class=\"wp-embedded-content\" data-secret=\"UinvnMWO0M\"><p><a href=\"https:\/\/letter-fit.de\/letterfit\/index.php\/2020\/10\/20\/buecherschrank-zugewachsen\/\">B\u00fccherschrank zugewachsen<\/a><\/p><\/blockquote>\n<p><iframe loading=\"lazy\" class=\"wp-embedded-content\" sandbox=\"allow-scripts\" security=\"restricted\" style=\"position: absolute; visibility: hidden;\" title=\"&#8222;B\u00fccherschrank zugewachsen&#8220; &#8212; \" src=\"https:\/\/letter-fit.de\/letterfit\/index.php\/2020\/10\/20\/buecherschrank-zugewachsen\/embed\/#?secret=nBE2JOgNZf#?secret=UinvnMWO0M\" data-secret=\"UinvnMWO0M\" width=\"525\" height=\"296\" frameborder=\"0\" marginwidth=\"0\" marginheight=\"0\" scrolling=\"no\"><\/iframe><\/p>\n<blockquote class=\"wp-embedded-content\" data-secret=\"p1TGRJ4zro\"><p><a href=\"https:\/\/letter-fit.de\/letterfit\/index.php\/2020\/10\/10\/muellsackboerse\/\">M\u00fcllsackb\u00f6rse<\/a><\/p><\/blockquote>\n<p><iframe loading=\"lazy\" class=\"wp-embedded-content\" sandbox=\"allow-scripts\" security=\"restricted\" style=\"position: absolute; visibility: hidden;\" title=\"&#8222;M\u00fcllsackb\u00f6rse&#8220; &#8212; \" src=\"https:\/\/letter-fit.de\/letterfit\/index.php\/2020\/10\/10\/muellsackboerse\/embed\/#?secret=iqf0BuZt2q#?secret=p1TGRJ4zro\" data-secret=\"p1TGRJ4zro\" width=\"525\" height=\"296\" frameborder=\"0\" marginwidth=\"0\" marginheight=\"0\" scrolling=\"no\"><\/iframe><\/p>\n<blockquote class=\"wp-embedded-content\" data-secret=\"JMEYOvF93v\"><p><a href=\"https:\/\/letter-fit.de\/letterfit\/index.php\/2020\/10\/08\/vereinsausflug-nach-celle\/\">Vereinsausflug nach Celle<\/a><\/p><\/blockquote>\n<p><iframe loading=\"lazy\" class=\"wp-embedded-content\" sandbox=\"allow-scripts\" security=\"restricted\" style=\"position: absolute; visibility: hidden;\" title=\"&#8222;Vereinsausflug nach Celle&#8220; &#8212; \" src=\"https:\/\/letter-fit.de\/letterfit\/index.php\/2020\/10\/08\/vereinsausflug-nach-celle\/embed\/#?secret=kx7FKYWP7i#?secret=JMEYOvF93v\" data-secret=\"JMEYOvF93v\" width=\"525\" height=\"296\" frameborder=\"0\" marginwidth=\"0\" marginheight=\"0\" scrolling=\"no\"><\/iframe><\/p>\n<blockquote class=\"wp-embedded-content\" data-secret=\"lYfDTCHI2N\"><p><a href=\"https:\/\/letter-fit.de\/letterfit\/index.php\/2020\/10\/06\/stadtteilspaziergang-4055\/\">Stadtteilspaziergang 4055<\/a><\/p><\/blockquote>\n<p><iframe loading=\"lazy\" class=\"wp-embedded-content\" sandbox=\"allow-scripts\" security=\"restricted\" style=\"position: absolute; visibility: hidden;\" title=\"&#8222;Stadtteilspaziergang 4055&#8220; &#8212; \" src=\"https:\/\/letter-fit.de\/letterfit\/index.php\/2020\/10\/06\/stadtteilspaziergang-4055\/embed\/#?secret=fJ1fnHhfaL#?secret=lYfDTCHI2N\" data-secret=\"lYfDTCHI2N\" width=\"525\" height=\"296\" frameborder=\"0\" marginwidth=\"0\" marginheight=\"0\" scrolling=\"no\"><\/iframe><\/p>\n<blockquote class=\"wp-embedded-content\" data-secret=\"kpkJ2o2xbB\"><p><a href=\"https:\/\/letter-fit.de\/letterfit\/index.php\/2020\/09\/22\/stadtteilspaziergang-3788\/\">Stadtteilspaziergang 3788+<\/a><\/p><\/blockquote>\n<p><iframe loading=\"lazy\" class=\"wp-embedded-content\" sandbox=\"allow-scripts\" security=\"restricted\" style=\"position: absolute; visibility: hidden;\" title=\"&#8222;Stadtteilspaziergang 3788+&#8220; &#8212; \" src=\"https:\/\/letter-fit.de\/letterfit\/index.php\/2020\/09\/22\/stadtteilspaziergang-3788\/embed\/#?secret=5YJy5Kna2S#?secret=kpkJ2o2xbB\" data-secret=\"kpkJ2o2xbB\" width=\"525\" height=\"296\" frameborder=\"0\" marginwidth=\"0\" marginheight=\"0\" scrolling=\"no\"><\/iframe><\/p>\n<blockquote class=\"wp-embedded-content\" data-secret=\"KmBr5T5bBO\"><p><a href=\"https:\/\/letter-fit.de\/letterfit\/index.php\/2020\/09\/17\/stadtteilspaziergang-3000\/\">Stadtteilspaziergang 3000<\/a><\/p><\/blockquote>\n<p><iframe loading=\"lazy\" class=\"wp-embedded-content\" sandbox=\"allow-scripts\" security=\"restricted\" style=\"position: absolute; visibility: hidden;\" title=\"&#8222;Stadtteilspaziergang 3000&#8220; &#8212; \" src=\"https:\/\/letter-fit.de\/letterfit\/index.php\/2020\/09\/17\/stadtteilspaziergang-3000\/embed\/#?secret=xNRJCtwaxs#?secret=KmBr5T5bBO\" data-secret=\"KmBr5T5bBO\" width=\"525\" height=\"296\" frameborder=\"0\" marginwidth=\"0\" marginheight=\"0\" scrolling=\"no\"><\/iframe><\/p>\n<blockquote class=\"wp-embedded-content\" data-secret=\"FAJI0Sypbd\"><p><a href=\"https:\/\/letter-fit.de\/letterfit\/index.php\/2020\/09\/16\/erfolgreicher-einsatz-fuer-den-stadtteil\/\">Erfolgreicher Einsatz f\u00fcr den Stadtteil<\/a><\/p><\/blockquote>\n<p><iframe loading=\"lazy\" class=\"wp-embedded-content\" sandbox=\"allow-scripts\" security=\"restricted\" style=\"position: absolute; visibility: hidden;\" title=\"&#8222;Erfolgreicher Einsatz f\u00fcr den Stadtteil&#8220; &#8212; \" src=\"https:\/\/letter-fit.de\/letterfit\/index.php\/2020\/09\/16\/erfolgreicher-einsatz-fuer-den-stadtteil\/embed\/#?secret=AoanEhLXDR#?secret=FAJI0Sypbd\" data-secret=\"FAJI0Sypbd\" width=\"525\" height=\"296\" frameborder=\"0\" marginwidth=\"0\" marginheight=\"0\" scrolling=\"no\"><\/iframe><\/p>\n<blockquote class=\"wp-embedded-content\" data-secret=\"lAI57tnvVP\"><p><a href=\"https:\/\/letter-fit.de\/letterfit\/index.php\/2020\/08\/23\/informative-radtour-bei-schoenem-wetter\/\">Informative Radtour bei sch\u00f6nem Wetter<\/a><\/p><\/blockquote>\n<p><iframe loading=\"lazy\" class=\"wp-embedded-content\" sandbox=\"allow-scripts\" security=\"restricted\" style=\"position: absolute; visibility: hidden;\" title=\"&#8222;Informative Radtour bei sch\u00f6nem Wetter&#8220; &#8212; \" src=\"https:\/\/letter-fit.de\/letterfit\/index.php\/2020\/08\/23\/informative-radtour-bei-schoenem-wetter\/embed\/#?secret=s2KF2K1nGx#?secret=lAI57tnvVP\" data-secret=\"lAI57tnvVP\" width=\"525\" height=\"296\" frameborder=\"0\" marginwidth=\"0\" marginheight=\"0\" scrolling=\"no\"><\/iframe><\/p>\n<blockquote class=\"wp-embedded-content\" data-secret=\"Ys9yjnkier\"><p><a href=\"https:\/\/letter-fit.de\/letterfit\/index.php\/2020\/08\/09\/informative-radtour-3-versuch\/\">Informative Radtour &#8211; 3. Versuch<\/a><\/p><\/blockquote>\n<p><iframe loading=\"lazy\" class=\"wp-embedded-content\" sandbox=\"allow-scripts\" security=\"restricted\" style=\"position: absolute; visibility: hidden;\" title=\"&#8222;Informative Radtour &#8211; 3. Versuch&#8220; &#8212; \" src=\"https:\/\/letter-fit.de\/letterfit\/index.php\/2020\/08\/09\/informative-radtour-3-versuch\/embed\/#?secret=uVcIl7mcPA#?secret=Ys9yjnkier\" data-secret=\"Ys9yjnkier\" width=\"525\" height=\"296\" frameborder=\"0\" marginwidth=\"0\" marginheight=\"0\" scrolling=\"no\"><\/iframe><\/p>\n<blockquote class=\"wp-embedded-content\" data-secret=\"cjLo1wSd3A\"><p><a href=\"https:\/\/letter-fit.de\/letterfit\/index.php\/2020\/07\/19\/informative-radtour\/\">Informative Radtour<\/a><\/p><\/blockquote>\n<p><iframe loading=\"lazy\" class=\"wp-embedded-content\" sandbox=\"allow-scripts\" security=\"restricted\" style=\"position: absolute; visibility: hidden;\" title=\"&#8222;Informative Radtour&#8220; &#8212; \" src=\"https:\/\/letter-fit.de\/letterfit\/index.php\/2020\/07\/19\/informative-radtour\/embed\/#?secret=gqIryOHPsu#?secret=cjLo1wSd3A\" data-secret=\"cjLo1wSd3A\" width=\"525\" height=\"296\" frameborder=\"0\" marginwidth=\"0\" marginheight=\"0\" scrolling=\"no\"><\/iframe><\/p>\n<blockquote class=\"wp-embedded-content\" data-secret=\"gWxKO45fkr\"><p><a href=\"https:\/\/letter-fit.de\/letterfit\/index.php\/2020\/07\/04\/spannende-stadtfuehrung-durch-letter\/\">Spannende Stadtf\u00fchrung durch Letter<\/a><\/p><\/blockquote>\n<p><iframe loading=\"lazy\" class=\"wp-embedded-content\" sandbox=\"allow-scripts\" security=\"restricted\" style=\"position: absolute; visibility: hidden;\" title=\"&#8222;Spannende Stadtf\u00fchrung durch Letter&#8220; &#8212; \" src=\"https:\/\/letter-fit.de\/letterfit\/index.php\/2020\/07\/04\/spannende-stadtfuehrung-durch-letter\/embed\/#?secret=1RSStm2ZTh#?secret=gWxKO45fkr\" data-secret=\"gWxKO45fkr\" width=\"525\" height=\"296\" frameborder=\"0\" marginwidth=\"0\" marginheight=\"0\" scrolling=\"no\"><\/iframe><\/p>\n<blockquote class=\"wp-embedded-content\" data-secret=\"EtfEFwzhrx\"><p><a href=\"https:\/\/letter-fit.de\/letterfit\/index.php\/2020\/06\/10\/cornoabedingte-ausfaelle\/\">Cornoabedingte Ausf\u00e4lle<\/a><\/p><\/blockquote>\n<p><iframe loading=\"lazy\" class=\"wp-embedded-content\" sandbox=\"allow-scripts\" security=\"restricted\" style=\"position: absolute; visibility: hidden;\" title=\"&#8222;Cornoabedingte Ausf\u00e4lle&#8220; &#8212; \" src=\"https:\/\/letter-fit.de\/letterfit\/index.php\/2020\/06\/10\/cornoabedingte-ausfaelle\/embed\/#?secret=pddajl65rZ#?secret=EtfEFwzhrx\" data-secret=\"EtfEFwzhrx\" width=\"525\" height=\"296\" frameborder=\"0\" marginwidth=\"0\" marginheight=\"0\" scrolling=\"no\"><\/iframe><\/p>\n<blockquote class=\"wp-embedded-content\" data-secret=\"PHdhjajM8l\"><p><a href=\"https:\/\/letter-fit.de\/letterfit\/index.php\/2020\/06\/10\/stadtfuehrung-verschoben-auf-4-7-20\/\">Stadtf\u00fchrung verschoben auf 4.7.20<\/a><\/p><\/blockquote>\n<p><iframe loading=\"lazy\" class=\"wp-embedded-content\" sandbox=\"allow-scripts\" security=\"restricted\" style=\"position: absolute; visibility: hidden;\" title=\"&#8222;Stadtf\u00fchrung verschoben auf 4.7.20&#8220; &#8212; \" src=\"https:\/\/letter-fit.de\/letterfit\/index.php\/2020\/06\/10\/stadtfuehrung-verschoben-auf-4-7-20\/embed\/#?secret=YUG4mX0KLX#?secret=PHdhjajM8l\" data-secret=\"PHdhjajM8l\" width=\"525\" height=\"296\" frameborder=\"0\" marginwidth=\"0\" marginheight=\"0\" scrolling=\"no\"><\/iframe><\/p>\n<blockquote class=\"wp-embedded-content\" data-secret=\"ACQH8cGMc9\"><p><a href=\"https:\/\/letter-fit.de\/letterfit\/index.php\/2020\/03\/16\/corona-ausfaelle\/\">Corona &#8211; Ausf\u00e4lle<\/a><\/p><\/blockquote>\n<p><iframe loading=\"lazy\" class=\"wp-embedded-content\" sandbox=\"allow-scripts\" security=\"restricted\" style=\"position: absolute; visibility: hidden;\" title=\"&#8222;Corona &#8211; Ausf\u00e4lle&#8220; &#8212; \" src=\"https:\/\/letter-fit.de\/letterfit\/index.php\/2020\/03\/16\/corona-ausfaelle\/embed\/#?secret=NBRsJawhSL#?secret=ACQH8cGMc9\" data-secret=\"ACQH8cGMc9\" width=\"525\" height=\"296\" frameborder=\"0\" marginwidth=\"0\" marginheight=\"0\" scrolling=\"no\"><\/iframe><\/p>\n<blockquote class=\"wp-embedded-content\" data-secret=\"WyLCOuPSuB\"><p><a href=\"https:\/\/letter-fit.de\/letterfit\/index.php\/2020\/03\/09\/muellsammeln-und-blumen-pflanzen\/\">M\u00fcllsammeln und Blumen pflanzen<\/a><\/p><\/blockquote>\n<p><iframe loading=\"lazy\" class=\"wp-embedded-content\" sandbox=\"allow-scripts\" security=\"restricted\" style=\"position: absolute; visibility: hidden;\" title=\"&#8222;M\u00fcllsammeln und Blumen pflanzen&#8220; &#8212; \" src=\"https:\/\/letter-fit.de\/letterfit\/index.php\/2020\/03\/09\/muellsammeln-und-blumen-pflanzen\/embed\/#?secret=r9wsnvI1bv#?secret=WyLCOuPSuB\" data-secret=\"WyLCOuPSuB\" width=\"525\" height=\"296\" frameborder=\"0\" marginwidth=\"0\" marginheight=\"0\" scrolling=\"no\"><\/iframe><\/p>\n<blockquote class=\"wp-embedded-content\" data-secret=\"c4LrmQ4eW8\"><p><a href=\"https:\/\/letter-fit.de\/letterfit\/index.php\/2020\/01\/31\/bewohnerinitiativentreffen-in-nienburg\/\">Bewohnerinitiativentreffen in Nienburg<\/a><\/p><\/blockquote>\n<p><iframe loading=\"lazy\" class=\"wp-embedded-content\" sandbox=\"allow-scripts\" security=\"restricted\" style=\"position: absolute; visibility: hidden;\" title=\"&#8222;Bewohnerinitiativentreffen in Nienburg&#8220; &#8212; \" src=\"https:\/\/letter-fit.de\/letterfit\/index.php\/2020\/01\/31\/bewohnerinitiativentreffen-in-nienburg\/embed\/#?secret=Hp3krRZgXG#?secret=c4LrmQ4eW8\" data-secret=\"c4LrmQ4eW8\" width=\"525\" height=\"296\" frameborder=\"0\" marginwidth=\"0\" marginheight=\"0\" scrolling=\"no\"><\/iframe><\/p>\n<blockquote class=\"wp-embedded-content\" data-secret=\"eVJ80g275D\"><p><a href=\"https:\/\/letter-fit.de\/letterfit\/index.php\/2020\/01\/26\/wuerdiges-vereinsjubilaeum\/\">W\u00fcrdiges Vereinsjubil\u00e4um<\/a><\/p><\/blockquote>\n<p><iframe loading=\"lazy\" class=\"wp-embedded-content\" sandbox=\"allow-scripts\" security=\"restricted\" style=\"position: absolute; visibility: hidden;\" title=\"&#8222;W\u00fcrdiges Vereinsjubil\u00e4um&#8220; &#8212; \" src=\"https:\/\/letter-fit.de\/letterfit\/index.php\/2020\/01\/26\/wuerdiges-vereinsjubilaeum\/embed\/#?secret=vrOGZHBJfp#?secret=eVJ80g275D\" data-secret=\"eVJ80g275D\" width=\"525\" height=\"296\" frameborder=\"0\" marginwidth=\"0\" marginheight=\"0\" scrolling=\"no\"><\/iframe><\/p>\n<blockquote class=\"wp-embedded-content\" data-secret=\"PbwosnLnrz\"><p><a href=\"https:\/\/letter-fit.de\/letterfit\/index.php\/2020\/01\/12\/jahreshauptversammlung-3\/\">Jahreshauptversammlung<\/a><\/p><\/blockquote>\n<p><iframe loading=\"lazy\" class=\"wp-embedded-content\" sandbox=\"allow-scripts\" security=\"restricted\" style=\"position: absolute; visibility: hidden;\" title=\"&#8222;Jahreshauptversammlung&#8220; &#8212; \" src=\"https:\/\/letter-fit.de\/letterfit\/index.php\/2020\/01\/12\/jahreshauptversammlung-3\/embed\/#?secret=EKH8q38rOe#?secret=PbwosnLnrz\" data-secret=\"PbwosnLnrz\" width=\"525\" height=\"296\" frameborder=\"0\" marginwidth=\"0\" marginheight=\"0\" scrolling=\"no\"><\/iframe><\/p>\n<blockquote class=\"wp-embedded-content\" data-secret=\"ptAckJWqdZ\"><p><a href=\"https:\/\/letter-fit.de\/letterfit\/index.php\/2020\/01\/12\/guter-jahresabschluss\/\">Guter Jahresabschlu\u00df<\/a><\/p><\/blockquote>\n<p><iframe loading=\"lazy\" class=\"wp-embedded-content\" sandbox=\"allow-scripts\" security=\"restricted\" style=\"position: absolute; visibility: hidden;\" title=\"&#8222;Guter Jahresabschlu\u00df&#8220; &#8212; \" src=\"https:\/\/letter-fit.de\/letterfit\/index.php\/2020\/01\/12\/guter-jahresabschluss\/embed\/#?secret=NjBoZ32gLe#?secret=ptAckJWqdZ\" data-secret=\"ptAckJWqdZ\" width=\"525\" height=\"296\" frameborder=\"0\" marginwidth=\"0\" marginheight=\"0\" scrolling=\"no\"><\/iframe><\/p>\n<blockquote class=\"wp-embedded-content\" data-secret=\"KQkZXkFFh1\"><p><a href=\"https:\/\/letter-fit.de\/letterfit\/index.php\/2020\/01\/11\/15-jaehriges-vereinsjubilaeum\/\">15-J\u00e4hriges Vereinsjubil\u00e4um<\/a><\/p><\/blockquote>\n<p><iframe loading=\"lazy\" class=\"wp-embedded-content\" sandbox=\"allow-scripts\" security=\"restricted\" style=\"position: absolute; visibility: hidden;\" title=\"&#8222;15-J\u00e4hriges Vereinsjubil\u00e4um&#8220; &#8212; \" src=\"https:\/\/letter-fit.de\/letterfit\/index.php\/2020\/01\/11\/15-jaehriges-vereinsjubilaeum\/embed\/#?secret=45Hej2xsEk#?secret=KQkZXkFFh1\" data-secret=\"KQkZXkFFh1\" width=\"525\" height=\"296\" frameborder=\"0\" marginwidth=\"0\" marginheight=\"0\" scrolling=\"no\"><\/iframe><\/p>\n","protected":false},"excerpt":{"rendered":"<p>Corona Adventskalender-Song &#8222;Singe Bells&#8220; Lebendiger Adventskalender &#8211; voller Erfolg Lebendige Adventskalender Online mit guter Resonanz gestartet Lebendiger Adventskalender Online Noch Hoffnung f\u00fcr den Lebendigen Adventskalender Vorlesetag Stadtteilspaziergang 3000 Vorbesprechung Lebendiger Adventskalender B\u00fccherschrank zugewachsen M\u00fcllsackb\u00f6rse Vereinsausflug nach Celle Stadtteilspaziergang 4055 Stadtteilspaziergang 3788+ Stadtteilspaziergang 3000 Erfolgreicher Einsatz f\u00fcr den Stadtteil Informative Radtour bei sch\u00f6nem Wetter Informative Radtour &hellip; <\/p>\n<p class=\"link-more\"><a href=\"https:\/\/letter-fit.de\/letterfit\/index.php\/news-2020\/\" class=\"more-link\"><span class=\"screen-reader-text\">\u201eNews 2020\u201c <\/span>weiterlesen<\/a><\/p>\n","protected":false},"author":1,"featured_media":0,"parent":0,"menu_order":0,"comment_status":"closed","ping_status":"closed","template":"","meta":{"footnotes":""},"class_list":["post-2321","page","type-page","status-publish","hentry"],"post_mailing_queue_ids":[],"_links":{"self":[{"href":"https:\/\/letter-fit.de\/letterfit\/index.php\/wp-json\/wp\/v2\/pages\/2321","targetHints":{"allow":["GET"]}}],"collection":[{"href":"https:\/\/letter-fit.de\/letterfit\/index.php\/wp-json\/wp\/v2\/pages"}],"about":[{"href":"https:\/\/letter-fit.de\/letterfit\/index.php\/wp-json\/wp\/v2\/types\/page"}],"author":[{"embeddable":true,"href":"https:\/\/letter-fit.de\/letterfit\/index.php\/wp-json\/wp\/v2\/users\/1"}],"replies":[{"embeddable":true,"href":"https:\/\/letter-fit.de\/letterfit\/index.php\/wp-json\/wp\/v2\/comments?post=2321"}],"version-history":[{"count":29,"href":"https:\/\/letter-fit.de\/letterfit\/index.php\/wp-json\/wp\/v2\/pages\/2321\/revisions"}],"predecessor-version":[{"id":2595,"href":"https:\/\/letter-fit.de\/letterfit\/index.php\/wp-json\/wp\/v2\/pages\/2321\/revisions\/2595"}],"wp:attachment":[{"href":"https:\/\/letter-fit.de\/letterfit\/index.php\/wp-json\/wp\/v2\/media?parent=2321"}],"curies":[{"name":"wp","href":"https:\/\/api.w.org\/{rel}","templated":true}]}}