{"id":2,"date":"2017-03-02T07:04:53","date_gmt":"2017-03-02T07:04:53","guid":{"rendered":"http:\/\/grafmoehring.de\/letter-fit\/?page_id=2"},"modified":"2021-03-17T16:17:17","modified_gmt":"2021-03-17T15:17:17","slug":"sample-page","status":"publish","type":"page","link":"https:\/\/letter-fit.de\/letterfit\/index.php\/sample-page\/","title":{"rendered":"Galerie"},"content":{"rendered":"<p>Im Folgenden gibt es einen Eindruck der Vereinsarbeit in Bildern zu besonderen Projekten, Aktionen und regelm\u00e4\u00dfigen Angeboten.<\/p>\n<blockquote class=\"wp-embedded-content\" data-secret=\"LQWnjqszz9\"><p><a href=\"https:\/\/letter-fit.de\/letterfit\/index.php\/lebendiger-adventskalender\/\">Lebendiger Adventskalender<\/a><\/p><\/blockquote>\n<p><iframe loading=\"lazy\" class=\"wp-embedded-content\" sandbox=\"allow-scripts\" security=\"restricted\" style=\"position: absolute; visibility: hidden;\" title=\"&#8222;Lebendiger Adventskalender&#8220; &#8212; \" src=\"https:\/\/letter-fit.de\/letterfit\/index.php\/lebendiger-adventskalender\/embed\/#?secret=DEn2Qz61LT#?secret=LQWnjqszz9\" data-secret=\"LQWnjqszz9\" width=\"525\" height=\"296\" frameborder=\"0\" marginwidth=\"0\" marginheight=\"0\" scrolling=\"no\"><\/iframe><\/p>\n<blockquote class=\"wp-embedded-content\" data-secret=\"eUja5eqMRv\"><p><a href=\"https:\/\/letter-fit.de\/letterfit\/index.php\/palettengarten-2\/\">Palettengarten<\/a><\/p><\/blockquote>\n<p><iframe loading=\"lazy\" class=\"wp-embedded-content\" sandbox=\"allow-scripts\" security=\"restricted\" style=\"position: absolute; visibility: hidden;\" title=\"&#8222;Palettengarten&#8220; &#8212; \" src=\"https:\/\/letter-fit.de\/letterfit\/index.php\/palettengarten-2\/embed\/#?secret=iYsXAJQqcG#?secret=eUja5eqMRv\" data-secret=\"eUja5eqMRv\" width=\"525\" height=\"296\" frameborder=\"0\" marginwidth=\"0\" marginheight=\"0\" scrolling=\"no\"><\/iframe><\/p>\n<blockquote class=\"wp-embedded-content\" data-secret=\"jtY4isWTOk\"><p><a href=\"https:\/\/letter-fit.de\/letterfit\/index.php\/stadtfuehrung\/\">Stadtf\u00fchrung<\/a><\/p><\/blockquote>\n<p><iframe loading=\"lazy\" class=\"wp-embedded-content\" sandbox=\"allow-scripts\" security=\"restricted\" style=\"position: absolute; visibility: hidden;\" title=\"&#8222;Stadtf\u00fchrung&#8220; &#8212; \" src=\"https:\/\/letter-fit.de\/letterfit\/index.php\/stadtfuehrung\/embed\/#?secret=IpNXVGwkcl#?secret=jtY4isWTOk\" data-secret=\"jtY4isWTOk\" width=\"525\" height=\"296\" frameborder=\"0\" marginwidth=\"0\" marginheight=\"0\" scrolling=\"no\"><\/iframe><\/p>\n<blockquote class=\"wp-embedded-content\" data-secret=\"MjPpZxqHIT\"><p><a href=\"https:\/\/letter-fit.de\/letterfit\/index.php\/muellsammeln\/\">M\u00fcllsammeln<\/a><\/p><\/blockquote>\n<p><iframe loading=\"lazy\" class=\"wp-embedded-content\" sandbox=\"allow-scripts\" security=\"restricted\" style=\"position: absolute; visibility: hidden;\" title=\"&#8222;M\u00fcllsammeln&#8220; &#8212; \" src=\"https:\/\/letter-fit.de\/letterfit\/index.php\/muellsammeln\/embed\/#?secret=PK92cY8tCT#?secret=MjPpZxqHIT\" data-secret=\"MjPpZxqHIT\" width=\"525\" height=\"296\" frameborder=\"0\" marginwidth=\"0\" marginheight=\"0\" scrolling=\"no\"><\/iframe><\/p>\n<blockquote class=\"wp-embedded-content\" data-secret=\"oZ6m9TaNeR\"><p><a href=\"https:\/\/letter-fit.de\/letterfit\/index.php\/vertrauensbuecherei\/\">Vertrauensb\u00fccherei<\/a><\/p><\/blockquote>\n<p><iframe loading=\"lazy\" class=\"wp-embedded-content\" sandbox=\"allow-scripts\" security=\"restricted\" style=\"position: absolute; visibility: hidden;\" title=\"&#8222;Vertrauensb\u00fccherei&#8220; &#8212; \" src=\"https:\/\/letter-fit.de\/letterfit\/index.php\/vertrauensbuecherei\/embed\/#?secret=KCfqTtGnKR#?secret=oZ6m9TaNeR\" data-secret=\"oZ6m9TaNeR\" width=\"525\" height=\"296\" frameborder=\"0\" marginwidth=\"0\" marginheight=\"0\" scrolling=\"no\"><\/iframe><\/p>\n<blockquote class=\"wp-embedded-content\" data-secret=\"luQ5ubvxGA\"><p><a href=\"https:\/\/letter-fit.de\/letterfit\/index.php\/buecherschrank\/\">B\u00fccherschrank<\/a><\/p><\/blockquote>\n<p><iframe loading=\"lazy\" class=\"wp-embedded-content\" sandbox=\"allow-scripts\" security=\"restricted\" style=\"position: absolute; visibility: hidden;\" title=\"&#8222;B\u00fccherschrank&#8220; &#8212; \" src=\"https:\/\/letter-fit.de\/letterfit\/index.php\/buecherschrank\/embed\/#?secret=8IT6rzChMD#?secret=luQ5ubvxGA\" data-secret=\"luQ5ubvxGA\" width=\"525\" height=\"296\" frameborder=\"0\" marginwidth=\"0\" marginheight=\"0\" scrolling=\"no\"><\/iframe><\/p>\n<blockquote class=\"wp-embedded-content\" data-secret=\"w6sa7ym9Wy\"><p><a href=\"https:\/\/letter-fit.de\/letterfit\/index.php\/ausfluege\/\">Ausfl\u00fcge<\/a><\/p><\/blockquote>\n<p><iframe loading=\"lazy\" class=\"wp-embedded-content\" sandbox=\"allow-scripts\" security=\"restricted\" style=\"position: absolute; visibility: hidden;\" title=\"&#8222;Ausfl\u00fcge&#8220; &#8212; \" src=\"https:\/\/letter-fit.de\/letterfit\/index.php\/ausfluege\/embed\/#?secret=M6AQHq1YdH#?secret=w6sa7ym9Wy\" data-secret=\"w6sa7ym9Wy\" width=\"525\" height=\"296\" frameborder=\"0\" marginwidth=\"0\" marginheight=\"0\" scrolling=\"no\"><\/iframe><\/p>\n<blockquote class=\"wp-embedded-content\" data-secret=\"PJttk8oP5r\"><p><a href=\"https:\/\/letter-fit.de\/letterfit\/index.php\/kastanienfest\/\">Kastanienfest<\/a><\/p><\/blockquote>\n<p><iframe loading=\"lazy\" class=\"wp-embedded-content\" sandbox=\"allow-scripts\" security=\"restricted\" style=\"position: absolute; visibility: hidden;\" title=\"&#8222;Kastanienfest&#8220; &#8212; \" src=\"https:\/\/letter-fit.de\/letterfit\/index.php\/kastanienfest\/embed\/#?secret=yrmArqDFuz#?secret=PJttk8oP5r\" data-secret=\"PJttk8oP5r\" width=\"525\" height=\"296\" frameborder=\"0\" marginwidth=\"0\" marginheight=\"0\" scrolling=\"no\"><\/iframe><\/p>\n<blockquote class=\"wp-embedded-content\" data-secret=\"5uhpdxUwco\"><p><a href=\"https:\/\/letter-fit.de\/letterfit\/index.php\/maibaum\/\">Maibaum<\/a><\/p><\/blockquote>\n<p><iframe loading=\"lazy\" class=\"wp-embedded-content\" sandbox=\"allow-scripts\" security=\"restricted\" style=\"position: absolute; visibility: hidden;\" title=\"&#8222;Maibaum&#8220; &#8212; \" src=\"https:\/\/letter-fit.de\/letterfit\/index.php\/maibaum\/embed\/#?secret=4CEcbjVpKf#?secret=5uhpdxUwco\" data-secret=\"5uhpdxUwco\" width=\"525\" height=\"296\" frameborder=\"0\" marginwidth=\"0\" marginheight=\"0\" scrolling=\"no\"><\/iframe><\/p>\n<blockquote class=\"wp-embedded-content\" data-secret=\"0aYPgKgGYO\"><p><a href=\"https:\/\/letter-fit.de\/letterfit\/index.php\/weitere-feste\/\">Weitere Feste<\/a><\/p><\/blockquote>\n<p><iframe loading=\"lazy\" class=\"wp-embedded-content\" sandbox=\"allow-scripts\" security=\"restricted\" style=\"position: absolute; visibility: hidden;\" title=\"&#8222;Weitere Feste&#8220; &#8212; \" src=\"https:\/\/letter-fit.de\/letterfit\/index.php\/weitere-feste\/embed\/#?secret=FgImUJvIHl#?secret=0aYPgKgGYO\" data-secret=\"0aYPgKgGYO\" width=\"525\" height=\"296\" frameborder=\"0\" marginwidth=\"0\" marginheight=\"0\" scrolling=\"no\"><\/iframe><\/p>\n<blockquote class=\"wp-embedded-content\" data-secret=\"mORNzFsNmX\"><p><a href=\"https:\/\/letter-fit.de\/letterfit\/index.php\/vorlesezelt\/\">Vorlesezelt<\/a><\/p><\/blockquote>\n<p><iframe loading=\"lazy\" class=\"wp-embedded-content\" sandbox=\"allow-scripts\" security=\"restricted\" style=\"position: absolute; visibility: hidden;\" title=\"&#8222;Vorlesezelt&#8220; &#8212; \" src=\"https:\/\/letter-fit.de\/letterfit\/index.php\/vorlesezelt\/embed\/#?secret=qeH7C2vjlQ#?secret=mORNzFsNmX\" data-secret=\"mORNzFsNmX\" width=\"525\" height=\"296\" frameborder=\"0\" marginwidth=\"0\" marginheight=\"0\" scrolling=\"no\"><\/iframe><\/p>\n<blockquote class=\"wp-embedded-content\" data-secret=\"1ivcC3HS1r\"><p><a href=\"https:\/\/letter-fit.de\/letterfit\/index.php\/baustellenfest\/\">Baustellenfest<\/a><\/p><\/blockquote>\n<p><iframe loading=\"lazy\" class=\"wp-embedded-content\" sandbox=\"allow-scripts\" security=\"restricted\" style=\"position: absolute; visibility: hidden;\" title=\"&#8222;Baustellenfest&#8220; &#8212; \" src=\"https:\/\/letter-fit.de\/letterfit\/index.php\/baustellenfest\/embed\/#?secret=Am5lksSu03#?secret=1ivcC3HS1r\" data-secret=\"1ivcC3HS1r\" width=\"525\" height=\"296\" frameborder=\"0\" marginwidth=\"0\" marginheight=\"0\" scrolling=\"no\"><\/iframe><\/p>\n<blockquote class=\"wp-embedded-content\" data-secret=\"deB0s8kQGZ\"><p><a href=\"https:\/\/letter-fit.de\/letterfit\/index.php\/spielplatzfest\/\">Spielplatzfest<\/a><\/p><\/blockquote>\n<p><iframe loading=\"lazy\" class=\"wp-embedded-content\" sandbox=\"allow-scripts\" security=\"restricted\" style=\"position: absolute; visibility: hidden;\" title=\"&#8222;Spielplatzfest&#8220; &#8212; \" src=\"https:\/\/letter-fit.de\/letterfit\/index.php\/spielplatzfest\/embed\/#?secret=xz0UpBevzb#?secret=deB0s8kQGZ\" data-secret=\"deB0s8kQGZ\" width=\"525\" height=\"296\" frameborder=\"0\" marginwidth=\"0\" marginheight=\"0\" scrolling=\"no\"><\/iframe><\/p>\n<blockquote class=\"wp-embedded-content\" data-secret=\"M7jSTA0zd9\"><p><a href=\"https:\/\/letter-fit.de\/letterfit\/index.php\/letter-treff\/\">Letter-Treff<\/a><\/p><\/blockquote>\n<p><iframe loading=\"lazy\" class=\"wp-embedded-content\" sandbox=\"allow-scripts\" security=\"restricted\" style=\"position: absolute; visibility: hidden;\" title=\"&#8222;Letter-Treff&#8220; &#8212; \" src=\"https:\/\/letter-fit.de\/letterfit\/index.php\/letter-treff\/embed\/#?secret=RqwogKQmbE#?secret=M7jSTA0zd9\" data-secret=\"M7jSTA0zd9\" width=\"525\" height=\"296\" frameborder=\"0\" marginwidth=\"0\" marginheight=\"0\" scrolling=\"no\"><\/iframe><\/p>\n","protected":false},"excerpt":{"rendered":"<p>Im Folgenden gibt es einen Eindruck der Vereinsarbeit in Bildern zu besonderen Projekten, Aktionen und regelm\u00e4\u00dfigen Angeboten. Lebendiger Adventskalender Palettengarten Stadtf\u00fchrung M\u00fcllsammeln Vertrauensb\u00fccherei B\u00fccherschrank Ausfl\u00fcge Kastanienfest Maibaum Weitere Feste Vorlesezelt Baustellenfest Spielplatzfest Letter-Treff<\/p>\n","protected":false},"author":1,"featured_media":0,"parent":0,"menu_order":0,"comment_status":"closed","ping_status":"open","template":"","meta":{"footnotes":""},"class_list":["post-2","page","type-page","status-publish","hentry"],"post_mailing_queue_ids":[],"_links":{"self":[{"href":"https:\/\/letter-fit.de\/letterfit\/index.php\/wp-json\/wp\/v2\/pages\/2","targetHints":{"allow":["GET"]}}],"collection":[{"href":"https:\/\/letter-fit.de\/letterfit\/index.php\/wp-json\/wp\/v2\/pages"}],"about":[{"href":"https:\/\/letter-fit.de\/letterfit\/index.php\/wp-json\/wp\/v2\/types\/page"}],"author":[{"embeddable":true,"href":"https:\/\/letter-fit.de\/letterfit\/index.php\/wp-json\/wp\/v2\/users\/1"}],"replies":[{"embeddable":true,"href":"https:\/\/letter-fit.de\/letterfit\/index.php\/wp-json\/wp\/v2\/comments?post=2"}],"version-history":[{"count":6,"href":"https:\/\/letter-fit.de\/letterfit\/index.php\/wp-json\/wp\/v2\/pages\/2\/revisions"}],"predecessor-version":[{"id":2652,"href":"https:\/\/letter-fit.de\/letterfit\/index.php\/wp-json\/wp\/v2\/pages\/2\/revisions\/2652"}],"wp:attachment":[{"href":"https:\/\/letter-fit.de\/letterfit\/index.php\/wp-json\/wp\/v2\/media?parent=2"}],"curies":[{"name":"wp","href":"https:\/\/api.w.org\/{rel}","templated":true}]}}