{"id":1980,"date":"2018-05-24T10:31:06","date_gmt":"2018-05-24T08:31:06","guid":{"rendered":"http:\/\/letter-fit.de\/letterfit\/?page_id=1980"},"modified":"2021-03-16T13:38:42","modified_gmt":"2021-03-16T12:38:42","slug":"datenschutzerklaerung","status":"publish","type":"page","link":"https:\/\/letter-fit.de\/letterfit\/index.php\/datenschutzerklaerung\/","title":{"rendered":"Datenschutzerkl\u00e4rung"},"content":{"rendered":"<h2>Wer wir sind<\/h2>\n<p>Die Adresse unserer Website ist: http:\/\/letter-fit.de.<\/p>\n<h2>Welche personenbezogenen Daten wir sammeln und warum wir sie sammeln<\/h2>\n<h3>Wir speichern Namen und email der Nutzer, die sich f\u00fcr den Newsletter angemeldet haben. Die Daten werden nur f\u00fcr diesen Zweck gespeichert und gel\u00f6scht, sobald man sich vom Newsletter abmeldet.<\/h3>\n","protected":false},"excerpt":{"rendered":"<p>Wer wir sind Die Adresse unserer Website ist: http:\/\/letter-fit.de. Welche personenbezogenen Daten wir sammeln und warum wir sie sammeln Wir speichern Namen und email der Nutzer, die sich f\u00fcr den Newsletter angemeldet haben. Die Daten werden nur f\u00fcr diesen Zweck gespeichert und gel\u00f6scht, sobald man sich vom Newsletter abmeldet.<\/p>\n","protected":false},"author":1,"featured_media":0,"parent":0,"menu_order":0,"comment_status":"closed","ping_status":"closed","template":"","meta":{"footnotes":""},"class_list":["post-1980","page","type-page","status-publish","hentry"],"post_mailing_queue_ids":[],"_links":{"self":[{"href":"https:\/\/letter-fit.de\/letterfit\/index.php\/wp-json\/wp\/v2\/pages\/1980","targetHints":{"allow":["GET"]}}],"collection":[{"href":"https:\/\/letter-fit.de\/letterfit\/index.php\/wp-json\/wp\/v2\/pages"}],"about":[{"href":"https:\/\/letter-fit.de\/letterfit\/index.php\/wp-json\/wp\/v2\/types\/page"}],"author":[{"embeddable":true,"href":"https:\/\/letter-fit.de\/letterfit\/index.php\/wp-json\/wp\/v2\/users\/1"}],"replies":[{"embeddable":true,"href":"https:\/\/letter-fit.de\/letterfit\/index.php\/wp-json\/wp\/v2\/comments?post=1980"}],"version-history":[{"count":2,"href":"https:\/\/letter-fit.de\/letterfit\/index.php\/wp-json\/wp\/v2\/pages\/1980\/revisions"}],"predecessor-version":[{"id":1983,"href":"https:\/\/letter-fit.de\/letterfit\/index.php\/wp-json\/wp\/v2\/pages\/1980\/revisions\/1983"}],"wp:attachment":[{"href":"https:\/\/letter-fit.de\/letterfit\/index.php\/wp-json\/wp\/v2\/media?parent=1980"}],"curies":[{"name":"wp","href":"https:\/\/api.w.org\/{rel}","templated":true}]}}