{"id":1169,"date":"2017-09-17T23:27:28","date_gmt":"2017-09-17T21:27:28","guid":{"rendered":"http:\/\/grafmoehring.de\/letter-fit\/?page_id=1169"},"modified":"2021-03-16T13:34:19","modified_gmt":"2021-03-16T12:34:19","slug":"2012-3","status":"publish","type":"page","link":"https:\/\/letter-fit.de\/letterfit\/index.php\/2012-3\/","title":{"rendered":"2012"},"content":{"rendered":"<div class=\"csc-textpic csc-textpic-intext-right-nowrap\">\n<div>\n<div class=\"csc-textpic-text\">\n<div class=\"csc-textpicHeader csc-textpicHeader-25\">\n<h1>Erste Kulturbegleiter gehen am 23.11.12 ins Theater<\/h1>\n<\/div>\n<p class=\"bodytext\">Auf dem Programm steht das St\u00fcck &#8222;Monster&#8220; (<a href=\"http:\/\/www.staatstheater-hannover.de\/schauspiel\/in..\" target=\"_blank\" rel=\"noopener\">www.staatstheater-hannover.de\/schauspiel\/in..<\/a>.), das um 19:30 Uhr im Ballhof gespielt wird. Um 18:50 Uhr geht es mit der S-Bahn nach Hannover.<\/p>\n<p>Wer auch noch mitgehen m\u00f6chte, kann sich beim Verein Letter-fit: Miteinander-F\u00fcreinander e.V. melden, am Besten per email unter letter-fit@web.de oder pers\u00f6nlich am Montag von 16 bis 18 Uhr in der Vertrauensb\u00fccherei beim Pizza-Bringdienst Kastanie in der Stra\u00dfe Im Sande.<\/p>\n<\/div>\n<\/div>\n<\/div>\n<div class=\"csc-textpic-clear\"><\/div>\n<div class=\"csc-header csc-header-n158\">\n<h1>neues Projekt: Kulturbegleitung<\/h1>\n<\/div>\n<div class=\"csc-textpic csc-textpic-intext-right\">\n<div class=\"csc-textpic-imagewrap\">\n<dl class=\"csc-textpic-image csc-textpic-firstcol csc-textpic-lastcol\">\n<dt><img loading=\"lazy\" decoding=\"async\" class=\"alignleft\" src=\"http:\/\/www.letter-fit.de\/typo3temp\/pics\/a56d6c733a.jpg\" alt=\"\" width=\"100\" height=\"55\" border=\"0\"><\/dt>\n<dd class=\"csc-textpic-caption\"><\/dd>\n<\/dl>\n<\/div>\n<div class=\"csc-textpic-text\">\n<p class=\"bodytext\">Der Verein nutzte das Kastanienfest um sein neues Projekt &#8222;Kulturbegleiter&#8220; vorzustellen. Hierbei geht es darum, Menschen zueinander zu f\u00fchren, die nicht gerne alleine ausgehen m\u00f6chten und so wom\u00f6glich mangels Partner zuhause bleiben. Um Isolation vorzubeugen und das Miteinander im Stadtteil zu f\u00f6rdern, vermittelt der Verein Menschen mit \u00e4hnlichen Interessen f\u00fcr gemeinsame Aktionen. Dabei hilft ein Fragebogen, der <a href=\"http:\/\/www.letter-fit.de\/fileadmin\/user_upload\/PDF\/Kulturbegleiter-Fragebogen.pdf\" target=\"page\" rel=\"noopener\">hier<\/a> runtergeladen werden kann.<\/p>\n<p class=\"bodytext\">\n<\/div>\n<\/div>\n<div class=\"csc-header csc-header-n159\">\n<h1>Kastanienfest<\/h1>\n<\/div>\n<div class=\"csc-textpic csc-textpic-intext-right\">\n<div class=\"csc-textpic-imagewrap\">\n<div class=\"csc-textpic-imagerow\">\n<dl class=\"csc-textpic-image csc-textpic-firstcol csc-textpic-lastcol\">\n<dt><img loading=\"lazy\" decoding=\"async\" class=\"alignleft\" src=\"http:\/\/www.letter-fit.de\/typo3temp\/pics\/4999a50e31.jpg\" alt=\"\" width=\"75\" height=\"100\" border=\"0\"><\/dt>\n<dd class=\"csc-textpic-caption\"><\/dd>\n<\/dl>\n<\/div>\n<div class=\"csc-textpic-imagerow\">\n<dl class=\"csc-textpic-image csc-textpic-firstcol csc-textpic-lastcol\">\n<dt><img loading=\"lazy\" decoding=\"async\" class=\"alignleft\" src=\"http:\/\/www.letter-fit.de\/typo3temp\/pics\/f296ef0716.jpg\" alt=\"\" width=\"75\" height=\"100\" border=\"0\"><\/dt>\n<dd class=\"csc-textpic-caption\"><\/dd>\n<\/dl>\n<\/div>\n<div class=\"csc-textpic-imagerow\">\n<dl class=\"csc-textpic-image csc-textpic-firstcol csc-textpic-lastcol\">\n<dt><img loading=\"lazy\" decoding=\"async\" class=\"alignleft\" src=\"http:\/\/www.letter-fit.de\/typo3temp\/pics\/eeab7e4125.jpg\" alt=\"\" width=\"75\" height=\"100\" border=\"0\"><\/dt>\n<dd class=\"csc-textpic-caption\"><\/dd>\n<\/dl>\n<\/div>\n<\/div>\n<div class=\"csc-textpic-text\">\n<p class=\"bodytext\">Das Kastanienfest fand bei gutem, vor allem trockenen Wetter statt. Auch der Verein &#8222;Letter-fit: Miteinander-F\u00fcreinander&#8220; e.V. war mit dabei. Das Gl\u00fccksrad lockte jung und alt, aber auch die Infotafeln wurden interessiert wahrgenommen.<\/p>\n<p class=\"bodytext\">\n<\/div>\n<\/div>\n<div class=\"csc-header csc-header-n160\">\n<h1>ELFEN-Treffen in Loccum<\/h1>\n<\/div>\n<div class=\"csc-textpic csc-textpic-intext-right\">\n<div class=\"csc-textpic-imagewrap\">\n<div class=\"csc-textpic-imagerow\">\n<dl class=\"csc-textpic-image csc-textpic-firstcol csc-textpic-lastcol\">\n<dt><img loading=\"lazy\" decoding=\"async\" class=\"alignleft\" src=\"http:\/\/www.letter-fit.de\/typo3temp\/pics\/6926b6e45b.jpg\" alt=\"\" width=\"100\" height=\"134\" border=\"0\"><\/dt>\n<dd class=\"csc-textpic-caption\"><\/dd>\n<\/dl>\n<\/div>\n<div class=\"csc-textpic-imagerow\">\n<dl class=\"csc-textpic-image csc-textpic-firstcol csc-textpic-lastcol\">\n<dt><img loading=\"lazy\" decoding=\"async\" class=\"alignleft\" src=\"http:\/\/www.letter-fit.de\/typo3temp\/pics\/464fd48a35.jpg\" alt=\"\" width=\"100\" height=\"75\" border=\"0\"><\/dt>\n<dd class=\"csc-textpic-caption\"><\/dd>\n<\/dl>\n<\/div>\n<div class=\"csc-textpic-imagerow\">\n<dl class=\"csc-textpic-image csc-textpic-firstcol csc-textpic-lastcol\">\n<dt><img loading=\"lazy\" decoding=\"async\" class=\"alignleft\" src=\"http:\/\/www.letter-fit.de\/typo3temp\/pics\/f61df4bb31.jpg\" alt=\"\" width=\"100\" height=\"67\" border=\"0\"><\/dt>\n<dd class=\"csc-textpic-caption\"><\/dd>\n<\/dl>\n<\/div>\n<\/div>\n<div class=\"csc-textpic-text\">\n<p>&nbsp;<\/p>\n<p>&nbsp;<\/p>\n<p class=\"bodytext\">6 Jahre ELFEN (Engagementslotsen f\u00fcr ehrenamtliche Niedersachsen) in Niedersachsen &#8211; und wieder ist ein Jahr vorbei.<\/p>\n<p>Das j\u00e4hrliche ELFEN-Treffen war wie immer gut besucht, das Essen war phantastisch und das gute sommerliche Wetter f\u00f6rderte den Austausch untereinander, wenn es \u00fcberhaupt einer F\u00f6derung bedarf. Wenn so viele Menschen zusammenkommen, die sich ehrenamtlich engagieren, haben sie sich immer viel zu erz\u00e4hlen, Tips zu erfragen oder zu geben und sich gegenseitig zu ermutigen.<\/p>\n<p>Das Gru\u00dfwort sprach Thomas Hermann vom Nieders\u00e4chsischen Ministerium f\u00fcr Soziales etc. In strukturierten Arbeitseinheiten stand diesmal das Thema Netzwerk im Vordergrund. Praktische Beispiele aus Hannover-Sahlkamp und vom Kloster Loccum \u00fcber das Netzwerk der Zisterzienser wurden vorgestellt, das zweite direkt vor Ort. Dr. Ilona Stehr berichtete, wie die ELFEN entstanden sind. Das j\u00e4hrliche ELFEN-Treffen ist ein wichtiger Bestandteil des ELFEN-Netzwerkes. Inzwischen sind \u00fcber 300 ELFEN in Niedersachsen unterwegs.<\/p>\n<p>Auch im Verein &#8222;Letter-fit: Miteinander-F\u00fcreinander&#8220; e.V. ist eine ELFEN akiv und nahm auch an dem ELFEN-Treffen teil.<br \/>\nWer sich f\u00fcr die ELFEN-Ausbildung interessiert kann sich an den Verein wenden oder direkt bei der Freiwilligenakademie Niedersachsen.<\/p>\n<p class=\"bodytext\">\n<\/div>\n<\/div>\n<div class=\"csc-header csc-header-n161\">\n<h1>Unterst\u00fctzung f\u00fcr Kastanienfest gesucht<\/h1>\n<\/div>\n<div class=\"csc-textpic-text\">\n<p class=\"bodytext\">Der Verein Letter-fit: Miteinander-F\u00fcreinander e.V. ist beim Kastanienfest am 15.9.2012 mit einem Stand mit Kinderspielen vertreten.<\/p>\n<p>Hiebei kann der Verein noch Unterst\u00fctzung gebrauchen, sowohl beim Auf- und Abbau (12 Uhr bzw. 18 Uhr) wie auch bei der Betreuung der Spiele in der Zeit von 15 bis 18 Uhr.<\/p>\n<p>Wer Zeit und Lust hat, den Verein zu unterst\u00fctzen kann sich unter Tel. 0151\/17752938 oder letter-fit@web.de melden.<\/p>\n<p class=\"bodytext\">\n<\/div>\n<div class=\"csc-header csc-header-n162\">\n<h1>Sch\u00fctzenfest Letter<\/h1>\n<\/div>\n<div class=\"csc-textpic csc-textpic-intext-right\">\n<div class=\"csc-textpic-imagewrap\">\n<dl class=\"csc-textpic-image csc-textpic-firstcol csc-textpic-lastcol\">\n<dt><img loading=\"lazy\" decoding=\"async\" class=\"alignleft\" src=\"http:\/\/www.letter-fit.de\/typo3temp\/pics\/83d7bc9806.jpg\" alt=\"\" width=\"100\" height=\"75\" border=\"0\"><\/dt>\n<dd class=\"csc-textpic-caption\"><\/dd>\n<\/dl>\n<\/div>\n<div class=\"csc-textpic-text\">\n<p class=\"bodytext\">Auch der Verein Letter-fit: Miteinander-F\u00fcreinander e.V. nahm am Sch\u00fctzenfest teil. Der gesamte BGB-Vorstand geno\u00df das k\u00f6stliche Abendessen.<\/p>\n<p>Ein gro\u00dfer Dank geht an die ehrenamtlichen Organisatoren des Sch\u00fctzenfestes. Bei der perfekten Organisation des mehrt\u00e4gigen Events ger\u00e4t leicht aus dem Blick, da\u00df dahinter eine monatelange ehrenamtliche Arbeit steckt, die i.d.R. noch neben Beruf und Familie und anderweitigem Engagement geleistet wird.<\/p>\n<p class=\"bodytext\">\n<\/div>\n<\/div>\n<div class=\"csc-header csc-header-n163\">\n<h1>Vereinsausflug zur Deister-Freilichtb\u00fchne<\/h1>\n<\/div>\n<div class=\"csc-textpic-text\">\n<p class=\"bodytext\">Der diesj\u00e4hrige Ausflug des Vereins Letter-fit: Miteinander-F\u00fcreinander e.V. f\u00fchrte 13 Menschen zur Deister-Freilichtb\u00fchne. Das St\u00fcck &#8222;Taxi!Taxi!&#8220; (<a href=\"http:\/\/www.deister-freilicht-buehne.de\/index.php?o..\" target=\"_blank\" rel=\"noopener\">www.deister-freilicht-buehne.de\/index.php<\/a>.) war sehr gut gespielt und strapazierte die Lachmuskeln.<br \/>\nRundum nur zufriedene Gesichter.Eine Wiederholung im n\u00e4chsten Jahr wurde gew\u00fcnscht.<br \/>\nDer Abend klang f\u00fcr die H\u00e4lfte der Theaterbesucher mit einem gem\u00fctlichen Essen aus.<\/p>\n<p class=\"bodytext\">\n<\/div>\n<div class=\"csc-header csc-header-n164\">\n<h1>Taxi!Taxi! &#8211; Deister-Freilichtb\u00fchne<\/h1>\n<\/div>\n<p class=\"bodytext\">Der Verein Letter-fit: Miteinander-F\u00fcreinander e.V. f\u00e4hrt am Sonntag, dem 5.8.2012 zur Deister-Freilichtb\u00fchne in Barsinghausen. Auf dem Spielplan steht um 16 Uhr das St\u00fcck &#8222;Taxi, Taxi&#8220; (<a href=\"http:\/\/www.deister-freilicht-buehne.de\/index.php?o..\" target=\"_blank\" rel=\"noopener\">www.deister-freilicht-buehne.de\/index.php<\/a>.).<\/p>\n<p>Wer mitfahren m\u00f6chte kann sich anmelden bei Sandra Christians unter Tel. 0511\/406068, per email unter letter-fit@web.de oder pers\u00f6nlich montags von 16 bis 18 Uhr in der Vertrauensb\u00fccherei.<\/p>\n<p>Die Karten kosten 12 \u20ac f\u00fcr Erwachsene und 8 \u20ac erm\u00e4\u00dfigt im 1. Rang (10\u20ac\/6 \u20ac im 2. Rang) und sind bei Sandra Christians im Voraus zu bezahlen, montags von 16 bis 18 Uhr in der Vertrauensb\u00fccherei oder am 2.7.12 beim Stammtisch.<\/p>\n<p>Anmeldung bis 2.7.12. Nach Anmeldeschlu\u00df werden Fahrgemeinschaften zusammengestellt.<\/p>\n<div class=\"csc-header csc-header-n165\">\n<h1>Einweihungsfeier Vertrauensb\u00fccherei<\/h1>\n<\/div>\n<div class=\"csc-textpic csc-textpic-intext-right\">\n<div class=\"csc-textpic-imagewrap\">\n<div class=\"csc-textpic-imagerow\">\n<dl class=\"csc-textpic-image csc-textpic-firstcol csc-textpic-lastcol\">\n<dt><img loading=\"lazy\" decoding=\"async\" class=\"alignleft\" src=\"http:\/\/www.letter-fit.de\/typo3temp\/pics\/3d09b9d165.jpg\" alt=\"\" width=\"80\" height=\"107\" border=\"0\"><\/dt>\n<dd class=\"csc-textpic-caption\"><\/dd>\n<\/dl>\n<\/div>\n<div class=\"csc-textpic-imagerow\">\n<dl class=\"csc-textpic-image csc-textpic-firstcol csc-textpic-lastcol\">\n<dt><img loading=\"lazy\" decoding=\"async\" class=\"alignleft\" src=\"http:\/\/www.letter-fit.de\/typo3temp\/pics\/2ce8dcb349.jpg\" alt=\"\" width=\"80\" height=\"60\" border=\"0\"><\/dt>\n<dd class=\"csc-textpic-caption\"><\/dd>\n<\/dl>\n<\/div>\n<div class=\"csc-textpic-imagerow\">\n<dl class=\"csc-textpic-image csc-textpic-firstcol csc-textpic-lastcol\">\n<dt><img loading=\"lazy\" decoding=\"async\" class=\"alignleft\" src=\"http:\/\/www.letter-fit.de\/typo3temp\/pics\/b753348221.jpg\" alt=\"\" width=\"80\" height=\"60\" border=\"0\"><\/dt>\n<dd class=\"csc-textpic-caption\"><\/dd>\n<\/dl>\n<\/div>\n<\/div>\n<div class=\"csc-textpic-text\">\n<p class=\"bodytext\">Am 1.6.2012, dem internationalen Kindertag, hat der Verein die Vertrauensb\u00fccherei im Pizzabringdienst Kastanie Im Sande 28, direkt neben dem Alten Friedhof, er\u00f6ffnet.<\/p>\n<p>Ungef\u00e4hr 500 B\u00fccher warten dort auf Leser, dazu kommen noch 3 Kisten mit Kinder- und Jugendb\u00fcchern.<br \/>\nDie B\u00fccher k\u00f6nnen kostenlos entliehen werden und zwar jeweils montags von 16 bis 18 Uhr. Es gibt keine Leihscheine, es wird darauf vertraut, da\u00df die B\u00fccher zur\u00fcckgebracht werden.<\/p>\n<p>Zur Einweihung kamen neben dem stellv. Ortsb\u00fcrgermeister kamen auch etliche Erwachsene, die teilweise auch konkrete Buchw\u00fcnsche hatten. Kinder hingegen waren selten, so da\u00df die Erwachsenen sich selbst im Spielen \u00fcbten.<\/p>\n<p class=\"bodytext\">\n<\/div>\n<\/div>\n<div class=\"csc-header csc-header-n166\">\n<h1>Aufbau Vertrauensb\u00fccherei<\/h1>\n<\/div>\n<div class=\"csc-textpic csc-textpic-intext-right\">\n<div class=\"csc-textpic-imagewrap\">\n<div class=\"csc-textpic-imagerow\">\n<dl class=\"csc-textpic-image csc-textpic-firstcol csc-textpic-lastcol\">\n<dt><img loading=\"lazy\" decoding=\"async\" class=\"alignleft\" src=\"http:\/\/www.letter-fit.de\/typo3temp\/pics\/d8bdb0a7b8.jpg\" alt=\"\" width=\"80\" height=\"107\" border=\"0\"><\/dt>\n<dd class=\"csc-textpic-caption\"><\/dd>\n<\/dl>\n<\/div>\n<div class=\"csc-textpic-imagerow\">\n<dl class=\"csc-textpic-image csc-textpic-firstcol csc-textpic-lastcol\">\n<dt><img loading=\"lazy\" decoding=\"async\" class=\"alignleft\" src=\"http:\/\/www.letter-fit.de\/typo3temp\/pics\/f3effcba6d.jpg\" alt=\"\" width=\"80\" height=\"107\" border=\"0\"><\/dt>\n<dd class=\"csc-textpic-caption\"><\/dd>\n<\/dl>\n<\/div>\n<\/div>\n<div class=\"csc-textpic-text\">\n<p class=\"bodytext\">Der Verein Letter-fit: Miteinander-F\u00fcreinander e.V. hat einen Aufstellplatz gefunden, um die Vertrauensb\u00fccherei, die bereits von 2005 bis 2008 im Letter-Treff und 2009 bis 2010 in der Ebertstra\u00dfe 6 betrieben wurde, wieder aufzubauen. Der neue Inhaber des Pizzabringdienstes Im Sande, zwischen Alten Friedhof und Alten Rathaus, hat eine Aufstellung der B\u00fccherregale im begehbaren Schaufenster erlaubt. Am 1.6., dem internationalen Kindertag, wird die Vertrauensb\u00fccherei von 16 bis 18 Uhr eingeweiht. Es wird anl\u00e4\u00dflich des Kindertages auch einige Spielm\u00f6glichkeiten f\u00fcr die Kinder und Junggebliebene geben, mit und ohne Gewinnm\u00f6glichkeit. Die Vertrauensb\u00fccherei ist jeweils montags von 16 bis 18 Uhr ge\u00f6ffnet und wird ehrenamtlich betreut. Der Verein Letter-fit: Miteinander-F\u00fcreinander e.V. hofft aber weiterhin, da\u00df der Ortsrat in seiner Sitzung Anfang Juni doch noch eine L\u00f6sung f\u00fcr die Verkehrssicherungspflicht (Winterdienst) und die Plasterung der Aufstellfl\u00e4che f\u00fcr den Offenen B\u00fccherschrank findet. Der Hauptspender, Zahnarztpraxis Dr. Kayser, ist es trotz der Verz\u00f6gerung ein Anliegen, da\u00df der B\u00fccherschrank nach Letter kommt und h\u00e4lt seine Spende aufrecht.<\/p>\n<p class=\"bodytext\">\n<\/div>\n<\/div>\n<div class=\"csc-header csc-header-n167\">\n<h1>Doch noch Hoffnung f\u00fcr den B\u00fccherschrank?<\/h1>\n<\/div>\n<p class=\"bodytext\">Der Ortsrat hat in seiner April-Sitzung das Thema B\u00fccherschrank f\u00fcr Letter noch einmal auf die Tagesordnung gesetzt. Zumindest SPD und Gr\u00fcnen wollen den Schrank und haben B\u00fcrgermeister Schallhorn um Aufkl\u00e4rung gebeten. Gleichzeitig wird nach L\u00f6sungsm\u00f6glichkeiten gesucht.<\/p>\n<div class=\"csc-header csc-header-n168\">\n<h1>Maibaum aufstellen<\/h1>\n<\/div>\n<div class=\"csc-textpic csc-textpic-intext-right\">\n<div class=\"csc-textpic-imagewrap\">\n<div class=\"csc-textpic-imagerow\">\n<dl class=\"csc-textpic-image csc-textpic-firstcol csc-textpic-lastcol\">\n<dt><img loading=\"lazy\" decoding=\"async\" class=\"alignleft\" src=\"http:\/\/www.letter-fit.de\/typo3temp\/pics\/a0a2ff55cd.jpg\" alt=\"\" width=\"80\" height=\"60\" border=\"0\"><\/dt>\n<dd class=\"csc-textpic-caption\"><\/dd>\n<\/dl>\n<\/div>\n<div class=\"csc-textpic-imagerow\">\n<dl class=\"csc-textpic-image csc-textpic-firstcol csc-textpic-lastcol\">\n<dt><img loading=\"lazy\" decoding=\"async\" class=\"alignleft\" src=\"http:\/\/www.letter-fit.de\/typo3temp\/pics\/e1cef1d908.jpg\" alt=\"\" width=\"80\" height=\"107\" border=\"0\"><\/dt>\n<dd class=\"csc-textpic-caption\"><\/dd>\n<\/dl>\n<\/div>\n<\/div>\n<div class=\"csc-textpic-text\">\n<p class=\"bodytext\">Bei sch\u00f6nstem Wetter fand das Maibaumaufstellen in Letter statt. Die Feuerwehr sorgte f\u00fcr das leibliche Wohl, der Fanfarenzug Alt-Linden f\u00fcr die Musik und wir, der Verein Letter-fit: Miteinander-F\u00fcreinander e.V. sorgten f\u00fcr spielerischen Zeitvertreib und Information.<\/p>\n<p>Das Gl\u00fccksrad war bis zum Schlu\u00df oft umlagert, nicht nur von Kindern. Dagegen &#8211; was nichts kostet, ist uninteressant &#8211; das Ringwurfspiel, das den Kindern die Zeit vertreiben sollte, war nur wenig gefragt.<\/p>\n<p>An den Stellw\u00e4nden gab es neben Fotos der letzten Feste Informationen zum B\u00fccherschrank und der Initiative des Ortsrates hierzu sowie zum Alten Rathaus.<\/p>\n<\/div>\n<\/div>\n<div class=\"csc-header csc-header-n169\">\n<h1>Pl\u00e4ne f\u00fcr 2012 &#8211; neue Schatzmeisterin<\/h1>\n<\/div>\n<div class=\"csc-textpic csc-textpic-intext-right\">\n<div class=\"csc-textpic-imagewrap\">\n<dl class=\"csc-textpic-image csc-textpic-firstcol csc-textpic-lastcol\">\n<dt><img loading=\"lazy\" decoding=\"async\" class=\"alignleft\" src=\"http:\/\/www.letter-fit.de\/typo3temp\/pics\/3ca8283a8e.jpg\" alt=\"\" width=\"100\" height=\"120\" border=\"0\"><\/dt>\n<dd class=\"csc-textpic-caption\"><\/dd>\n<\/dl>\n<\/div>\n<div class=\"csc-textpic-text\">\n<p class=\"bodytext\">Am 2.4.2012 fand die diesj\u00e4hrige Jahreshauptversammlung des Vereins Letter-fit: Miteinander-F\u00fcreinander e.V. statt. Hierbei wurden auch neue Projektideen und Aktionen besprochen und der Terminplan f\u00fcr das laufende Jahr beschlossen.<\/p>\n<p>N\u00e4chster Termin wird die Teilnahme am Maibaumaufstellen am 28.4.12 ab 15 Uhr vor dem Alten Rathaus in Letter sein.<\/p>\n<p>Au\u00dferplanm\u00e4\u00dfig wurde Heike Herrmann zur neuen Schatzmeisterin des Vereins gew\u00e4hlt.<\/p>\n<p>Nach dem Scheitern des Offenen B\u00fccherschrankes in Letter sucht der Verein wieder verst\u00e4rkt nach einer kostenlosen Aufstellm\u00f6glichkeit im Zentrum von Letter f\u00fcr die Vertrauensb\u00fccherei, die zur Zeit eingelagert ist. Wer einen Platz anzubieten hat, meldet sich bitte unter letter-fit@web.de oder Tel. 0151\/17752938.<\/p>\n<p class=\"bodytext\">\n<\/div>\n<\/div>\n<div class=\"csc-header csc-header-n170\">\n<h1>gestorben &#8211; kein Offener B\u00fccherschrank f\u00fcr Letter<\/h1>\n<\/div>\n<p class=\"bodytext\">Am 21.3.2012 hatte der Verein noch einmal ein Gespr\u00e4ch mit B\u00fcrgermeister Schallhorn, in der Hoffnung, da\u00df es etwas zu verhandeln g\u00e4be. Herr Schallhorn kann und will die Verantwortung f\u00fcr den Winterdienst um den Schrank (1 qm) nicht \u00fcbernehmen. Er w\u00e4re den B\u00fcrgern verpflichtet und das w\u00e4re Steuerverschwendung, weil durch jeden Gest\u00fcrzten die Versicherungspr\u00e4mie steigen w\u00fcrde. Der Verein kann es auch nicht, denn die Verpflichtungen f\u00fcr Privatleute bzgl. Winterdienst sind deutlich strenger als an die Stadt und die kann der Verein nicht erf\u00fcllen.<\/p>\n<p class=\"bodytext\">Zur Erinnerung: am 22.9.2010 hatte B\u00fcrgermeister Schallhorn die Schirmherrschaft f\u00fcr den Schrank \u00fcbernommen.<\/p>\n<p class=\"bodytext\"><a href=\"http:\/\/www.letter-fit.de\/?id=3\" target=\"page\" rel=\"noopener\">Historie<\/a><\/p>\n","protected":false},"excerpt":{"rendered":"<p>Erste Kulturbegleiter gehen am 23.11.12 ins Theater Auf dem Programm steht das St\u00fcck &#8222;Monster&#8220; (www.staatstheater-hannover.de\/schauspiel\/in&#8230;), das um 19:30 Uhr im Ballhof gespielt wird. Um 18:50 Uhr geht es mit der S-Bahn nach Hannover. Wer auch noch mitgehen m\u00f6chte, kann sich beim Verein Letter-fit: Miteinander-F\u00fcreinander e.V. melden, am Besten per email unter letter-fit@web.de oder pers\u00f6nlich am &hellip; <\/p>\n<p class=\"link-more\"><a href=\"https:\/\/letter-fit.de\/letterfit\/index.php\/2012-3\/\" class=\"more-link\"><span class=\"screen-reader-text\">\u201e2012\u201c <\/span>weiterlesen<\/a><\/p>\n","protected":false},"author":1,"featured_media":0,"parent":0,"menu_order":0,"comment_status":"closed","ping_status":"closed","template":"","meta":{"footnotes":""},"class_list":["post-1169","page","type-page","status-publish","hentry"],"post_mailing_queue_ids":[],"_links":{"self":[{"href":"https:\/\/letter-fit.de\/letterfit\/index.php\/wp-json\/wp\/v2\/pages\/1169","targetHints":{"allow":["GET"]}}],"collection":[{"href":"https:\/\/letter-fit.de\/letterfit\/index.php\/wp-json\/wp\/v2\/pages"}],"about":[{"href":"https:\/\/letter-fit.de\/letterfit\/index.php\/wp-json\/wp\/v2\/types\/page"}],"author":[{"embeddable":true,"href":"https:\/\/letter-fit.de\/letterfit\/index.php\/wp-json\/wp\/v2\/users\/1"}],"replies":[{"embeddable":true,"href":"https:\/\/letter-fit.de\/letterfit\/index.php\/wp-json\/wp\/v2\/comments?post=1169"}],"version-history":[{"count":2,"href":"https:\/\/letter-fit.de\/letterfit\/index.php\/wp-json\/wp\/v2\/pages\/1169\/revisions"}],"predecessor-version":[{"id":2546,"href":"https:\/\/letter-fit.de\/letterfit\/index.php\/wp-json\/wp\/v2\/pages\/1169\/revisions\/2546"}],"wp:attachment":[{"href":"https:\/\/letter-fit.de\/letterfit\/index.php\/wp-json\/wp\/v2\/media?parent=1169"}],"curies":[{"name":"wp","href":"https:\/\/api.w.org\/{rel}","templated":true}]}}