{"id":1147,"date":"2017-09-17T22:20:36","date_gmt":"2017-09-17T20:20:36","guid":{"rendered":"http:\/\/grafmoehring.de\/letter-fit\/?page_id=1147"},"modified":"2017-10-13T20:06:39","modified_gmt":"2017-10-13T18:06:39","slug":"broschuere-2015","status":"publish","type":"page","link":"https:\/\/letter-fit.de\/letterfit\/index.php\/broschuere-2015\/","title":{"rendered":"Brosch\u00fcre 2015"},"content":{"rendered":"<div class=\"csc-header csc-header-n2\">\n<h1>Neuauflage &#8222;Was ist los in Letter?&#8220;<\/h1>\n<\/div>\n<p class=\"bodytext\">In Letter ist wesentlich mehr los, als Au\u00dfenstehende auf den ersten Blick hin sehen. Dies wollen wir mit dieser Brosch\u00fcre zeigen, sichtbar machen. Nach fast 10 Jahren ist eine Neueuflage der erfolgreichen Broshc\u00fcre notwendig.<\/p>\n<p class=\"bodytext\">Die Brosch\u00fcre soll es Neub\u00fcrgern erleichtern, in Letter heimisch zu werden und sich schnell zurecht zu finden.<\/p>\n<p class=\"bodytext\">Die Brosch\u00fcre bietet den Vereinen, Verb\u00e4nden, Organisationen, Beratungsstellen, Initiativen und Privatanbietern ein Forum, um sich darzustellen.<\/p>\n<p class=\"bodytext\">Alle die Organisationen und Privatpersonen, die Angebote f\u00fcr die Freizeit in Letter anbieten, k\u00f6nnen das Blanko-Formular ausf\u00fcllen und an den Verein \u201eLetter-fit: Miteinander-F\u00fcreinander\u201c zur\u00fcck senden, so dass sie in der n\u00e4chsten Auflage ber\u00fccksichtigt werden.<\/p>\n<p class=\"bodytext\">Unser Anliegen ist es, die Arbeit der Vereine, Verb\u00e4nde, Kirchen und Privatpersonen sichtbar zu machen, sie untereinander zu vernetzen und zu unterst\u00fctzen.<\/p>\n<p class=\"bodytext\">Auch Beratungsangebote nehmen wir gerne auf.<\/p>\n<p class=\"bodytext\">Formular zur Meldung des Angebotes zum <a class=\"download\" title=\"Startet den Datei-Download\" href=\"http:\/\/www.letter-fit.de\/fileadmin\/user_upload\/PDF\/Blanko.odt\" target=\"page\">download zum Ausf\u00fcllen<\/a> (Open Office). Als <a class=\"download\" title=\"Startet den Datei-Download\" href=\"http:\/\/www.letter-fit.de\/fileadmin\/user_upload\/PDF\/Blanko.pdf\" target=\"page\">pdf download<\/a>.<\/p>\n<p class=\"bodytext\">Anschreiben zum <a class=\"download\" title=\"Startet den Datei-Download\" href=\"http:\/\/www.letter-fit.de\/fileadmin\/user_upload\/PDF\/Anschreiben_Vereine.pdf\" target=\"page\">download.<\/a><\/p>\n<p class=\"bodytext\">Zur Deckung der Druckkosten sind noch <a class=\"internal-link\" title=\"\u00d6ffnet einen internen Link im aktuellen Fenster\" href=\"http:\/\/www.letter-fit.de\/index.php?id=1\" target=\"page\">Spenden<\/a> willkommen.<\/p>\n<p class=\"bodytext\">Die alte Brosch\u00fcre <a class=\"download\" title=\"Startet den Datei-Download\" href=\"http:\/\/www.letter-fit.de\/fileadmin\/user_upload\/PDF\/Was_ist_los_in_Letter.pdf\" target=\"page\">hier<\/a> als Muster.<\/p>\n<p class=\"bodytext\"><strong>Die neue Brosch\u00fcre<a class=\"download\" title=\"Startet den Datei-Download\" href=\"http:\/\/www.letter-fit.de\/fileadmin\/user_upload\/PDF\/Broschuere_Was_ist_los_in_Letter_2015.pdf\" target=\"page\"> hier<\/a>.<\/strong><\/p>\n<p class=\"bodytext\"><em>folgende \u00c4nderungen:<\/em><\/p>\n<p class=\"bodytext\">POC ist nicht mehr aktiv<\/p>\n<p class=\"bodytext\">richtige email Seniorenrat Seelze: <a href=\"http:\/\/www.letter-fit.de\/seniorenrat-stadt.seelze@t-online.de\" target=\"_parent\" data-cke-saved-href=\"seniorenrat-stadt.seelze@t-online.de\">seniorenrat-stadt.seelze@t-online.de<\/a><\/p>\n<p class=\"bodytext\">neuer Schiedsmann: Lars Schnehage, Klosterfeldstr. 12, Letter <a class=\"phone\" href=\"tel:05114818710\" target=\"_blank\" rel=\"noopener\">0511\/4818710<\/a><\/p>\n","protected":false},"excerpt":{"rendered":"<p>Neuauflage &#8222;Was ist los in Letter?&#8220; In Letter ist wesentlich mehr los, als Au\u00dfenstehende auf den ersten Blick hin sehen. Dies wollen wir mit dieser Brosch\u00fcre zeigen, sichtbar machen. Nach fast 10 Jahren ist eine Neueuflage der erfolgreichen Broshc\u00fcre notwendig. Die Brosch\u00fcre soll es Neub\u00fcrgern erleichtern, in Letter heimisch zu werden und sich schnell zurecht &hellip; <\/p>\n<p class=\"link-more\"><a href=\"https:\/\/letter-fit.de\/letterfit\/index.php\/broschuere-2015\/\" class=\"more-link\"><span class=\"screen-reader-text\">\u201eBrosch\u00fcre 2015\u201c <\/span>weiterlesen<\/a><\/p>\n","protected":false},"author":1,"featured_media":0,"parent":0,"menu_order":0,"comment_status":"closed","ping_status":"closed","template":"","meta":{"footnotes":""},"class_list":["post-1147","page","type-page","status-publish","hentry"],"post_mailing_queue_ids":[],"_links":{"self":[{"href":"https:\/\/letter-fit.de\/letterfit\/index.php\/wp-json\/wp\/v2\/pages\/1147","targetHints":{"allow":["GET"]}}],"collection":[{"href":"https:\/\/letter-fit.de\/letterfit\/index.php\/wp-json\/wp\/v2\/pages"}],"about":[{"href":"https:\/\/letter-fit.de\/letterfit\/index.php\/wp-json\/wp\/v2\/types\/page"}],"author":[{"embeddable":true,"href":"https:\/\/letter-fit.de\/letterfit\/index.php\/wp-json\/wp\/v2\/users\/1"}],"replies":[{"embeddable":true,"href":"https:\/\/letter-fit.de\/letterfit\/index.php\/wp-json\/wp\/v2\/comments?post=1147"}],"version-history":[{"count":1,"href":"https:\/\/letter-fit.de\/letterfit\/index.php\/wp-json\/wp\/v2\/pages\/1147\/revisions"}],"predecessor-version":[{"id":1148,"href":"https:\/\/letter-fit.de\/letterfit\/index.php\/wp-json\/wp\/v2\/pages\/1147\/revisions\/1148"}],"wp:attachment":[{"href":"https:\/\/letter-fit.de\/letterfit\/index.php\/wp-json\/wp\/v2\/media?parent=1147"}],"curies":[{"name":"wp","href":"https:\/\/api.w.org\/{rel}","templated":true}]}}