{"id":1141,"date":"2017-09-17T22:07:54","date_gmt":"2017-09-17T20:07:54","guid":{"rendered":"http:\/\/grafmoehring.de\/letter-fit\/?page_id=1141"},"modified":"2021-03-16T13:30:46","modified_gmt":"2021-03-16T12:30:46","slug":"altes-rathaus-2011","status":"publish","type":"page","link":"https:\/\/letter-fit.de\/letterfit\/index.php\/altes-rathaus-2011\/","title":{"rendered":"Altes Rathaus 2011"},"content":{"rendered":"<p class=\"bodytext\">Bei der konstituierenden Sitzung des Rates der Stadt Seelze am 3.11.11. \u00fcbergab der Vorstand des Vereins Letter-fit: Miteinander-F\u00fcreinander e.V. dem B\u00fcrgermeister der Stadt die gesammelten Unterschriften (<strong>678)<\/strong>. Damit wollen die B\u00fcrger ein deutliches Zeichen setzen, da\u00df das Alte Rathaus in Letter im Eigentum der Stadt Seelze bleiben soll und das Rathaus wie auch die Gr\u00fcnfl\u00e4chen vor und hinter dem Rathaus \u00f6ffentlich nutzbar bleiben.<\/p>\n<p>Beachtlich bei der Unterschriftensammlung: der Verein selbst hat nur beim Museumsfest und beim Kastanienfest selbst gesammelt. Der Gro\u00dfteil der Unterschriften wurden von Letteranern selbst in ihrem Umfeld gesammelt.<\/p>\n<p class=\"bodytext\">31 Unterschriften am 8.11.11 nachgereicht: Insgesamt 709<\/p>\n<p class=\"bodytext\">15 Unterschriften am 17.11.11 nachgereicht: <strong>Insgesamt 724 <\/strong><\/p>\n<p class=\"bodytext\"><a href=\"http:\/\/www.letter-fit.de\/fileadmin\/user_upload\/PDF\/Unterschriftenaktion_Altes_Rathaus.pdf\" target=\"page\" rel=\"noopener\">hier <\/a>Infos zur Unterschriften-Aktion, Hintergundinfos und Begr\u00fcndungen<\/p>\n<p class=\"bodytext\"><a href=\"http:\/\/www.letter-fit.de\/fileadmin\/user_upload\/PDF\/Antrag_fuer_Erhalt_des_Rathauses_in_Letter.pdf\" target=\"page\" rel=\"noopener\">hier<\/a> Unterschriftensammelblatt<\/p>\n<p class=\"bodytext\">&nbsp;<img loading=\"lazy\" decoding=\"async\" src=\"http:\/\/www.letter-fit.de\/typo3temp\/pics\/3bef71f681.jpg\" alt=\"\" width=\"200\" height=\"150\" border=\"0\"><\/p>\n","protected":false},"excerpt":{"rendered":"<p>Bei der konstituierenden Sitzung des Rates der Stadt Seelze am 3.11.11. \u00fcbergab der Vorstand des Vereins Letter-fit: Miteinander-F\u00fcreinander e.V. dem B\u00fcrgermeister der Stadt die gesammelten Unterschriften (678). Damit wollen die B\u00fcrger ein deutliches Zeichen setzen, da\u00df das Alte Rathaus in Letter im Eigentum der Stadt Seelze bleiben soll und das Rathaus wie auch die Gr\u00fcnfl\u00e4chen &hellip; <\/p>\n<p class=\"link-more\"><a href=\"https:\/\/letter-fit.de\/letterfit\/index.php\/altes-rathaus-2011\/\" class=\"more-link\"><span class=\"screen-reader-text\">\u201eAltes Rathaus 2011\u201c <\/span>weiterlesen<\/a><\/p>\n","protected":false},"author":1,"featured_media":0,"parent":0,"menu_order":0,"comment_status":"closed","ping_status":"closed","template":"","meta":{"footnotes":""},"class_list":["post-1141","page","type-page","status-publish","hentry"],"post_mailing_queue_ids":[],"_links":{"self":[{"href":"https:\/\/letter-fit.de\/letterfit\/index.php\/wp-json\/wp\/v2\/pages\/1141","targetHints":{"allow":["GET"]}}],"collection":[{"href":"https:\/\/letter-fit.de\/letterfit\/index.php\/wp-json\/wp\/v2\/pages"}],"about":[{"href":"https:\/\/letter-fit.de\/letterfit\/index.php\/wp-json\/wp\/v2\/types\/page"}],"author":[{"embeddable":true,"href":"https:\/\/letter-fit.de\/letterfit\/index.php\/wp-json\/wp\/v2\/users\/1"}],"replies":[{"embeddable":true,"href":"https:\/\/letter-fit.de\/letterfit\/index.php\/wp-json\/wp\/v2\/comments?post=1141"}],"version-history":[{"count":2,"href":"https:\/\/letter-fit.de\/letterfit\/index.php\/wp-json\/wp\/v2\/pages\/1141\/revisions"}],"predecessor-version":[{"id":2541,"href":"https:\/\/letter-fit.de\/letterfit\/index.php\/wp-json\/wp\/v2\/pages\/1141\/revisions\/2541"}],"wp:attachment":[{"href":"https:\/\/letter-fit.de\/letterfit\/index.php\/wp-json\/wp\/v2\/media?parent=1141"}],"curies":[{"name":"wp","href":"https:\/\/api.w.org\/{rel}","templated":true}]}}