{"id":1139,"date":"2017-09-17T22:05:39","date_gmt":"2017-09-17T20:05:39","guid":{"rendered":"http:\/\/grafmoehring.de\/letter-fit\/?page_id=1139"},"modified":"2017-09-17T22:05:39","modified_gmt":"2017-09-17T20:05:39","slug":"palettengarten-2016","status":"publish","type":"page","link":"https:\/\/letter-fit.de\/letterfit\/index.php\/palettengarten-2016\/","title":{"rendered":"Palettengarten 2016"},"content":{"rendered":"<div class=\"entry-content\">\n<div class=\"csc-header csc-header-n1\">\n<h1 class=\"csc-firstHeader\">E\u00dfbare Stadt \u2013 Palettengarten vor dem Alten Rathaus 2016<\/h1>\n<\/div>\n<div class=\"csc-textpic csc-textpic-intext-right\">\n<div class=\"csc-textpic-imagewrap\">\n<div class=\"csc-textpic-imagerow\"><img loading=\"lazy\" decoding=\"async\" class=\"alignleft\" src=\"http:\/\/www.letter-fit.de\/typo3temp\/pics\/25e38f0567.jpg\" alt=\"\" width=\"150\" height=\"113\" border=\"0\" \/><img loading=\"lazy\" decoding=\"async\" class=\"alignleft\" src=\"http:\/\/www.letter-fit.de\/typo3temp\/pics\/495cad4152.jpg\" alt=\"\" width=\"150\" height=\"113\" border=\"0\" \/><\/p>\n<dl class=\"csc-textpic-image csc-textpic-firstcol csc-textpic-lastcol\">\n<dt><\/dt>\n<\/dl>\n<p>Der Verein hatte die Idee, das Beet (ehemaliger Teich) vor dem Alten Rathaus farbenfroh zu gestalten mit e\u00dfbaren Blumen, Kr\u00e4utern und Gem\u00fcse.<\/p>\n<\/div>\n<\/div>\n<div class=\"csc-textpic-text\">\n<p class=\"bodytext\">Da die Fl\u00e4che verkauft und bebaut werden soll und das Beet vor Hunden gesch\u00fctzt sein soll, wurde am 10.2.16 die Idee eines Palettengartens gew\u00e4hlt.<\/p>\n<p class=\"bodytext\">Finanziert wurde das Projekt durch Spenden: die Lebenshilfe baute 10<\/p>\n<dl class=\"csc-textpic-image csc-textpic-firstcol csc-textpic-lastcol\">\n<dt><img loading=\"lazy\" decoding=\"async\" class=\"alignright\" src=\"http:\/\/www.letter-fit.de\/typo3temp\/pics\/75a90be83f.jpg\" alt=\"\" width=\"150\" height=\"84\" border=\"0\" \/><\/dt>\n<\/dl>\n<p class=\"bodytext\">Hochbeete aus Paletten, Kies, Rindemulch und Erde kam von den Firmen BBK Bau, Rosemeyer, Borris und Gehrke. Reichlich Pflanzen wurden von G\u00e4rtnerei Gens gespendet.<\/p>\n<dl class=\"csc-textpic-image csc-textpic-firstcol csc-textpic-lastcol\">\n<dt><img loading=\"lazy\" decoding=\"async\" class=\"alignleft\" src=\"http:\/\/www.letter-fit.de\/typo3temp\/pics\/4fd746ae6d.jpg\" alt=\"\" width=\"150\" height=\"113\" border=\"0\" \/><\/dt>\n<\/dl>\n<p class=\"bodytext\">Vor allem wurden aber flei\u00dfige Helfer ben\u00f6tigt zum Einf\u00fcllen der Erde und Verteilen des Rindenmulchs, sowie Catering f\u00fcr die Helfer. <strong>Termin: 30.4.16 ab 10 Uhr<br \/>\n<\/strong>30 Fl\u00fcchtlinge, darunter 13 Kinder packten kr\u00e4ftig mit an, so da\u00df die Vorbereitung der Beete (Efeu und Wurzelentfernung), Verteilung von 6 Kubikmeter Material und das Bepflanzen in 4 Stunden erledigt war. F\u00fcrs leibliche Wohl war auch gesorgt.<\/p>\n<p class=\"bodytext\">Paten f\u00fcr die Pflege und das Gie\u00dfen der 10 Pflanzkisten oder wer noch etwas pflanzen m\u00f6chte kann sich beim Verein melden.<\/p>\n<p class=\"bodytext\">Der Verein tr\u00e4umt davon, da\u00df jeder Letteraner immer eine Flasche Gie\u00dfwasser dabei hat, wenn er an den Palettengarten vorbei kommt.<\/p>\n<p class=\"bodytext\">Wer mitmachen m\u00f6chte, kann sich bei dem Verein melden, in der Vertrauensb\u00fccherei, unter <a href=\"mailto:letter-fit@web.de\">letter-fit@web.de<\/a> oder unter Tel. 0151\/17752938.<\/p>\n<p class=\"bodytext\"><a class=\"download\" title=\"Startet den Datei-Download\" href=\"http:\/\/www.letter-fit.de\/fileadmin\/user_upload\/PDF\/Projekt.pdf\" target=\"page\">Info<\/a><\/p>\n<p class=\"bodytext\">Ganz ohne Aufregung ging es nicht:<\/p>\n<p class=\"bodytext\"><em>Leider hat die Ortsratssitzung am 11.4.16, auf die der Verein fast 2 Monate gewartet hat und weswegen er den urspr\u00fcngliche Termin Ende M\u00e4rz verschoben hat, nicht das gew\u00fcnschte Ergebnis:<\/em><\/p>\n<p class=\"bodytext\"><a class=\"download\" title=\"Startet den Datei-Download\" href=\"http:\/\/www.letter-fit.de\/fileadmin\/user_upload\/PDF\/An_Ortsrat.pdf\" target=\"page\">Antrag an Ortsrat<\/a>, <a class=\"download\" title=\"Startet den Datei-Download\" href=\"http:\/\/www.letter-fit.de\/fileadmin\/user_upload\/PDF\/Ortsratssitzung.pdf\" target=\"page\">Tischvorlage Ortsratssitzung<\/a>, <a class=\"download\" title=\"Startet den Datei-Download\" href=\"http:\/\/www.letter-fit.de\/fileadmin\/user_upload\/PDF\/Vorgeschichte.pdf\" target=\"page\">Zeitlicher Ablauf Vorgeschichte<\/a><\/p>\n<p class=\"bodytext\">Wir waren so dicht davor \u2013 Spender waren gefunden, der Zeitplan stand. Alles in trockenen T\u00fcchern. Alles ohne Kosten f\u00fcr die Stadt Seelze \u2026.<\/p>\n<p><strong>Aufgrund eines formalen Fehlers (statt als eigener Tagesordnungspunkt mit Beschlu\u00dfvorlage hat sich der Antrag des Vereins unter dem Tagesordnungspunkt \u201eAntrag von Ortsratsmitteln\u201c versteckt) hat die CDU-Fraktion Letter die Gelegenheit genutzt, da\u00df Projekt zu stoppen.<\/strong><\/p>\n<p>Die CDU-Fraktion verweigerte die Zustimmung den Palettengarten als beschlu\u00dff\u00e4higen Tagesordnungspunkt aufzunehmen und stimmte bei der trotzdem durchgef\u00fchrten Abstimmung als einzige dagegen. Da sie dabei \u00fcberstimmt wurde, fordert sie nun eine rechtliche \u00dcberpr\u00fcfung der Zul\u00e4ssigkeit des Beschlusses.<\/p>\n<p>Obwohl mit der Verwaltung seit Januar \u00fcber das Projekt im Gespr\u00e4ch, fiel der Verwaltung erst in der Sitzung ein, da\u00df ein Vertrag notwendig sei. Nach bisherigen Erfahrungen des Vereins ist nicht damit zu rechnen, da\u00df dieser innerhalb einer Woche unterschriftsreif vorliegt.<\/p>\n<p>Damit schien das Projekt tot.<\/p>\n<p>Die n\u00e4chste Ortsratssitzung w\u00e4re am 6.6.16. Aufgrund der Vegetationszeiten und Wachstumsphasen ist ein so sp\u00e4ter Start nicht m\u00f6glich.<\/p>\n<p>Nun konnte nur noch ein Wunder helfen.<\/p>\n<p>Und es geschah: kurzfristig gab es einen unterschriftsreifen Vertrag und am 26.4.16 eine Sondersitzung des Ortsrates, in dem der Palettengarten fast einstimmig beschlossen wurde (1 Enthaltung).<img loading=\"lazy\" decoding=\"async\" class=\"alignright\" src=\"http:\/\/www.letter-fit.de\/typo3temp\/pics\/acd333eb67.jpg\" alt=\"\" width=\"150\" height=\"113\" border=\"0\" \/><\/p>\n<\/div>\n<\/div>\n<\/div>\n","protected":false},"excerpt":{"rendered":"<p>E\u00dfbare Stadt \u2013 Palettengarten vor dem Alten Rathaus 2016 Der Verein hatte die Idee, das Beet (ehemaliger Teich) vor dem Alten Rathaus farbenfroh zu gestalten mit e\u00dfbaren Blumen, Kr\u00e4utern und Gem\u00fcse. Da die Fl\u00e4che verkauft und bebaut werden soll und das Beet vor Hunden gesch\u00fctzt sein soll, wurde am 10.2.16 die Idee eines Palettengartens gew\u00e4hlt. &hellip; <\/p>\n<p class=\"link-more\"><a href=\"https:\/\/letter-fit.de\/letterfit\/index.php\/palettengarten-2016\/\" class=\"more-link\"><span class=\"screen-reader-text\">\u201ePalettengarten 2016\u201c <\/span>weiterlesen<\/a><\/p>\n","protected":false},"author":1,"featured_media":0,"parent":0,"menu_order":0,"comment_status":"closed","ping_status":"closed","template":"","meta":{"footnotes":""},"class_list":["post-1139","page","type-page","status-publish","hentry"],"post_mailing_queue_ids":[],"_links":{"self":[{"href":"https:\/\/letter-fit.de\/letterfit\/index.php\/wp-json\/wp\/v2\/pages\/1139","targetHints":{"allow":["GET"]}}],"collection":[{"href":"https:\/\/letter-fit.de\/letterfit\/index.php\/wp-json\/wp\/v2\/pages"}],"about":[{"href":"https:\/\/letter-fit.de\/letterfit\/index.php\/wp-json\/wp\/v2\/types\/page"}],"author":[{"embeddable":true,"href":"https:\/\/letter-fit.de\/letterfit\/index.php\/wp-json\/wp\/v2\/users\/1"}],"replies":[{"embeddable":true,"href":"https:\/\/letter-fit.de\/letterfit\/index.php\/wp-json\/wp\/v2\/comments?post=1139"}],"version-history":[{"count":1,"href":"https:\/\/letter-fit.de\/letterfit\/index.php\/wp-json\/wp\/v2\/pages\/1139\/revisions"}],"predecessor-version":[{"id":1140,"href":"https:\/\/letter-fit.de\/letterfit\/index.php\/wp-json\/wp\/v2\/pages\/1139\/revisions\/1140"}],"wp:attachment":[{"href":"https:\/\/letter-fit.de\/letterfit\/index.php\/wp-json\/wp\/v2\/media?parent=1139"}],"curies":[{"name":"wp","href":"https:\/\/api.w.org\/{rel}","templated":true}]}}