{"id":1117,"date":"2017-09-17T19:45:37","date_gmt":"2017-09-17T17:45:37","guid":{"rendered":"http:\/\/grafmoehring.de\/letter-fit\/?page_id=1117"},"modified":"2021-03-16T13:49:04","modified_gmt":"2021-03-16T12:49:04","slug":"regelmaessige-termine","status":"publish","type":"page","link":"https:\/\/letter-fit.de\/letterfit\/index.php\/regelmaessige-termine\/","title":{"rendered":"Regelm\u00e4\u00dfige Termine"},"content":{"rendered":"<div class=\"csc-header csc-header-n1\">\n<h1 class=\"csc-firstHeader\">*** entfallen derzeit wegen Raummangel ***<\/h1>\n<\/div>\n<p class=\"bodytext\"><strong><em>Offenes Kaffeetrinken<\/em><\/strong><br \/>\n<em>Mittwochs 15:30 bis 17 Uhr im Letter-Treff<br \/>\n<\/em>Hier ist Raum f\u00fcr jeden, der Gesellschaft sucht, Ideen f\u00fcr das SozialeStadt Projekt entwickeln und umsetzen will, der neue Leute kennenlernen m\u00f6chte, der&nbsp;Informationen \u00fcber letter, das Leben in Letter, das SozialeStadt Projekt \u201eLetter \u2013 fit f\u00fcr die Zukunft\u201c sucht&nbsp;&nbsp;etc.<\/p>\n<p class=\"bodytext\"><em><strong>Vertrauensb\u00fccherei<br \/>\n<\/strong>beim offenen Kaffeetrinken mittwochs 15-17 Uhr&nbsp;und bei Veranstaltungen im Letter-Treff&nbsp;k\u00f6nnen B\u00fccher kostenlos ausgeliehen werden<\/em>.<br \/>\nIm Vertrauen darauf, da\u00df die B\u00fccher wieder zur\u00fcckgebracht werden, kann man sie ohne Leihschein mitnehmen. Mit den ausliegenden Ausleihb\u00fcchern wollen wir dokumentieren, wie stark die B\u00fccherei genutzt wird.<\/p>\n<p class=\"bodytext\"><strong><em>Spielenachmittag f\u00fcr Kinder ab 8\/10 Jahre mit parallelem Elterncafe<\/em><\/strong><br \/>\n<em>jeden 1. Montag im Monat 16-18 Uhr im Letter-Treff<br \/>\n<\/em>Brettspiele f\u00fcr \u00e4ltere Kinder stehen auf dem Programm, es k\u00f6nnen eigene Spiele mitgebracht werden.<br \/>\nEltern, die die Kinder begleiten, k\u00f6nnen in einem separaten Raum beim Kaffee (oder Tee) zusammen sitzen.<\/p>\n<p class=\"bodytext\"><em><strong>Brettspiele f\u00fcr Erwachsene<\/strong><\/em> (jetzt im Kursana selbstorganisiert)<br \/>\n<em>jeden 1. und 3. Freitag im Monat ab 19 Uhr (open end) im Letter-Treff<br \/>\n<\/em>Brettspiele&nbsp; stehen auf dem Programm, eine gro\u00dfe Auswahl steht bereit. Es k\u00f6nnen eigene Spiele mitgebracht werden.<\/p>\n<p class=\"bodytext\"><em><strong>Bilderbuchkino mit Elterncafe<br \/>\n<\/strong>f\u00fcr Kinder ab 3-4 Jahren, jeden 2. Montag im Monat von 16:30 Uhr bis 17 Uhr im Letter-Treff<br \/>\n<\/em>Es werden 2 Bilderb\u00fccher vorgelesen und die zugeh\u00f6rigen Bilder an die Wand projeziert.<br \/>\nEltern, die die Kinder begleiten, k\u00f6nnen in einem separaten Raum beim Kaffee (oder Tee) zusammen sitzen.<\/p>\n<p class=\"bodytext\"><em><strong>Literaturkreis<br \/>\n<\/strong>jeden 2. Freitag im Monat von 18-19:30 Uhr im Letter-Treff<br \/>\n<\/em>Es werden Gedichte und Geschichten aus der Literatur von gestern und heute vorgetragen, auch selbstgeschriebenes. Dazu gibt es Kaffee und Tee. Wer mag, kann eigene Geschichten mitbringen und vorlesen.<\/p>\n<p class=\"bodytext\"><em><strong>Sprechstunde<br \/>\n<\/strong>Mittwochs 15:00 \u2013 16:00 Uhr im Letter-Treff (au\u00dfer in den Ferien)<\/em><\/p>\n<p class=\"bodytext\"><em><strong>AG-Sitzung Koordinierungskreis<br \/>\n<\/strong>jeder 2. Dienstag im Monat um 19:30 Uhr im Letter-Treff<br \/>\n<\/em>Hier werden Projekte und Ideen f\u00fcr Letter im Rahmen des SozialeStadt Projektes \u201eLetter \u2013 fit f\u00fcr die Zukunft\u201c entwickelt, die Umsetzung geplant bzw. begleitet und mit angepackt. Jeder, der etwas f\u00fcr seinen Stadtteil tun m\u00f6chte, ist herzlich willkommen.<\/p>\n<p class=\"bodytext\"><em>Alle Angebote sind kostenlos. F\u00fcr Getr\u00e4nke und&nbsp;Material wird um eine Spende gebeten.&nbsp;<\/em><\/p>\n<div class=\"csc-header csc-header-n2\">\n<h1>unregelm\u00e4\u00dfig, ohne festen Termin<\/h1>\n<\/div>\n<ul>\n<li><em><strong>Vorlesezelt auf dem Spielplatz Gerhart-Hauptmann-Stra\u00dfe<\/strong><\/em><\/li>\n<li><strong><em>Basteln<\/em><\/strong><\/li>\n<li><strong><em>mobile kinderbuchausleihe<\/em><\/strong><\/li>\n<li><strong><em>Ferienpa\u00dfaktion<\/em><\/strong><\/li>\n<\/ul>\n<p class=\"bodytext\"><strong>Bitte Terminank\u00fcndigungen in der Presse oder unter \u201eAktuelles\u201c beachten.<\/strong><\/p>\n","protected":false},"excerpt":{"rendered":"<p>*** entfallen derzeit wegen Raummangel *** Offenes Kaffeetrinken Mittwochs 15:30 bis 17 Uhr im Letter-Treff Hier ist Raum f\u00fcr jeden, der Gesellschaft sucht, Ideen f\u00fcr das SozialeStadt Projekt entwickeln und umsetzen will, der neue Leute kennenlernen m\u00f6chte, der&nbsp;Informationen \u00fcber letter, das Leben in Letter, das SozialeStadt Projekt \u201eLetter \u2013 fit f\u00fcr die Zukunft\u201c sucht&nbsp;&nbsp;etc. Vertrauensb\u00fccherei &hellip; <\/p>\n<p class=\"link-more\"><a href=\"https:\/\/letter-fit.de\/letterfit\/index.php\/regelmaessige-termine\/\" class=\"more-link\"><span class=\"screen-reader-text\">\u201eRegelm\u00e4\u00dfige Termine\u201c <\/span>weiterlesen<\/a><\/p>\n","protected":false},"author":1,"featured_media":0,"parent":0,"menu_order":0,"comment_status":"closed","ping_status":"closed","template":"","meta":{"footnotes":""},"class_list":["post-1117","page","type-page","status-publish","hentry"],"post_mailing_queue_ids":[],"_links":{"self":[{"href":"https:\/\/letter-fit.de\/letterfit\/index.php\/wp-json\/wp\/v2\/pages\/1117","targetHints":{"allow":["GET"]}}],"collection":[{"href":"https:\/\/letter-fit.de\/letterfit\/index.php\/wp-json\/wp\/v2\/pages"}],"about":[{"href":"https:\/\/letter-fit.de\/letterfit\/index.php\/wp-json\/wp\/v2\/types\/page"}],"author":[{"embeddable":true,"href":"https:\/\/letter-fit.de\/letterfit\/index.php\/wp-json\/wp\/v2\/users\/1"}],"replies":[{"embeddable":true,"href":"https:\/\/letter-fit.de\/letterfit\/index.php\/wp-json\/wp\/v2\/comments?post=1117"}],"version-history":[{"count":3,"href":"https:\/\/letter-fit.de\/letterfit\/index.php\/wp-json\/wp\/v2\/pages\/1117\/revisions"}],"predecessor-version":[{"id":2562,"href":"https:\/\/letter-fit.de\/letterfit\/index.php\/wp-json\/wp\/v2\/pages\/1117\/revisions\/2562"}],"wp:attachment":[{"href":"https:\/\/letter-fit.de\/letterfit\/index.php\/wp-json\/wp\/v2\/media?parent=1117"}],"curies":[{"name":"wp","href":"https:\/\/api.w.org\/{rel}","templated":true}]}}