{"id":1094,"date":"2017-09-17T19:16:03","date_gmt":"2017-09-17T17:16:03","guid":{"rendered":"http:\/\/grafmoehring.de\/letter-fit\/?page_id=1094"},"modified":"2021-03-17T15:12:04","modified_gmt":"2021-03-17T14:12:04","slug":"links","status":"publish","type":"page","link":"https:\/\/letter-fit.de\/letterfit\/index.php\/links\/","title":{"rendered":"Links"},"content":{"rendered":"<div class=\"entry-content\">\n<h1><strong>Soziale Stadt: Letter-fit f\u00fcr die Zukunft<\/strong><\/h1>\n<h4><a href=\"https:\/\/seelze.de\/buergernah\/rathaus\/was-erledige-ich-wo\/sanierungsprojekt-soziale-stadt-letter-fit-fr-die-zukunft\">Offizielle Seite der Stadt Seelze mit Abschlu\u00dfbericht<\/a><\/h4>\n<h4><img loading=\"lazy\" decoding=\"async\" class=\"wp-image-454 size-full aligncenter\" src=\"http:\/\/letter-fit.de\/letterfit\/wp-content\/uploads\/2017\/03\/1b7333abf3.jpg\" alt=\"\" width=\"100\" height=\"85\" \/><\/h4>\n<h4>myheimat<\/h4>\n<p><a href=\"https:\/\/www.myheimat.de\/gruppen\/letter-fit-miteinander-fuereinander-ev-1587.html\/action\/page\/2\/#paginaTop\"><img loading=\"lazy\" decoding=\"async\" class=\"aligncenter wp-image-455 size-full\" src=\"http:\/\/letter-fit.de\/letterfit\/wp-content\/uploads\/2017\/03\/ad3ef41bb7.jpg\" alt=\"\" width=\"50\" height=\"57\" \/><\/a><\/p>\n<h4>SozialeStadt Garbsen<\/h4>\n<p><a href=\"http:\/\/www.garbsen.de\/portal\/seiten\/soziale-stadt-auf-der-horst-904000152-21200.html?s_sprache=de&amp;rubrik=904000011\">Gebiete Auf der Horst<\/a><\/p>\n<div class=\"csc-header csc-header-n4\">\n<h4>Landesarbeitsgemeinschaft Soziale Brennpunkte Nds. e.V.<\/h4>\n<p><a href=\"http:\/\/www.lag-nds.de\/\"><img loading=\"lazy\" decoding=\"async\" class=\"wp-image-456 size-medium aligncenter\" src=\"http:\/\/letter-fit.de\/letterfit\/wp-content\/uploads\/2017\/03\/5f62b8eecb-300x38.gif\" alt=\"\" width=\"300\" height=\"38\" \/><\/a><\/p>\n<\/div>\n<h4>Soziale Stadt<\/h4>\n<p><a href=\"https:\/\/www.staedtebaufoerderung.info\/StBauF\/DE\/Programm\/SozialeStadt\/soziale_stadt_node.html\"><img loading=\"lazy\" decoding=\"async\" class=\"aligncenter wp-image-457 size-full\" src=\"http:\/\/letter-fit.de\/letterfit\/wp-content\/uploads\/2017\/03\/6b27c8e000.gif\" alt=\"\" width=\"100\" height=\"75\" \/><\/a><\/p>\n<div class=\"csc-header csc-header-n6\">\n<h4>Stiftung mitarbeit<\/h4>\n<p><em>Nur wenn m\u00f6glichst viele B\u00fcrgerinnen und B\u00fcrger bereit sind, sich aktiv einzumischen und Mitverantwortung zu \u00fcbernehmen, kann Demokratie lebendig werden.<\/em>Die Demokratieentwicklung von unten.<\/p>\n<p><a href=\"http:\/\/www.mitarbeit.de\/wirueberuns.html\"><img loading=\"lazy\" decoding=\"async\" class=\"aligncenter wp-image-458 size-full\" src=\"http:\/\/letter-fit.de\/letterfit\/wp-content\/uploads\/2017\/03\/995fcfb742.jpg\" alt=\"\" width=\"100\" height=\"78\" \/><\/a><\/p>\n<div class=\"csc-header csc-header-n7\">\n<h4>Wegweiser B\u00fcrgergesellschaft<\/h4>\n<p><a href=\"http:\/\/www.buergergesellschaft.de\/\"><img loading=\"lazy\" decoding=\"async\" class=\"aligncenter wp-image-462 size-full\" src=\"http:\/\/letter-fit.de\/letterfit\/wp-content\/uploads\/2017\/03\/20c73a2984.gif\" alt=\"\" width=\"150\" height=\"38\" \/><\/a><\/p>\n<\/div>\n<\/div>\n<div class=\"csc-header csc-header-n8\">\n<h4><\/h4>\n<h4>Niedersachsenpreis f\u00fcr B\u00fcrgerengagement<\/h4>\n<p><a href=\"http:\/\/www.unbezahlbarundfreiwillig.de\/\"><img loading=\"lazy\" decoding=\"async\" class=\"aligncenter wp-image-466 size-full\" src=\"http:\/\/letter-fit.de\/letterfit\/wp-content\/uploads\/2017\/03\/f2dfceb6c5.jpg\" alt=\"\" width=\"100\" height=\"107\" \/><\/a><\/p>\n<\/div>\n<div class=\"csc-header csc-header-n9\">\n<h4><a href=\"http:\/\/www.ehrenamt.de\/\">Akademie f\u00fcr Ehrenamtlichkeit<\/a><\/h4>\n<\/div>\n<div class=\"csc-header csc-header-n10\">\n<h4>Die Gesellschafter<\/h4>\n<\/div>\n<p><a href=\"http:\/\/diegesellschafter.de\/\"><img loading=\"lazy\" decoding=\"async\" class=\"aligncenter wp-image-467 size-full\" src=\"http:\/\/letter-fit.de\/letterfit\/wp-content\/uploads\/2017\/03\/6f024d6722.jpg\" alt=\"\" width=\"150\" height=\"107\" \/><\/a><\/p>\n<div class=\"csc-header csc-header-n11\">\n<h4>Nieders\u00e4chsische Landestreuhandstelle (LTS)<\/h4>\n<\/div>\n<p><a href=\"http:\/\/www.lts-nds.de\/\"><img loading=\"lazy\" decoding=\"async\" class=\"aligncenter wp-image-469 size-full\" src=\"http:\/\/letter-fit.de\/letterfit\/wp-content\/uploads\/2017\/03\/a0e6e283b5.gif\" alt=\"\" width=\"200\" height=\"94\" \/><\/a><\/p>\n<div class=\"csc-header csc-header-n12\">\n<h4>Freiwilligenzentrum Hannover<\/h4>\n<\/div>\n<p><a href=\"http:\/\/www.freiwilligenzentrum-hannover.de\/\"><img loading=\"lazy\" decoding=\"async\" class=\"aligncenter wp-image-470 size-full\" src=\"http:\/\/letter-fit.de\/letterfit\/wp-content\/uploads\/2017\/03\/73fe0d9668.jpg\" alt=\"\" width=\"200\" height=\"68\" \/><\/a><\/p>\n<div class=\"csc-header csc-header-n13\">\n<h4>Landesfrauenrat Niedersachsen e.V.<\/h4>\n<\/div>\n<p><a href=\"http:\/\/landesfrauenrat-nds.de\/\"><img loading=\"lazy\" decoding=\"async\" class=\"aligncenter wp-image-472 size-medium\" src=\"http:\/\/letter-fit.de\/letterfit\/wp-content\/uploads\/2017\/03\/75c37843d1-300x33.gif\" alt=\"\" width=\"300\" height=\"33\" \/><\/a><\/p>\n<h4>BOD<\/h4>\n<p><a href=\"https:\/\/www.bod.de\/index.php?id=1132&amp;objk_id=188288\"><img loading=\"lazy\" decoding=\"async\" class=\"aligncenter wp-image-473 size-full\" src=\"http:\/\/letter-fit.de\/letterfit\/wp-content\/uploads\/2017\/03\/BoD-Button.gif\" alt=\"\" width=\"71\" height=\"39\" \/><\/a><\/p>\n<\/div>\n","protected":false},"excerpt":{"rendered":"<p>Soziale Stadt: Letter-fit f\u00fcr die Zukunft Offizielle Seite der Stadt Seelze mit Abschlu\u00dfbericht myheimat SozialeStadt Garbsen Gebiete Auf der Horst Landesarbeitsgemeinschaft Soziale Brennpunkte Nds. e.V. Soziale Stadt Stiftung mitarbeit Nur wenn m\u00f6glichst viele B\u00fcrgerinnen und B\u00fcrger bereit sind, sich aktiv einzumischen und Mitverantwortung zu \u00fcbernehmen, kann Demokratie lebendig werden.Die Demokratieentwicklung von unten. Wegweiser B\u00fcrgergesellschaft Niedersachsenpreis &hellip; <\/p>\n<p class=\"link-more\"><a href=\"https:\/\/letter-fit.de\/letterfit\/index.php\/links\/\" class=\"more-link\"><span class=\"screen-reader-text\">\u201eLinks\u201c <\/span>weiterlesen<\/a><\/p>\n","protected":false},"author":1,"featured_media":0,"parent":0,"menu_order":0,"comment_status":"closed","ping_status":"closed","template":"","meta":{"footnotes":""},"class_list":["post-1094","page","type-page","status-publish","hentry"],"post_mailing_queue_ids":[],"_links":{"self":[{"href":"https:\/\/letter-fit.de\/letterfit\/index.php\/wp-json\/wp\/v2\/pages\/1094","targetHints":{"allow":["GET"]}}],"collection":[{"href":"https:\/\/letter-fit.de\/letterfit\/index.php\/wp-json\/wp\/v2\/pages"}],"about":[{"href":"https:\/\/letter-fit.de\/letterfit\/index.php\/wp-json\/wp\/v2\/types\/page"}],"author":[{"embeddable":true,"href":"https:\/\/letter-fit.de\/letterfit\/index.php\/wp-json\/wp\/v2\/users\/1"}],"replies":[{"embeddable":true,"href":"https:\/\/letter-fit.de\/letterfit\/index.php\/wp-json\/wp\/v2\/comments?post=1094"}],"version-history":[{"count":5,"href":"https:\/\/letter-fit.de\/letterfit\/index.php\/wp-json\/wp\/v2\/pages\/1094\/revisions"}],"predecessor-version":[{"id":2624,"href":"https:\/\/letter-fit.de\/letterfit\/index.php\/wp-json\/wp\/v2\/pages\/1094\/revisions\/2624"}],"wp:attachment":[{"href":"https:\/\/letter-fit.de\/letterfit\/index.php\/wp-json\/wp\/v2\/media?parent=1094"}],"curies":[{"name":"wp","href":"https:\/\/api.w.org\/{rel}","templated":true}]}}