{"id":1090,"date":"2017-09-17T19:15:19","date_gmt":"2017-09-17T17:15:19","guid":{"rendered":"http:\/\/grafmoehring.de\/letter-fit\/?page_id=1090"},"modified":"2025-11-12T22:25:45","modified_gmt":"2025-11-12T21:25:45","slug":"downloads","status":"publish","type":"page","link":"https:\/\/letter-fit.de\/letterfit\/index.php\/downloads\/","title":{"rendered":"Downloads"},"content":{"rendered":"<div class=\"csc-header csc-header-n1\">\r\n<h1>Brosch\u00fcre &#8222;Was ist los in Letter?&#8220; 2025<\/h1>\r\nZum 20-j\u00f6hrigen Vereinsjubil\u00e4um gibt es eine Neuauflage der Brosch\u00fcre &#8222;Was ist los in Letter?&#8220;. Diese wurde durch Spender m\u00f6glich\r\n\r\n<a href=\"https:\/\/letter-fit.de\/letterfit\/wp-content\/uploads\/2025\/03\/Broschuere.pdf\">Brosch\u00fcre<\/a>\r\n\r\nErg\u00e4nzung bei Festen und Veranstaltungen:\r\nSamstag vor Ostern, ab ca. 17:30 Osterfeuer am Wisenweg\r\n\r\nKorrektur:\r\n<span style=\"font-size: 1rem;\">St\u00f6rungsnummer Stra\u00dfenbeleuchtung Avacon Gehrden Tel Nr 08000282266<\/span>\r\n\r\n&nbsp;\r\n<h1>Lebendiger Adventskalender 2025<\/h1>\r\n<a href=\"https:\/\/letter-fit.de\/letterfit\/wp-content\/uploads\/2025\/11\/Flyer-Adventskalender-Druckdatei-fa.pdf\">Flyer Adventskalender &#8211; Druckdatei &#8211; fa<\/a>\r\n<h1>Lebendiger Adventskalender 2024<\/h1>\r\n<a href=\"https:\/\/letter-fit.de\/letterfit\/wp-content\/uploads\/2024\/11\/Flyer-Adventskalender-Druckdatei-fa-1.pdf\">Flyer Adventskalender &#8211; Druckdatei &#8211; fa<\/a>\r\n<h1>Lebendiger Adventskalender 2023<\/h1>\r\n<a href=\"https:\/\/letter-fit.de\/letterfit\/wp-content\/uploads\/2023\/11\/Flyer-Adventskalender-Druckdatei-fa-1.pdf\">Flyer Adventskalender &#8211; Druckdatei &#8211; fa<\/a>\r\n<h1>Lebendiger Adventskalender 2022<\/h1>\r\n<a href=\"https:\/\/letter-fit.de\/letterfit\/wp-content\/uploads\/2022\/11\/Flyer-Adventskalender-Druckdatei-fa.pdf\">Flyer Adventskalender &#8211; Druckdatei &#8211; fa<\/a>\r\n<h1>Umgestaltung Hannoversche Stra\u00dfe zwischen Letter und Seelze<\/h1>\r\n<a href=\"https:\/\/letter-fit.de\/letterfit\/wp-content\/uploads\/2022\/10\/211011_K-356_Letter_Ortsratpraesentation.pdf\">211011_K-356_Letter_Ortsratpr\u00e4sentation<\/a>\r\n\r\n<a href=\"https:\/\/letter-fit.de\/letterfit\/wp-content\/uploads\/2022\/10\/Anfrage-ABU-01.11.2021.pdf\">Anfrage ABU 01.11.2021<\/a>\r\n\r\n<a href=\"https:\/\/letter-fit.de\/letterfit\/wp-content\/uploads\/2022\/10\/HEM-Netto.pdf\">HEM-Netto<\/a>\r\n<h1>Unterschriftensammlung f\u00fcr den Erhalt des Offenen B\u00fccherschrankes (Abgabe bis 30.9.22 &#8211; am 6.10.22 im Rat 565 Unterschriften \u00fcberreicht)<\/h1>\r\n<a href=\"https:\/\/letter-fit.de\/letterfit\/wp-content\/uploads\/2022\/08\/Unterschriftensammlung-Buecherschrank.pdf\">Unterschriftensammlung B\u00fccherschrank<\/a>\r\n\r\nVertr\u00e4ge und Vereinbarungen zum B\u00fccherschrank\r\n\r\n<a href=\"https:\/\/letter-fit.de\/letterfit\/wp-content\/uploads\/2022\/09\/Gestattungsvertrag-Buecherschrank-.pdf\">Gestattungsvertrag B\u00fccherschrank\u00a0\u00a0<\/a>\r\n<a href=\"https:\/\/letter-fit.de\/letterfit\/wp-content\/uploads\/2022\/09\/Ergaenzung-Gestattungsvertrag-vom-11.6.22.pdf\">Erg\u00e4nzung Gestattungsvertrag vom 11.6.22<\/a>\r\n<h1>Fotokampagne &#8211; an den Rat vom 27.5.21<\/h1>\r\n<a href=\"https:\/\/letter-fit.de\/letterfit\/wp-content\/uploads\/2021\/05\/An-den-Rat-27.5.21.pdf\">An den Rat 27.5.21 herunterladen<\/a>\r\n\r\n<\/div>\r\n&nbsp;\r\n\r\n<!-- \/wp:post-content -->","protected":false},"excerpt":{"rendered":"<p>Brosch\u00fcre &#8222;Was ist los in Letter?&#8220; 2025 Zum 20-j\u00f6hrigen Vereinsjubil\u00e4um gibt es eine Neuauflage der Brosch\u00fcre &#8222;Was ist los in Letter?&#8220;. Diese wurde durch Spender m\u00f6glich Brosch\u00fcre Erg\u00e4nzung bei Festen und Veranstaltungen: Samstag vor Ostern, ab ca. 17:30 Osterfeuer am Wisenweg Korrektur: St\u00f6rungsnummer Stra\u00dfenbeleuchtung Avacon Gehrden Tel Nr 08000282266 &nbsp; Lebendiger Adventskalender 2025 Flyer Adventskalender &hellip; <\/p>\n<p class=\"link-more\"><a href=\"https:\/\/letter-fit.de\/letterfit\/index.php\/downloads\/\" class=\"more-link\"><span class=\"screen-reader-text\">\u201eDownloads\u201c <\/span>weiterlesen<\/a><\/p>\n","protected":false},"author":1,"featured_media":0,"parent":0,"menu_order":0,"comment_status":"closed","ping_status":"closed","template":"","meta":{"footnotes":""},"class_list":["post-1090","page","type-page","status-publish","hentry"],"post_mailing_queue_ids":[],"_links":{"self":[{"href":"https:\/\/letter-fit.de\/letterfit\/index.php\/wp-json\/wp\/v2\/pages\/1090","targetHints":{"allow":["GET"]}}],"collection":[{"href":"https:\/\/letter-fit.de\/letterfit\/index.php\/wp-json\/wp\/v2\/pages"}],"about":[{"href":"https:\/\/letter-fit.de\/letterfit\/index.php\/wp-json\/wp\/v2\/types\/page"}],"author":[{"embeddable":true,"href":"https:\/\/letter-fit.de\/letterfit\/index.php\/wp-json\/wp\/v2\/users\/1"}],"replies":[{"embeddable":true,"href":"https:\/\/letter-fit.de\/letterfit\/index.php\/wp-json\/wp\/v2\/comments?post=1090"}],"version-history":[{"count":31,"href":"https:\/\/letter-fit.de\/letterfit\/index.php\/wp-json\/wp\/v2\/pages\/1090\/revisions"}],"predecessor-version":[{"id":3442,"href":"https:\/\/letter-fit.de\/letterfit\/index.php\/wp-json\/wp\/v2\/pages\/1090\/revisions\/3442"}],"wp:attachment":[{"href":"https:\/\/letter-fit.de\/letterfit\/index.php\/wp-json\/wp\/v2\/media?parent=1090"}],"curies":[{"name":"wp","href":"https:\/\/api.w.org\/{rel}","templated":true}]}}