{"id":10,"date":"2017-03-02T10:46:30","date_gmt":"2017-03-02T10:46:30","guid":{"rendered":"http:\/\/grafmoehring.de\/letter-fit\/?page_id=10"},"modified":"2024-09-10T15:14:41","modified_gmt":"2024-09-10T13:14:41","slug":"home","status":"publish","type":"page","link":"https:\/\/letter-fit.de\/letterfit\/","title":{"rendered":"Home"},"content":{"rendered":"<p>Willkommen bei Letter-Fit<\/p>\n<p>Unter Aktuelles\/2024 finden sich die aktuellen Infos (auch die Infos der vergangenen Jahre sind unter Aktuelles zu finden)<\/p>\n<p>Unter Termine\/Regelm\u00e4\u00dfige Termine Verein finden sich die Kontaktm\u00f6glichkeiten und regelm\u00e4\u00dfigen Angebote des Vereins, unter Termine die Jahres\u00fcbersicht des aktuellen Jahres.<\/p>\n<p>Unter Doku erh\u00e4lt man einen Eindruck \u00fcber die Vereinsaktivit\u00e4ten der Vergangenheit, unter Jahresberichte\/Fotoberichte eine Fotoauswahl des jeweiligen Jahres.<\/p>\n<p>Unter Galerie gibt es Fotos zu Aktivit\u00e4ten des Vereins.<\/p>\n<p>Bitte benutzen Sie auf dieser Website kein Ad-Block, da keine Werbung geschaltet wird und dadurch manchmal Funktionen der Website blockiert werden!<\/p>\n","protected":false},"excerpt":{"rendered":"<p>Willkommen bei Letter-Fit Unter Aktuelles\/2024 finden sich die aktuellen Infos (auch die Infos der vergangenen Jahre sind unter Aktuelles zu finden) Unter Termine\/Regelm\u00e4\u00dfige Termine Verein finden sich die Kontaktm\u00f6glichkeiten und regelm\u00e4\u00dfigen Angebote des Vereins, unter Termine die Jahres\u00fcbersicht des aktuellen Jahres. Unter Doku erh\u00e4lt man einen Eindruck \u00fcber die Vereinsaktivit\u00e4ten der Vergangenheit, unter Jahresberichte\/Fotoberichte eine &hellip; <\/p>\n<p class=\"link-more\"><a href=\"https:\/\/letter-fit.de\/letterfit\/\" class=\"more-link\"><span class=\"screen-reader-text\">\u201eHome\u201c <\/span>weiterlesen<\/a><\/p>\n","protected":false},"author":1,"featured_media":0,"parent":0,"menu_order":0,"comment_status":"closed","ping_status":"closed","template":"","meta":{"footnotes":""},"class_list":["post-10","page","type-page","status-publish","hentry"],"post_mailing_queue_ids":[],"_links":{"self":[{"href":"https:\/\/letter-fit.de\/letterfit\/index.php\/wp-json\/wp\/v2\/pages\/10","targetHints":{"allow":["GET"]}}],"collection":[{"href":"https:\/\/letter-fit.de\/letterfit\/index.php\/wp-json\/wp\/v2\/pages"}],"about":[{"href":"https:\/\/letter-fit.de\/letterfit\/index.php\/wp-json\/wp\/v2\/types\/page"}],"author":[{"embeddable":true,"href":"https:\/\/letter-fit.de\/letterfit\/index.php\/wp-json\/wp\/v2\/users\/1"}],"replies":[{"embeddable":true,"href":"https:\/\/letter-fit.de\/letterfit\/index.php\/wp-json\/wp\/v2\/comments?post=10"}],"version-history":[{"count":17,"href":"https:\/\/letter-fit.de\/letterfit\/index.php\/wp-json\/wp\/v2\/pages\/10\/revisions"}],"predecessor-version":[{"id":3277,"href":"https:\/\/letter-fit.de\/letterfit\/index.php\/wp-json\/wp\/v2\/pages\/10\/revisions\/3277"}],"wp:attachment":[{"href":"https:\/\/letter-fit.de\/letterfit\/index.php\/wp-json\/wp\/v2\/media?parent=10"}],"curies":[{"name":"wp","href":"https:\/\/api.w.org\/{rel}","templated":true}]}}